{"id":73512,"date":"2025-07-28T23:31:52","date_gmt":"2025-07-28T23:31:52","guid":{"rendered":"https:\/\/fv6qoy3ls0.wpdns.site\/product\/cargador-usb-dual-patona-para-2x-nikon-en-el15\/"},"modified":"2026-04-25T08:48:04","modified_gmt":"2026-04-25T07:48:04","slug":"patona-cargador-usb-dual-patona-para-2x-nikon-en-el15","status":"publish","type":"product","link":"https:\/\/hi-techwonder.com\/es\/producto\/patona-cargador-usb-dual-patona-para-2x-nikon-en-el15\/","title":{"rendered":"PATONA Cargador USB dual para 2x Nikon EN-EL15"},"content":{"rendered":"<p><span style=\"font-size: small\"><span style=\"text-decoration: underline\"><strong>Funciones:  <\/strong><\/span><\/span><\/p>\n<ul>\n<li><span style=\"font-size: small\">Carga 2 bater\u00edas al mismo tiempo<\/span><\/li>\n<li><span style=\"font-size: small\">Entrada micro USB<\/span><\/li>\n<li><span style=\"font-size: small\">Sistema de corte autom\u00e1tico<\/span><\/li>\n<li><span style=\"font-size: small\">Dimensiones 11,5 x 7 x 1,9 cm<\/span><\/li>\n<li><span style=\"font-size: small\">Entrada: DC 5V \/ 2.1A<\/span><\/li>\n<li><span style=\"font-size: small\">Salida: CC 4,2 V\/730 mA x1\/730 mA x2 (CH1\/CH2)<\/span><\/li>\n<\/ul>\n<p><span style=\"font-size: small\">&nbsp;<\/span><\/p>\n<p style=\"text-align: justify\"><span style=\"font-size: small\">Este cargador de bater\u00eda es dual, lo que le permite cargar hasta 2 bater\u00edas al mismo tiempo. Es ideal para viajes o uso profesional, debido a su rendimiento y dise\u00f1o compacto. <\/span><\/p>\n<p style=\"text-align: justify\"><span style=\"font-size: small\">Puede alimentarlo f\u00e1cilmente a trav\u00e9s de la entrada micro USB disponible y el cable incluido en el paquete. El sistema de corte autom\u00e1tico integrado evita la sobrecarga de las bater\u00edas. <\/p>\n<p><span style=\"text-decoration: underline\"><strong>Bater\u00edas compatibles:<\/strong><br \/><\/span><\/span><\/p>\n<ul>\n<li><span style=\"font-size: small\">Nikon EN-EL15 ENEL15<\/span><\/li>\n<\/ul>\n<p><span style=\"font-size: small\"><br \/><span style=\"text-decoration: underline\"><strong>Contenido del paquete:<\/strong><br \/><\/span><\/span><\/p>\n<ul>\n<li><span style=\"font-size: small\">1x Cargador<\/span><\/li>\n<li><span style=\"font-size: small\">1x cable USB\/micro USB<\/span><\/li>\n<\/ul>\n","protected":false},"excerpt":{"rendered":"<p>Funciones: Carga 2 bater\u00edas al mismo tiempo Entrada micro USB Sistema de corte autom\u00e1tico Dimensiones 11,5 x 7 x 1,9<\/p>\n","protected":false},"featured_media":23392,"comment_status":"closed","ping_status":"closed","template":"","meta":{"_acf_changed":false},"product_brand":[2564],"product_cat":[870],"product_tag":[],"class_list":{"0":"post-73512","1":"product","2":"type-product","3":"status-publish","4":"has-post-thumbnail","6":"product_brand-patona-es","7":"product_cat-nikon-cargadores","9":"first","10":"instock","11":"taxable","12":"shipping-taxable","13":"purchasable","14":"product-type-simple"},"bundled_by":[],"bundle_stock_status":"instock","bundle_stock_quantity":2,"bundle_virtual":false,"bundle_layout":"","bundle_add_to_cart_form_location":"","bundle_editable_in_cart":false,"bundle_sold_individually_context":"","bundle_item_grouping":"","bundle_min_size":"","bundle_max_size":"","bundle_price":[],"bundled_items":[],"bundle_sell_ids":[],"acf":[],"_links":{"self":[{"href":"https:\/\/hi-techwonder.com\/es\/wp-json\/wp\/v2\/product\/73512","targetHints":{"allow":["GET"]}}],"collection":[{"href":"https:\/\/hi-techwonder.com\/es\/wp-json\/wp\/v2\/product"}],"about":[{"href":"https:\/\/hi-techwonder.com\/es\/wp-json\/wp\/v2\/types\/product"}],"replies":[{"embeddable":true,"href":"https:\/\/hi-techwonder.com\/es\/wp-json\/wp\/v2\/comments?post=73512"}],"wp:featuredmedia":[{"embeddable":true,"href":"https:\/\/hi-techwonder.com\/es\/wp-json\/wp\/v2\/media\/23392"}],"wp:attachment":[{"href":"https:\/\/hi-techwonder.com\/es\/wp-json\/wp\/v2\/media?parent=73512"}],"wp:term":[{"taxonomy":"product_brand","embeddable":true,"href":"https:\/\/hi-techwonder.com\/es\/wp-json\/wp\/v2\/product_brand?post=73512"},{"taxonomy":"product_cat","embeddable":true,"href":"https:\/\/hi-techwonder.com\/es\/wp-json\/wp\/v2\/product_cat?post=73512"},{"taxonomy":"product_tag","embeddable":true,"href":"https:\/\/hi-techwonder.com\/es\/wp-json\/wp\/v2\/product_tag?post=73512"}],"curies":[{"name":"wp","href":"https:\/\/api.w.org\/{rel}","templated":true}]}}