{"id":73518,"date":"2025-07-28T23:33:30","date_gmt":"2025-07-28T23:33:30","guid":{"rendered":"https:\/\/fv6qoy3ls0.wpdns.site\/product\/cargador-dual-patona-para-2-baterias-fuji-np-w235\/"},"modified":"2026-01-31T03:49:04","modified_gmt":"2026-01-31T03:49:04","slug":"patona-cargador-dual-patona-para-2-baterias-fuji-np-w235","status":"publish","type":"product","link":"https:\/\/hi-techwonder.com\/es\/producto\/patona-cargador-dual-patona-para-2-baterias-fuji-np-w235\/","title":{"rendered":"PATONA Cargador dual para 2 bater\u00edas Fuji NP-W235"},"content":{"rendered":"<p>Cargador para dos bater\u00edas, con pantalla LCD, de Patona.<\/p>\n<p><strong>Bater\u00edas compatibles:<\/strong><br \/>Fuji NP-W235<\/p>\n<p><strong>Datos t\u00e9cnicos:<\/strong><br \/><strong>Entrada:<\/strong> Micro USB 5V \/ 2.1A (m\u00e1x.) \/ Tipo-USB-C 5V \/ 2.1A (m\u00e1x.)<br \/><strong>Salida:<\/strong> CC 8,4 V \/ 700 mAh x1 \/ 500 mAh x2<\/p>\n<p><strong>Contenido del paquete:<\/strong><br \/>1x Cargador dual Patona con LCD<br \/>1x Cable Micro-USB<\/p>\n","protected":false},"excerpt":{"rendered":"<p>Cargador para dos bater\u00edas, con pantalla LCD, de Patona. Bater\u00edas compatibles:Fuji NP-W235 Datos t\u00e9cnicos:Entrada: Micro USB 5V \/ 2.1A (m\u00e1x.)<\/p>\n","protected":false},"featured_media":23838,"comment_status":"closed","ping_status":"closed","template":"","meta":{"_acf_changed":false},"product_brand":[2564],"product_cat":[869],"product_tag":[],"class_list":{"0":"post-73518","1":"product","2":"type-product","3":"status-publish","4":"has-post-thumbnail","6":"product_brand-patona-es","7":"product_cat-fujifilm-cargadores","9":"first","10":"onbackorder","11":"taxable","12":"shipping-taxable","13":"purchasable","14":"product-type-simple"},"bundled_by":[],"bundle_stock_status":"onbackorder","bundle_stock_quantity":null,"bundle_virtual":false,"bundle_layout":"","bundle_add_to_cart_form_location":"","bundle_editable_in_cart":false,"bundle_sold_individually_context":"","bundle_item_grouping":"","bundle_min_size":"","bundle_max_size":"","bundle_price":[],"bundled_items":[],"bundle_sell_ids":[],"acf":[],"_links":{"self":[{"href":"https:\/\/hi-techwonder.com\/es\/wp-json\/wp\/v2\/product\/73518","targetHints":{"allow":["GET"]}}],"collection":[{"href":"https:\/\/hi-techwonder.com\/es\/wp-json\/wp\/v2\/product"}],"about":[{"href":"https:\/\/hi-techwonder.com\/es\/wp-json\/wp\/v2\/types\/product"}],"replies":[{"embeddable":true,"href":"https:\/\/hi-techwonder.com\/es\/wp-json\/wp\/v2\/comments?post=73518"}],"wp:featuredmedia":[{"embeddable":true,"href":"https:\/\/hi-techwonder.com\/es\/wp-json\/wp\/v2\/media\/23838"}],"wp:attachment":[{"href":"https:\/\/hi-techwonder.com\/es\/wp-json\/wp\/v2\/media?parent=73518"}],"wp:term":[{"taxonomy":"product_brand","embeddable":true,"href":"https:\/\/hi-techwonder.com\/es\/wp-json\/wp\/v2\/product_brand?post=73518"},{"taxonomy":"product_cat","embeddable":true,"href":"https:\/\/hi-techwonder.com\/es\/wp-json\/wp\/v2\/product_cat?post=73518"},{"taxonomy":"product_tag","embeddable":true,"href":"https:\/\/hi-techwonder.com\/es\/wp-json\/wp\/v2\/product_tag?post=73518"}],"curies":[{"name":"wp","href":"https:\/\/api.w.org\/{rel}","templated":true}]}}