{"id":73519,"date":"2025-07-28T23:31:26","date_gmt":"2025-07-28T23:31:26","guid":{"rendered":"https:\/\/fv6qoy3ls0.wpdns.site\/product\/cargador-usb-dual-patona-para-2x-canon-lp-e6-n\/"},"modified":"2026-03-30T15:12:25","modified_gmt":"2026-03-30T14:12:25","slug":"patona-cargador-usb-dual-patona-para-2x-canon-lp-e6-n","status":"publish","type":"product","link":"https:\/\/hi-techwonder.com\/es\/producto\/patona-cargador-usb-dual-patona-para-2x-canon-lp-e6-n\/","title":{"rendered":"PATONA Cargador USB dual para 2x Canon LP-E6 (N)"},"content":{"rendered":"<p><strong>Res\u00famenes<\/strong><\/p>\n<ul>\n<li>Carga 2 bater\u00edas al mismo tiempo<\/li>\n<li>Entrada micro USB<\/li>\n<li>Sistema de corte autom\u00e1tico<\/li>\n<li>Dimensiones 11,5 x 7 x 1,9 cm<\/li>\n<\/ul>\n<p>Este cargador de bater\u00edas es dual, por lo que te permite cargar hasta 2 bater\u00edas al mismo tiempo. Es ideal para viajes o uso profesional debido a su rendimiento y dise\u00f1o compacto.<br \/>El compa\u00f1ero indispensable para cualquier persona, y puedes alimentarlo f\u00e1cilmente a trav\u00e9s del puerto micro USB disponible y el cable incluido en el paquete.<br \/>El sistema de corte autom\u00e1tico integrado tambi\u00e9n evita que las bater\u00edas se sobrecarguen. <\/p>\n<p><strong>Entrada:<\/strong> CC 5V \/ 2.1A<br \/><strong>Salida:<\/strong> CC 4,2 V\/730 mA x1\/730 mA x2 (CH1\/CH2)<\/p>\n<p><strong>Bater\u00edas compatibles:<\/strong><\/p>\n<ul>\n<li>LP-E6, LPE6<\/li>\n<\/ul>\n<p><strong>Contenido del paquete:<\/strong><\/p>\n<ul>\n<li>1x Cargador<\/li>\n<li>1x cable USB\/micro USB<\/li>\n<\/ul>\n","protected":false},"excerpt":{"rendered":"<p>Res\u00famenes Carga 2 bater\u00edas al mismo tiempo Entrada micro USB Sistema de corte autom\u00e1tico Dimensiones 11,5 x 7 x 1,9<\/p>\n","protected":false},"featured_media":23276,"comment_status":"closed","ping_status":"closed","template":"","meta":{"_acf_changed":false},"product_brand":[2564],"product_cat":[867],"product_tag":[],"class_list":{"0":"post-73519","1":"product","2":"type-product","3":"status-publish","4":"has-post-thumbnail","6":"product_brand-patona-es","7":"product_cat-canon-cargadores","9":"first","10":"instock","11":"taxable","12":"shipping-taxable","13":"purchasable","14":"product-type-simple"},"bundled_by":[],"bundle_stock_status":"instock","bundle_stock_quantity":8,"bundle_virtual":false,"bundle_layout":"","bundle_add_to_cart_form_location":"","bundle_editable_in_cart":false,"bundle_sold_individually_context":"","bundle_item_grouping":"","bundle_min_size":"","bundle_max_size":"","bundle_price":[],"bundled_items":[],"bundle_sell_ids":[],"acf":[],"_links":{"self":[{"href":"https:\/\/hi-techwonder.com\/es\/wp-json\/wp\/v2\/product\/73519","targetHints":{"allow":["GET"]}}],"collection":[{"href":"https:\/\/hi-techwonder.com\/es\/wp-json\/wp\/v2\/product"}],"about":[{"href":"https:\/\/hi-techwonder.com\/es\/wp-json\/wp\/v2\/types\/product"}],"replies":[{"embeddable":true,"href":"https:\/\/hi-techwonder.com\/es\/wp-json\/wp\/v2\/comments?post=73519"}],"wp:featuredmedia":[{"embeddable":true,"href":"https:\/\/hi-techwonder.com\/es\/wp-json\/wp\/v2\/media\/23276"}],"wp:attachment":[{"href":"https:\/\/hi-techwonder.com\/es\/wp-json\/wp\/v2\/media?parent=73519"}],"wp:term":[{"taxonomy":"product_brand","embeddable":true,"href":"https:\/\/hi-techwonder.com\/es\/wp-json\/wp\/v2\/product_brand?post=73519"},{"taxonomy":"product_cat","embeddable":true,"href":"https:\/\/hi-techwonder.com\/es\/wp-json\/wp\/v2\/product_cat?post=73519"},{"taxonomy":"product_tag","embeddable":true,"href":"https:\/\/hi-techwonder.com\/es\/wp-json\/wp\/v2\/product_tag?post=73519"}],"curies":[{"name":"wp","href":"https:\/\/api.w.org\/{rel}","templated":true}]}}