{"id":73520,"date":"2025-07-28T23:32:59","date_gmt":"2025-07-28T23:32:59","guid":{"rendered":"https:\/\/fv6qoy3ls0.wpdns.site\/product\/cargador-dual-patona-para-baterias-sony-np-bx1\/"},"modified":"2026-01-31T03:49:53","modified_gmt":"2026-01-31T03:49:53","slug":"patona-cargador-dual-patona-para-baterias-sony-np-bx1","status":"publish","type":"product","link":"https:\/\/hi-techwonder.com\/es\/producto\/patona-cargador-dual-patona-para-baterias-sony-np-bx1\/","title":{"rendered":"PATONA Cargador dual para bater\u00edas Sony NP-BX1"},"content":{"rendered":"<p><strong>Cargador dual PATONA para bater\u00edas Sony NP-BX1<\/strong><\/p>\n<p>El cargador USB PATONA Sony NP-BX1 es ideal para cualquier viaje debido a su dise\u00f1o elegante y delgado. Recibir\u00e1 un producto PATONA en el que siempre podr\u00e1 confiar. La confiabilidad excepcional, la larga vida \u00fatil y el dise\u00f1o elegante har\u00e1n de su sesi\u00f3n de fotos una experiencia inolvidable.  <\/p>\n<p><strong>Datos t\u00e9cnicos:<\/strong><\/p>\n<p>Entrada: Micro USB 5V \/ 2A<\/p>\n<p>Salida: 8,4 V \/ 600 mA * 2<\/p>\n<p>Contenido de la entrega: Cargador, cable micro USB, Instrucciones<\/p>\n<p><strong>N\u00famero de modelo compatible:<\/strong><\/p>\n<p>Sony HDR-AS15, CyberShot DSC RX100, DSC RX1r, DSC RX100MII, DSC HX50V, DSC RX1, DSC HX300, DSC WX300<\/p>\n<p><strong>Compatible con las siguientes bater\u00edas:<\/strong><\/p>\n<p>Sony NP-BX1<\/p>\n","protected":false},"excerpt":{"rendered":"<p>Cargador dual PATONA para bater\u00edas Sony NP-BX1 El cargador USB PATONA Sony NP-BX1 es ideal para cualquier viaje debido a<\/p>\n","protected":false},"featured_media":23682,"comment_status":"closed","ping_status":"open","template":"","meta":{"_acf_changed":false},"product_brand":[2564],"product_cat":[874],"product_tag":[],"class_list":{"0":"post-73520","1":"product","2":"type-product","3":"status-publish","4":"has-post-thumbnail","6":"product_brand-patona-es","7":"product_cat-sony-cargadores","9":"first","10":"instock","11":"taxable","12":"shipping-taxable","13":"purchasable","14":"product-type-simple"},"bundled_by":[],"bundle_stock_status":"instock","bundle_stock_quantity":1,"bundle_virtual":false,"bundle_layout":"","bundle_add_to_cart_form_location":"","bundle_editable_in_cart":false,"bundle_sold_individually_context":"","bundle_item_grouping":"","bundle_min_size":"","bundle_max_size":"","bundle_price":[],"bundled_items":[],"bundle_sell_ids":[],"acf":[],"_links":{"self":[{"href":"https:\/\/hi-techwonder.com\/es\/wp-json\/wp\/v2\/product\/73520","targetHints":{"allow":["GET"]}}],"collection":[{"href":"https:\/\/hi-techwonder.com\/es\/wp-json\/wp\/v2\/product"}],"about":[{"href":"https:\/\/hi-techwonder.com\/es\/wp-json\/wp\/v2\/types\/product"}],"replies":[{"embeddable":true,"href":"https:\/\/hi-techwonder.com\/es\/wp-json\/wp\/v2\/comments?post=73520"}],"wp:featuredmedia":[{"embeddable":true,"href":"https:\/\/hi-techwonder.com\/es\/wp-json\/wp\/v2\/media\/23682"}],"wp:attachment":[{"href":"https:\/\/hi-techwonder.com\/es\/wp-json\/wp\/v2\/media?parent=73520"}],"wp:term":[{"taxonomy":"product_brand","embeddable":true,"href":"https:\/\/hi-techwonder.com\/es\/wp-json\/wp\/v2\/product_brand?post=73520"},{"taxonomy":"product_cat","embeddable":true,"href":"https:\/\/hi-techwonder.com\/es\/wp-json\/wp\/v2\/product_cat?post=73520"},{"taxonomy":"product_tag","embeddable":true,"href":"https:\/\/hi-techwonder.com\/es\/wp-json\/wp\/v2\/product_tag?post=73520"}],"curies":[{"name":"wp","href":"https:\/\/api.w.org\/{rel}","templated":true}]}}