{"id":73523,"date":"2025-07-28T23:31:33","date_gmt":"2025-07-28T23:31:33","guid":{"rendered":"https:\/\/fv6qoy3ls0.wpdns.site\/product\/cargador-dual-patona-para-baterias-canon-lp-e10\/"},"modified":"2026-01-31T03:51:48","modified_gmt":"2026-01-31T03:51:48","slug":"patona-cargador-dual-patona-para-baterias-canon-lp-e10","status":"publish","type":"product","link":"https:\/\/hi-techwonder.com\/es\/producto\/patona-cargador-dual-patona-para-baterias-canon-lp-e10\/","title":{"rendered":"PATONA Cargador dual para bater\u00edas Canon LP-E10"},"content":{"rendered":"<p><strong>Cargador dual PATONA para bater\u00edas Canon LP-E10<\/strong><\/p>\n<p>El cargador PATONA LP-E10, LPE10 es ideal para viajeros o usuarios de negocios, debido a su dise\u00f1o compacto y port\u00e1til. Es un compa\u00f1ero pr\u00e1ctico y confiable para todas las fotos digitales. <\/p>\n<p>Es posible cargar 2 bater\u00edas al mismo tiempo. El cargador se puede alimentar con el cable USB-C incluido con todos los puertos USB est\u00e1ndar. El sistema de apagado autom\u00e1tico evitar\u00e1 da\u00f1os en las bater\u00edas debido a la sobrecarga.  <\/p>\n<p><strong>Datos t\u00e9cnicos:<\/strong><\/p>\n<ul>\n<li>Entrada: Micro USB \/ USB-C DC 5V \/ 2.1A min.<\/li>\n<li>Salida: DC 8.4V \/ 700mA x1 \/ 500mA x2 (CH1 \/ CH2)<\/li>\n<li>Tama\u00f1o: 11.5 x 7 x 1.9 cm<\/li>\n<li>Conexiones: Micro USB\/USB-C (entrada), 2 bandejas de carga (salida)<\/li>\n<\/ul>\n<p><strong>Modelos compatibles:<\/strong><\/p>\n<p>EOS-1100D, EOS1100D, Kiss X50, EOS Rebel T3<\/p>\n<p><strong>Bater\u00eda compatible:<\/strong><\/p>\n<p>Canon LP-E10, LPE10<\/p>\n","protected":false},"excerpt":{"rendered":"<p>Cargador dual PATONA para bater\u00edas Canon LP-E10 El cargador PATONA LP-E10, LPE10 es ideal para viajeros o usuarios de negocios,<\/p>\n","protected":false},"featured_media":23328,"comment_status":"closed","ping_status":"closed","template":"","meta":{"_acf_changed":false},"product_brand":[2564],"product_cat":[867],"product_tag":[],"class_list":{"0":"post-73523","1":"product","2":"type-product","3":"status-publish","4":"has-post-thumbnail","6":"product_brand-patona-es","7":"product_cat-canon-cargadores","9":"first","10":"instock","11":"taxable","12":"shipping-taxable","13":"purchasable","14":"product-type-simple"},"bundled_by":[],"bundle_stock_status":"instock","bundle_stock_quantity":1,"bundle_virtual":false,"bundle_layout":"","bundle_add_to_cart_form_location":"","bundle_editable_in_cart":false,"bundle_sold_individually_context":"","bundle_item_grouping":"","bundle_min_size":"","bundle_max_size":"","bundle_price":[],"bundled_items":[],"bundle_sell_ids":[],"acf":[],"_links":{"self":[{"href":"https:\/\/hi-techwonder.com\/es\/wp-json\/wp\/v2\/product\/73523","targetHints":{"allow":["GET"]}}],"collection":[{"href":"https:\/\/hi-techwonder.com\/es\/wp-json\/wp\/v2\/product"}],"about":[{"href":"https:\/\/hi-techwonder.com\/es\/wp-json\/wp\/v2\/types\/product"}],"replies":[{"embeddable":true,"href":"https:\/\/hi-techwonder.com\/es\/wp-json\/wp\/v2\/comments?post=73523"}],"wp:featuredmedia":[{"embeddable":true,"href":"https:\/\/hi-techwonder.com\/es\/wp-json\/wp\/v2\/media\/23328"}],"wp:attachment":[{"href":"https:\/\/hi-techwonder.com\/es\/wp-json\/wp\/v2\/media?parent=73523"}],"wp:term":[{"taxonomy":"product_brand","embeddable":true,"href":"https:\/\/hi-techwonder.com\/es\/wp-json\/wp\/v2\/product_brand?post=73523"},{"taxonomy":"product_cat","embeddable":true,"href":"https:\/\/hi-techwonder.com\/es\/wp-json\/wp\/v2\/product_cat?post=73523"},{"taxonomy":"product_tag","embeddable":true,"href":"https:\/\/hi-techwonder.com\/es\/wp-json\/wp\/v2\/product_tag?post=73523"}],"curies":[{"name":"wp","href":"https:\/\/api.w.org\/{rel}","templated":true}]}}