{"id":73524,"date":"2025-07-28T23:27:27","date_gmt":"2025-07-28T23:27:27","guid":{"rendered":"https:\/\/fv6qoy3ls0.wpdns.site\/product\/cargador-dual-patona-con-lcd-usb-para-2x-canon-lp-e8\/"},"modified":"2026-01-31T03:57:23","modified_gmt":"2026-01-31T03:57:23","slug":"patona-cargador-dual-patona-con-lcd-usb-para-2x-canon-lp-e8","status":"publish","type":"product","link":"https:\/\/hi-techwonder.com\/es\/producto\/patona-cargador-dual-patona-con-lcd-usb-para-2x-canon-lp-e8\/","title":{"rendered":"PATONA Cargador dual con LCD USB para 2x Canon LP-E8"},"content":{"rendered":"<p>Cargador dual USB \/ LCD PATONA para Canon LP-E8<\/p>\n<p><strong>Funciones:<\/strong><\/p>\n<ul>\n<li>El cargador USB LCD dual PATONA Canon LP-E8 es ideal para cualquier viaje debido a su dise\u00f1o elegante y delgado. Es un producto PATONA de alta confiabilidad, durabilidad y dise\u00f1o elegante. <\/li>\n<li>Calidad, Certificaci\u00f3n; Patona utiliza celdas de clase A nuevas y conocidas para la producci\u00f3n de bater\u00edas (Canon, Panasonic, LG, Sanyo, etc.). Todos los art\u00edculos est\u00e1n certificados para todo el mercado europeo y est\u00e1n sujetos a estrictos controles de calidad. <\/li>\n<\/ul>\n<p><strong>Contenido del paquete:<\/strong><\/p>\n<ul>\n<li>1 x Cargador dual USB \/ LCD para Canon LP-E8<\/li>\n<li>1 x Cable USB\/Micro USB<\/li>\n<li>1 x Folleto con instrucciones<\/li>\n<\/ul>\n<p><strong>Especificaciones t\u00e9cnicas:<\/strong><\/p>\n<ul>\n<li>Entrada: Micro USB 5V \/ 2A<\/li>\n<li>Salida: 8,4 V \/ 600 mA * 2<\/li>\n<\/ul>\n<p><strong>Modelos compatibles:<\/strong><\/p>\n<ul>\n<li>Canon Canon LP-E8, 550D, 600D, 650D, 700D<\/li>\n<li>Compatible con las siguientes bater\u00edas:<\/li>\n<li>Canon LP-E8<\/li>\n<\/ul>\n","protected":false},"excerpt":{"rendered":"<p>Cargador dual USB \/ LCD PATONA para Canon LP-E8 Funciones: El cargador USB LCD dual PATONA Canon LP-E8 es ideal<\/p>\n","protected":false},"featured_media":21995,"comment_status":"closed","ping_status":"closed","template":"","meta":{"_acf_changed":false},"product_brand":[2564],"product_cat":[867],"product_tag":[],"class_list":{"0":"post-73524","1":"product","2":"type-product","3":"status-publish","4":"has-post-thumbnail","6":"product_brand-patona-es","7":"product_cat-canon-cargadores","9":"first","10":"instock","11":"taxable","12":"shipping-taxable","13":"purchasable","14":"product-type-simple"},"bundled_by":[],"bundle_stock_status":"instock","bundle_stock_quantity":1,"bundle_virtual":false,"bundle_layout":"","bundle_add_to_cart_form_location":"","bundle_editable_in_cart":false,"bundle_sold_individually_context":"","bundle_item_grouping":"","bundle_min_size":"","bundle_max_size":"","bundle_price":[],"bundled_items":[],"bundle_sell_ids":[],"acf":[],"_links":{"self":[{"href":"https:\/\/hi-techwonder.com\/es\/wp-json\/wp\/v2\/product\/73524","targetHints":{"allow":["GET"]}}],"collection":[{"href":"https:\/\/hi-techwonder.com\/es\/wp-json\/wp\/v2\/product"}],"about":[{"href":"https:\/\/hi-techwonder.com\/es\/wp-json\/wp\/v2\/types\/product"}],"replies":[{"embeddable":true,"href":"https:\/\/hi-techwonder.com\/es\/wp-json\/wp\/v2\/comments?post=73524"}],"wp:featuredmedia":[{"embeddable":true,"href":"https:\/\/hi-techwonder.com\/es\/wp-json\/wp\/v2\/media\/21995"}],"wp:attachment":[{"href":"https:\/\/hi-techwonder.com\/es\/wp-json\/wp\/v2\/media?parent=73524"}],"wp:term":[{"taxonomy":"product_brand","embeddable":true,"href":"https:\/\/hi-techwonder.com\/es\/wp-json\/wp\/v2\/product_brand?post=73524"},{"taxonomy":"product_cat","embeddable":true,"href":"https:\/\/hi-techwonder.com\/es\/wp-json\/wp\/v2\/product_cat?post=73524"},{"taxonomy":"product_tag","embeddable":true,"href":"https:\/\/hi-techwonder.com\/es\/wp-json\/wp\/v2\/product_tag?post=73524"}],"curies":[{"name":"wp","href":"https:\/\/api.w.org\/{rel}","templated":true}]}}