{"id":73525,"date":"2025-07-28T23:32:59","date_gmt":"2025-07-28T23:32:59","guid":{"rendered":"https:\/\/fv6qoy3ls0.wpdns.site\/product\/cargador-usb-patona-para-baterias-sony-np-fm-np-f\/"},"modified":"2026-01-31T03:49:55","modified_gmt":"2026-01-31T03:49:55","slug":"patona-cargador-usb-patona-para-baterias-sony-np-fm-np-f","status":"publish","type":"product","link":"https:\/\/hi-techwonder.com\/es\/producto\/patona-cargador-usb-patona-para-baterias-sony-np-fm-np-f\/","title":{"rendered":"PATONA Cargador USB para bater\u00edas SONY NP-FM\/NP-F"},"content":{"rendered":"<p><strong>Cargador USB PATONA para bater\u00edas SONY NP-F<\/strong><\/p>\n<p>El cargador micro-USB PATONA Slim es el compa\u00f1ero ideal para cualquier viaje debido a su dise\u00f1o delgado y elegante. \u00a1Recibir\u00e1s un producto PATONA en el que siempre podr\u00e1s confiar! La fiabilidad excepcional, la larga vida \u00fatil y el dise\u00f1o elegante har\u00e1n que su experiencia de disparo sea inolvidable. El cargador puede ser alimentado por el cable Micro USB suministrado. Alta seguridad a pesar de la construcci\u00f3n baja, gracias al sistema de apagado autom\u00e1tico integrado, esto evita da\u00f1os en la bater\u00eda causados por sobrecarga.    <\/p>\n<p><strong>Datos t\u00e9cnicos:<\/strong><\/p>\n<p>Entrada: DC 5V \/ 1.0A<\/p>\n<p>Salida: DC 8.4V \/ 500mA<\/p>\n<p>Dimensiones: 8,5 x 4,6 x 2,3 cm<\/p>\n<p>Contactos: Micro USB (entrada)<\/p>\n<p><strong>Bater\u00edas compatibles:<\/strong><\/p>\n<p>Sony NP-FM50, NP-QM51, NP-QM71, NP-QM91, NP-F550, NP-F750, NP-F960, NP-F970, NP-FM500, NP-FM500H<\/p>\n<p><strong>C\u00e1maras compatibles:<\/strong><\/p>\n<p>SONY Video Walkman GV-D1000<\/p>\n<p>SONY CCD-TRV (Hi8), serie CCD-TRV108, TRV118 CCD, CCD-TRV308, CCD-TRV318, CCD-TRV608<\/p>\n<p>Serie SONY DCR-DVD (DVD)<\/p>\n<p>DCR-DVD100, DCR-DVD200, DCR-DVD300<\/p>\n<p>Serie SONY DCR-PC (MiniDV)<\/p>\n<p>DCR-PC100, DCR-PC101, DCR-PC105, DCR-PC110,<\/p>\n<p>DCR-PC115, DCR-PC120BT, DCR-PC330, DCR-PC9,<\/p>\n<p>DCR-PC9E<\/p>\n<p>Serie SONY DCR-TRV (MiniDV)<\/p>\n<p>DCR-TRV10, DCR-TRV11, DCR-TRV140, DCR-TRV17, DCR-TRV18, DCR-TRV19, DCR-TRV20, DCR-TRV22,DCR-TRV22K, DCR-TRV230, DCR-TRV240, DCR-TRV245, DCR-TRV25, DCR-TRV250, DCR-TRV27, DCR-TRV30, DCR-TRV33, DCR-TRV33K, DCR-TRV330, DCR-TRV340, DCR-TRV350, DCR-TRV38, DCR-TRV39, DCR-TRV50, DCR-TRV530, DCR-TRV6, DCR-TRV70, DCR-TRV730, DCR-TRV740, DCR-TRV8, DCR-TRV80, DCR-TRV830, DCR-TRV840, DCR-TRV950<\/p>\n<p>Serie SONY DSC-F (Cyber-shot Pro)<\/p>\n<p>DSC-F707, DSC-F717<\/p>\n<p>Serie SONY DSC-S (Cyber-shot Pro)<\/p>\n<p>DSC-S30, DSC-S50, DSC-S70, DSC-S75,<\/p>\n<p>DSC-S85<\/p>\n<p>Serie SONY MVC-CD (Mavica)<\/p>\n<p>MVC-CD200, MVC-CD250, MVC-CD300, MVC-CD350,<\/p>\n<p>MVC-CD400, MVC-CD500<\/p>\n<p>SONY BC-V615, SONY DCM-M1, SONY DCR-TRU47E, SONY MVC-CD1000, SONY PLM-100, SONY VCL-ES06A<\/p>\n<p>Serie SONY CCD-TR (Hi8)<\/p>\n<p>CCD-TR1, CCD-TR200, CCD-TR215, CCD-TR3,<\/p>\n<p>CCD-TR300, CCD-TR3000, CCD-TR3300, CCD-TR416, CCD-TR500, CCD-TR516, CCD-TR517, CCD-TR57, CCD-TR555, CCD-TR67, CCD-TR716, CCD-TR76, CCD-TR818, CCD-TR87, CCD-TR910, CCD-TR917, CCD-TR930, CCD-TR940, CCD-TRT97<\/p>\n<p>Serie SONY CCD-TRV (MiniDV)<\/p>\n<p>CCD-TRV101, CCD-TRV119, CCD-TRV15, CCD-TRV16, CCD-TRV215, CCD-TRV25, CCD-TRV3000, CCD-TRV315, CCD-TRV35,<\/p>\n<p>CCD-TRV36, CCD-TRV37, CCD-TRV4, CCD-TRV41, CCD-TRV43, CCD-TRV46, CCD-TRV51, CCD-TRV517, CCD-TRV57, CCD-TRV58, CCD-TRV615, CCD-TRV62, CCD-TRV65, CCD-TRV66, CCD-TRV67, CCD-TRV68, CCD-TRV715, CCD-TRV716, CCD-TRV72, CCD-TRV720, CCD-TRV75, CCD-TRV78E, CCD-TRV81, CCD-TRV815, CCD-TRV82, CCD-TRV85, CCD-TRV87, CCD-TRV88, CCD-TRV90, CCD-TRV91, CCD-TRV93, CCD-TRV95, CCD-TRV98, CCD-TRV99<\/p>\n<p>Serie SONY CCD-SC (Hi8)<\/p>\n<p>CCD-SC5, CCD-SC55, CCD-SC65<\/p>\n<p>Serie SONY DCR-TR7<\/p>\n<p>DCR-TR7000<\/p>\n<p>Serie DCR-TRV de Sony (MiniDV)<\/p>\n<p>DCR-TRV103, DCR-TRV110, DCR-TRV120, DCR-TRV130, DCR-TRV210, DCR-TRV310, DCR-TRV315, DCR-TRV320, DCR-TRV5, DCR-TRV510, DCR-TRV520, DCR-TRV525, DCR-TRV7, DCR-TRV720, DCR-TRV820, DCR-TRV9, DCR-TRV900<\/p>\n<p>Serie de TV DCR de Sony<\/p>\n<p>DCR-TV900, DCR-TV900E<\/p>\n<p>Serie DCR-VX de Sony (MiniDV)<\/p>\n<p>Serie DCR-VX1000, DCR-VX2000, DCR-VX2100, DCR-VX700, DCR-VX9<\/p>\n<p>Serie DSC-CD de Sony<\/p>\n<p>DSC-CD100, DSC-CD250, DSC-CD400<\/p>\n<p>Serie SONY DSC-D (Cyber-shot Point &amp; Shoot)<\/p>\n<p>DSC-D700, DSC-D770<\/p>\n<p>Serie DSR de SONY<\/p>\n<p>DSR-200, DSR-300, DSR-PD100A<\/p>\n<p>Serie SONY GV (Video Walkman)<\/p>\n<p>GV-A500, GV-A500E, GV-D200, GV-D800<\/p>\n<p>Serie SONY MVC-FD (Mavica)<\/p>\n<p>MVC-FD100, MVC-FD200, MVC-FD5, MVC-FD51, MVC-FD7, MVC-FD71, MVC-FD73, MVC-FD75, MVC-FD81, MVC-FD83, MVC-FD85, MVC-FD87, MVC-FD88, MVC-FD90, MVC-FD91, MVC-FD91AOL, MVC-FD92, MVC-FD95, MVC-FD97<\/p>\n<p><strong>Contenido del paquete:<\/strong><\/p>\n<p>1x Cargador Patona<\/p>\n<p>1x Cable Micro USB<\/p>\n","protected":false},"excerpt":{"rendered":"<p>Cargador USB PATONA para bater\u00edas SONY NP-F El cargador micro-USB PATONA Slim es el compa\u00f1ero ideal para cualquier viaje debido<\/p>\n","protected":false},"featured_media":23689,"comment_status":"closed","ping_status":"open","template":"","meta":{"_acf_changed":false},"product_brand":[2564],"product_cat":[874],"product_tag":[],"class_list":{"0":"post-73525","1":"product","2":"type-product","3":"status-publish","4":"has-post-thumbnail","6":"product_brand-patona-es","7":"product_cat-sony-cargadores","9":"first","10":"instock","11":"taxable","12":"shipping-taxable","13":"purchasable","14":"product-type-simple"},"bundled_by":[],"bundle_stock_status":"instock","bundle_stock_quantity":1,"bundle_virtual":false,"bundle_layout":"","bundle_add_to_cart_form_location":"","bundle_editable_in_cart":false,"bundle_sold_individually_context":"","bundle_item_grouping":"","bundle_min_size":"","bundle_max_size":"","bundle_price":[],"bundled_items":[],"bundle_sell_ids":[],"acf":[],"_links":{"self":[{"href":"https:\/\/hi-techwonder.com\/es\/wp-json\/wp\/v2\/product\/73525","targetHints":{"allow":["GET"]}}],"collection":[{"href":"https:\/\/hi-techwonder.com\/es\/wp-json\/wp\/v2\/product"}],"about":[{"href":"https:\/\/hi-techwonder.com\/es\/wp-json\/wp\/v2\/types\/product"}],"replies":[{"embeddable":true,"href":"https:\/\/hi-techwonder.com\/es\/wp-json\/wp\/v2\/comments?post=73525"}],"wp:featuredmedia":[{"embeddable":true,"href":"https:\/\/hi-techwonder.com\/es\/wp-json\/wp\/v2\/media\/23689"}],"wp:attachment":[{"href":"https:\/\/hi-techwonder.com\/es\/wp-json\/wp\/v2\/media?parent=73525"}],"wp:term":[{"taxonomy":"product_brand","embeddable":true,"href":"https:\/\/hi-techwonder.com\/es\/wp-json\/wp\/v2\/product_brand?post=73525"},{"taxonomy":"product_cat","embeddable":true,"href":"https:\/\/hi-techwonder.com\/es\/wp-json\/wp\/v2\/product_cat?post=73525"},{"taxonomy":"product_tag","embeddable":true,"href":"https:\/\/hi-techwonder.com\/es\/wp-json\/wp\/v2\/product_tag?post=73525"}],"curies":[{"name":"wp","href":"https:\/\/api.w.org\/{rel}","templated":true}]}}