{"id":73528,"date":"2025-07-28T23:27:20","date_gmt":"2025-07-28T23:27:20","guid":{"rendered":"https:\/\/fv6qoy3ls0.wpdns.site\/product\/cable-de-alimentacion-patona-d-tap-dummy-lp-e6-n\/"},"modified":"2026-01-31T03:57:32","modified_gmt":"2026-01-31T03:57:32","slug":"patona-cable-de-alimentacion-patona-d-tap-dummy-lp-e6-n","status":"publish","type":"product","link":"https:\/\/hi-techwonder.com\/es\/producto\/patona-cable-de-alimentacion-patona-d-tap-dummy-lp-e6-n\/","title":{"rendered":"Cable de alimentaci\u00f3n PATONA D-Tap &#8211; Dummy LP-E6 (N)"},"content":{"rendered":"<p><strong>Cable de alimentaci\u00f3n PATONA D-Tap &#8211; Dummy LP-E6 (N)<\/strong><\/p>\n<p>Lo nuevo en la gama Patona son los adaptadores de bater\u00eda D-TAP. Estos est\u00e1n dise\u00f1ados para prolongar la vida \u00fatil de la bater\u00eda. Esto le da la posibilidad de operar su c\u00e1mara convencional con una fuente de salida D-TAP independiente de una fuente de alimentaci\u00f3n fija. Las bater\u00edas adecuadas con salida D-TAP son, por ejemplo, V-Mount, Goldmount o Sony BP-A65, BP-U50, BP-U68 o BP-U100 y muchas m\u00e1s. Adem\u00e1s, los adaptadores se pueden utilizar en monitores y luces LED.<\/p>\n<p><strong>Contenido:<\/strong><\/p>\n<ul>\n<li>1 x Cable de alimentaci\u00f3n Patona D-Tap &#8211; Maniqu\u00ed<\/li>\n<\/ul>\n<p><strong>Datos t\u00e9cnicos:<\/strong><\/p>\n<ul>\n<li>Entrada: D-TAP, 14,8 V<\/li>\n<li>Salida: 7,4 V<\/li>\n<li>Longitud del cable: 40 cm<\/li>\n<\/ul>\n<p><strong>Bater\u00edas compatibles:<\/strong><\/p>\n<ul>\n<li>Canon LP-E6<\/li>\n<li>Canon LP-E6N<\/li>\n<\/ul>\n<p><strong>C\u00e1maras compatibles:<\/strong><\/p>\n<p>Canon BG-E11, BG-E13, BG-E14, BG-E16, BG-E20, BG-E21, BG-E22, BG-E9, BG-R10, CBC-E6, 5D Mark III, 5D Mark IV, 5DS, 5DS R, 6D, 6D Mark II, 70D, 7D Mark II, 80D, 90D, EOS R, EOS R5, EOS R6, EOS Ra, LC-E6, XC10, XC15, Blackmagic Design Micro Cinema Camera, Pocket Cinema Camera 4K, Pocket Cinema Camera 6K.<\/p>\n<p><strong>Accesorios compatibles:<\/strong><\/p>\n<ul>\n<li>VP-DRE6<\/li>\n<\/ul>\n<p><strong>Caracter\u00edsticas t\u00e9cnicas:<\/strong><\/p>\n<table id=\"product-attribute-specs-table\" class=\"data-table\" style=\"border-spacing: 0px;max-width: 100%;background: #ffffff;margin: 0px;padding: 0px;border: 0px;font-size: 12px;width: 907px;color: #666666;font-family: 'Open Sans', serif\" cellspacing=\"0\">\n<tbody style=\"margin: 0px;padding: 0px;border: 0px;background: transparent\">\n<tr class=\"even\" style=\"margin: 0px;padding: 0px;border: 1px solid #e9e9e9;background: transparent\">\n<td style=\"margin: 0px;padding: 10px;border: 1px solid #e9e9e9;background: transparent;vertical-align: middle\">EAN<\/td>\n<td class=\"data last\" style=\"margin: 0px;padding: 10px;border: 1px solid #e9e9e9;background: transparent;vertical-align: middle\">4055655225076<\/td>\n<\/tr>\n<tr class=\"odd\" style=\"margin: 0px;padding: 0px;border: 1px solid #e9e9e9;background: transparent\">\n<td style=\"margin: 0px;padding: 10px;border: 1px solid #e9e9e9;background: transparent;vertical-align: middle\">Marca<\/td>\n<td class=\"data last\" style=\"margin: 0px;padding: 10px;border: 1px solid #e9e9e9;background: transparent;vertical-align: middle\">Patona<\/td>\n<\/tr>\n<tr class=\"even\" style=\"margin: 0px;padding: 0px;border: 1px solid #e9e9e9;background: transparent\">\n<td style=\"margin: 0px;padding: 10px;border: 1px solid #e9e9e9;background: transparent;vertical-align: middle\">Conector 1<\/td>\n<td class=\"data last\" style=\"margin: 0px;padding: 10px;border: 1px solid #e9e9e9;background: transparent;vertical-align: middle\">Maniqu\u00ed LP-E6 (N)<\/td>\n<\/tr>\n<tr class=\"odd\" style=\"margin: 0px;padding: 0px;border: 1px solid #e9e9e9;background: transparent\">\n<td style=\"margin: 0px;padding: 10px;border: 1px solid #e9e9e9;background: transparent;vertical-align: middle\">Conector 2<\/td>\n<td class=\"data last\" style=\"margin: 0px;padding: 10px;border: 1px solid #e9e9e9;background: transparent;vertical-align: middle\">D-Tap<\/td>\n<\/tr>\n<tr class=\"even\" style=\"margin: 0px;padding: 0px;border: 1px solid #e9e9e9;background: transparent\">\n<td style=\"margin: 0px;padding: 10px;border: 1px solid #e9e9e9;background: transparent;vertical-align: middle\">Largura<\/td>\n<td class=\"data last\" style=\"margin: 0px;padding: 10px;border: 1px solid #e9e9e9;background: transparent;vertical-align: middle\">40cm<\/td>\n<\/tr>\n<tr class=\"last odd\" style=\"margin: 0px;padding: 0px;border: 1px solid #e9e9e9;background: transparent\">\n<td style=\"margin: 0px;padding: 10px;border: 1px solid #e9e9e9;background: transparent;vertical-align: middle\">Peso (Kg):<\/td>\n<td class=\"data last\" style=\"margin: 0px;padding: 10px;border: 1px solid #e9e9e9;background: transparent;vertical-align: middle\">&#8211;<\/td>\n<\/tr>\n<\/tbody>\n<\/table>\n","protected":false},"excerpt":{"rendered":"<p>Cable de alimentaci\u00f3n PATONA D-Tap &#8211; Dummy LP-E6 (N) Lo nuevo en la gama Patona son los adaptadores de bater\u00eda<\/p>\n","protected":false},"featured_media":21961,"comment_status":"closed","ping_status":"closed","template":"","meta":{"_acf_changed":false},"product_brand":[2564],"product_cat":[856],"product_tag":[],"class_list":{"0":"post-73528","1":"product","2":"type-product","3":"status-publish","4":"has-post-thumbnail","6":"product_brand-patona-es","7":"product_cat-canon-es","9":"first","10":"pre-order","11":"taxable","12":"shipping-taxable","13":"purchasable","14":"product-type-simple"},"bundled_by":[],"bundle_stock_status":"pre-order","bundle_stock_quantity":null,"bundle_virtual":false,"bundle_layout":"","bundle_add_to_cart_form_location":"","bundle_editable_in_cart":false,"bundle_sold_individually_context":"","bundle_item_grouping":"","bundle_min_size":"","bundle_max_size":"","bundle_price":[],"bundled_items":[],"bundle_sell_ids":[],"acf":[],"_links":{"self":[{"href":"https:\/\/hi-techwonder.com\/es\/wp-json\/wp\/v2\/product\/73528","targetHints":{"allow":["GET"]}}],"collection":[{"href":"https:\/\/hi-techwonder.com\/es\/wp-json\/wp\/v2\/product"}],"about":[{"href":"https:\/\/hi-techwonder.com\/es\/wp-json\/wp\/v2\/types\/product"}],"replies":[{"embeddable":true,"href":"https:\/\/hi-techwonder.com\/es\/wp-json\/wp\/v2\/comments?post=73528"}],"wp:featuredmedia":[{"embeddable":true,"href":"https:\/\/hi-techwonder.com\/es\/wp-json\/wp\/v2\/media\/21961"}],"wp:attachment":[{"href":"https:\/\/hi-techwonder.com\/es\/wp-json\/wp\/v2\/media?parent=73528"}],"wp:term":[{"taxonomy":"product_brand","embeddable":true,"href":"https:\/\/hi-techwonder.com\/es\/wp-json\/wp\/v2\/product_brand?post=73528"},{"taxonomy":"product_cat","embeddable":true,"href":"https:\/\/hi-techwonder.com\/es\/wp-json\/wp\/v2\/product_cat?post=73528"},{"taxonomy":"product_tag","embeddable":true,"href":"https:\/\/hi-techwonder.com\/es\/wp-json\/wp\/v2\/product_tag?post=73528"}],"curies":[{"name":"wp","href":"https:\/\/api.w.org\/{rel}","templated":true}]}}