{"id":73531,"date":"2025-07-28T23:31:33","date_gmt":"2025-07-28T23:31:33","guid":{"rendered":"https:\/\/fv6qoy3ls0.wpdns.site\/product\/cargador-usb-triple-patona-para-canon-lp-e17\/"},"modified":"2026-01-31T03:51:39","modified_gmt":"2026-01-31T03:51:39","slug":"patona-cargador-usb-triple-patona-para-canon-lp-e17","status":"publish","type":"product","link":"https:\/\/hi-techwonder.com\/es\/producto\/patona-cargador-usb-triple-patona-para-canon-lp-e17\/","title":{"rendered":"PATONA Cargador USB triple para Canon LP-E17"},"content":{"rendered":"<p>El cargador USB triple PATONA es ideal para viajeros o usuarios de negocios, debido a su dise\u00f1o port\u00e1til compacto. Es un compa\u00f1ero pr\u00e1ctico y confiable para todas las sesiones de fotos. Es posible cargar 3 bater\u00edas al mismo tiempo. El cargador se puede alimentar con el cable micro USB incluido en cada puerto USB est\u00e1ndar o un cable USB tipo C.   <\/p>\n<p><strong>Datos t\u00e9cnicos:<\/strong><br \/>Entrada: USB C DC 5V \/ 3A min.<br \/>Salida: CC 8,4 V\/850 mA (x1), 650 mA (x2), 450 mA (x3)<br \/>Tama\u00f1o: 10.5 x 6.6 x 2.4 cm<br \/>Contactos: USB-C (entrada), 3 bandejas de carga (salida)<\/p>\n<p><strong>Contenido:<\/strong><\/p>\n<ul>\n<li>Patona Loader<\/li>\n<li>Cable USB<\/li>\n<\/ul>\n","protected":false},"excerpt":{"rendered":"<p>El cargador USB triple PATONA es ideal para viajeros o usuarios de negocios, debido a su dise\u00f1o port\u00e1til compacto. Es<\/p>\n","protected":false},"featured_media":23294,"comment_status":"closed","ping_status":"closed","template":"","meta":{"_acf_changed":false},"product_brand":[2564],"product_cat":[867],"product_tag":[],"class_list":{"0":"post-73531","1":"product","2":"type-product","3":"status-publish","4":"has-post-thumbnail","6":"product_brand-patona-es","7":"product_cat-canon-cargadores","9":"first","10":"instock","11":"taxable","12":"shipping-taxable","13":"purchasable","14":"product-type-simple"},"bundled_by":[],"bundle_stock_status":"instock","bundle_stock_quantity":1,"bundle_virtual":false,"bundle_layout":"","bundle_add_to_cart_form_location":"","bundle_editable_in_cart":false,"bundle_sold_individually_context":"","bundle_item_grouping":"","bundle_min_size":"","bundle_max_size":"","bundle_price":[],"bundled_items":[],"bundle_sell_ids":[],"acf":[],"_links":{"self":[{"href":"https:\/\/hi-techwonder.com\/es\/wp-json\/wp\/v2\/product\/73531","targetHints":{"allow":["GET"]}}],"collection":[{"href":"https:\/\/hi-techwonder.com\/es\/wp-json\/wp\/v2\/product"}],"about":[{"href":"https:\/\/hi-techwonder.com\/es\/wp-json\/wp\/v2\/types\/product"}],"replies":[{"embeddable":true,"href":"https:\/\/hi-techwonder.com\/es\/wp-json\/wp\/v2\/comments?post=73531"}],"wp:featuredmedia":[{"embeddable":true,"href":"https:\/\/hi-techwonder.com\/es\/wp-json\/wp\/v2\/media\/23294"}],"wp:attachment":[{"href":"https:\/\/hi-techwonder.com\/es\/wp-json\/wp\/v2\/media?parent=73531"}],"wp:term":[{"taxonomy":"product_brand","embeddable":true,"href":"https:\/\/hi-techwonder.com\/es\/wp-json\/wp\/v2\/product_brand?post=73531"},{"taxonomy":"product_cat","embeddable":true,"href":"https:\/\/hi-techwonder.com\/es\/wp-json\/wp\/v2\/product_cat?post=73531"},{"taxonomy":"product_tag","embeddable":true,"href":"https:\/\/hi-techwonder.com\/es\/wp-json\/wp\/v2\/product_tag?post=73531"}],"curies":[{"name":"wp","href":"https:\/\/api.w.org\/{rel}","templated":true}]}}