{"id":73534,"date":"2025-07-28T23:32:07","date_gmt":"2025-07-28T23:32:07","guid":{"rendered":"https:\/\/fv6qoy3ls0.wpdns.site\/product\/cargador-patona-v-mount-conexion-d-tap\/"},"modified":"2026-01-31T03:50:46","modified_gmt":"2026-01-31T03:50:46","slug":"patona-cargador-patona-v-mount-conexion-d-tap","status":"publish","type":"product","link":"https:\/\/hi-techwonder.com\/es\/producto\/patona-cargador-patona-v-mount-conexion-d-tap\/","title":{"rendered":"PATONA Cargador V-Mount &#8211; Conexi\u00f3n D-Tap"},"content":{"rendered":"<p><span style=\"color: #000000\">Caracter\u00edsticas t\u00e9cnicas:<\/span><\/p>\n<p><span style=\"color: #000000\">Entrada: CA 100-240 V, 1,5 A, 50-60 Hz<\/span><\/p>\n<p><span style=\"color: #000000\">Salida: 16,8 V, 2 A<\/span><\/p>\n<p><span style=\"color: #000000\">&nbsp;<\/span><\/p>\n<p><span style=\"font-family: arial, helvetica, sans-serif\"><strong><span style=\"color: #000000\">Bater\u00edas compatibles:<\/strong><\/span><\/span><\/p>\n<p><span style=\"color: #000000\">Sony DSR-250P<\/span><\/p>\n<p><span style=\"color: #000000\">Sony DSR-600P<\/span><\/p>\n<p><span style=\"color: #000000\">Sony DSR-650P<\/span><\/p>\n<p><span style=\"color: #000000\">Sony DSR-652P<\/span><\/p>\n<p><span style=\"color: #000000\">Sony HDW-800P<\/span><\/p>\n<p><span style=\"color: #000000\">Sony PDW-850<\/span><\/p>\n<p><span style=\"color: #000000\">&nbsp;<\/span><\/p>\n<p><span style=\"font-family: arial, helvetica, sans-serif\"><strong><span style=\"color: #000000\">Contenido del paquete:<\/strong><\/span><\/span><\/p>\n<p><span style=\"color: #000000\">1x Cargador Patona<\/span><\/p>\n<p><span style=\"color: #000000\">1x Cable de alimentaci\u00f3n<\/span><\/p>\n<p><span style=\"color: #000000\">1x Adaptador de corriente<\/span><\/p>\n","protected":false},"excerpt":{"rendered":"<p>Caracter\u00edsticas t\u00e9cnicas: Entrada: CA 100-240 V, 1,5 A, 50-60 Hz Salida: 16,8 V, 2 A &nbsp; Bater\u00edas compatibles: Sony DSR-250P<\/p>\n","protected":false},"featured_media":23469,"comment_status":"closed","ping_status":"open","template":"","meta":{"_acf_changed":false},"product_brand":[2564],"product_cat":[872],"product_tag":[],"class_list":{"0":"post-73534","1":"product","2":"type-product","3":"status-publish","4":"has-post-thumbnail","6":"product_brand-patona-es","7":"product_cat-outros-cargadores","9":"first","10":"onbackorder","11":"taxable","12":"shipping-taxable","13":"purchasable","14":"product-type-simple"},"bundled_by":[],"bundle_stock_status":"onbackorder","bundle_stock_quantity":null,"bundle_virtual":false,"bundle_layout":"","bundle_add_to_cart_form_location":"","bundle_editable_in_cart":false,"bundle_sold_individually_context":"","bundle_item_grouping":"","bundle_min_size":"","bundle_max_size":"","bundle_price":[],"bundled_items":[],"bundle_sell_ids":[],"acf":[],"_links":{"self":[{"href":"https:\/\/hi-techwonder.com\/es\/wp-json\/wp\/v2\/product\/73534","targetHints":{"allow":["GET"]}}],"collection":[{"href":"https:\/\/hi-techwonder.com\/es\/wp-json\/wp\/v2\/product"}],"about":[{"href":"https:\/\/hi-techwonder.com\/es\/wp-json\/wp\/v2\/types\/product"}],"replies":[{"embeddable":true,"href":"https:\/\/hi-techwonder.com\/es\/wp-json\/wp\/v2\/comments?post=73534"}],"wp:featuredmedia":[{"embeddable":true,"href":"https:\/\/hi-techwonder.com\/es\/wp-json\/wp\/v2\/media\/23469"}],"wp:attachment":[{"href":"https:\/\/hi-techwonder.com\/es\/wp-json\/wp\/v2\/media?parent=73534"}],"wp:term":[{"taxonomy":"product_brand","embeddable":true,"href":"https:\/\/hi-techwonder.com\/es\/wp-json\/wp\/v2\/product_brand?post=73534"},{"taxonomy":"product_cat","embeddable":true,"href":"https:\/\/hi-techwonder.com\/es\/wp-json\/wp\/v2\/product_cat?post=73534"},{"taxonomy":"product_tag","embeddable":true,"href":"https:\/\/hi-techwonder.com\/es\/wp-json\/wp\/v2\/product_tag?post=73534"}],"curies":[{"name":"wp","href":"https:\/\/api.w.org\/{rel}","templated":true}]}}