{"id":73536,"date":"2025-07-28T23:33:19","date_gmt":"2025-07-28T23:33:19","guid":{"rendered":"https:\/\/fv6qoy3ls0.wpdns.site\/product\/cargador-usb-delgado-patona-para-panasonic-dmw-blf19e\/"},"modified":"2026-01-31T03:49:20","modified_gmt":"2026-01-31T03:49:20","slug":"patona-cargador-usb-delgado-patona-para-panasonic-dmw-blf19e","status":"publish","type":"product","link":"https:\/\/hi-techwonder.com\/es\/producto\/patona-cargador-usb-delgado-patona-para-panasonic-dmw-blf19e\/","title":{"rendered":"PATONA Cargador USB delgado para Panasonic DMW-BLF19E"},"content":{"rendered":"<p><strong>Cargador USB delgado PATONA para Panasonic DMW-BLF19E<\/strong><\/p>\n<p>El cargador micro-USB PATONA Slim es el compa\u00f1ero ideal para cualquier viaje debido a su dise\u00f1o delgado y elegante. \u00a1Recibir\u00e1s un producto PATONA en el que siempre podr\u00e1s confiar! La fiabilidad excepcional, la larga vida \u00fatil y el dise\u00f1o elegante har\u00e1n que su experiencia de disparo sea inolvidable. El cargador puede ser alimentado por el cable Micro USB suministrado. Alta seguridad a pesar de la construcci\u00f3n baja, gracias al sistema de apagado autom\u00e1tico integrado, esto evita da\u00f1os en la bater\u00eda causados por sobrecarga.    <\/p>\n<p><strong>Datos t\u00e9cnicos:<\/strong><\/p>\n<p>Entrada: DC 5V \/ 1.0A<\/p>\n<p>Salida: DC 8.4V \/ 500mA<\/p>\n<p>Dimensiones: 5.2 x 4.0 x 1.8 cm<\/p>\n<p>Contactos: Micro USB (entrada)<\/p>\n<p><strong>Bater\u00edas compatibles:<\/strong><\/p>\n<p>Panasonic DMW-BLF19E<\/p>\n<p>Panasonic DMW-BLF19<\/p>\n<p><strong>C\u00e1maras compatibles:<\/strong><\/p>\n<p>Panasonic Lumix DMC-GH3<\/p>\n<p>Panasonic Lumix DMC-GH3A<\/p>\n","protected":false},"excerpt":{"rendered":"<p>Cargador USB delgado PATONA para Panasonic DMW-BLF19E El cargador micro-USB PATONA Slim es el compa\u00f1ero ideal para cualquier viaje debido<\/p>\n","protected":false},"featured_media":23791,"comment_status":"closed","ping_status":"open","template":"","meta":{"_acf_changed":false},"product_brand":[2564],"product_cat":[873],"product_tag":[],"class_list":{"0":"post-73536","1":"product","2":"type-product","3":"status-publish","4":"has-post-thumbnail","6":"product_brand-patona-es","7":"product_cat-panasonic-cargadores","9":"first","10":"instock","11":"taxable","12":"shipping-taxable","13":"purchasable","14":"product-type-simple"},"bundled_by":[],"bundle_stock_status":"instock","bundle_stock_quantity":1,"bundle_virtual":false,"bundle_layout":"","bundle_add_to_cart_form_location":"","bundle_editable_in_cart":false,"bundle_sold_individually_context":"","bundle_item_grouping":"","bundle_min_size":"","bundle_max_size":"","bundle_price":[],"bundled_items":[],"bundle_sell_ids":[],"acf":[],"_links":{"self":[{"href":"https:\/\/hi-techwonder.com\/es\/wp-json\/wp\/v2\/product\/73536","targetHints":{"allow":["GET"]}}],"collection":[{"href":"https:\/\/hi-techwonder.com\/es\/wp-json\/wp\/v2\/product"}],"about":[{"href":"https:\/\/hi-techwonder.com\/es\/wp-json\/wp\/v2\/types\/product"}],"replies":[{"embeddable":true,"href":"https:\/\/hi-techwonder.com\/es\/wp-json\/wp\/v2\/comments?post=73536"}],"wp:featuredmedia":[{"embeddable":true,"href":"https:\/\/hi-techwonder.com\/es\/wp-json\/wp\/v2\/media\/23791"}],"wp:attachment":[{"href":"https:\/\/hi-techwonder.com\/es\/wp-json\/wp\/v2\/media?parent=73536"}],"wp:term":[{"taxonomy":"product_brand","embeddable":true,"href":"https:\/\/hi-techwonder.com\/es\/wp-json\/wp\/v2\/product_brand?post=73536"},{"taxonomy":"product_cat","embeddable":true,"href":"https:\/\/hi-techwonder.com\/es\/wp-json\/wp\/v2\/product_cat?post=73536"},{"taxonomy":"product_tag","embeddable":true,"href":"https:\/\/hi-techwonder.com\/es\/wp-json\/wp\/v2\/product_tag?post=73536"}],"curies":[{"name":"wp","href":"https:\/\/api.w.org\/{rel}","templated":true}]}}