{"id":73538,"date":"2025-07-28T23:32:50","date_gmt":"2025-07-28T23:32:50","guid":{"rendered":"https:\/\/fv6qoy3ls0.wpdns.site\/product\/cargador-rapido-premium-patona-para-4-baterias-sony-np-f\/"},"modified":"2026-01-31T03:50:02","modified_gmt":"2026-01-31T03:50:02","slug":"patona-cargador-rapido-premium-patona-para-4-baterias-sony-np-f","status":"publish","type":"product","link":"https:\/\/hi-techwonder.com\/es\/producto\/patona-cargador-rapido-premium-patona-para-4-baterias-sony-np-f\/","title":{"rendered":"PATONA Cargador r\u00e1pido premium para 4 bater\u00edas Sony NP-F"},"content":{"rendered":"<p><strong>Cargador r\u00e1pido Patona Premium para 4 bater\u00edas Sony NP-F<\/strong><\/p>\n<p>Con el cargador r\u00e1pido de 4 bater\u00edas puede cargar hasta 4 bater\u00edas de iones de litio de 8,4 V al mismo tiempo. El cargador de 4 canales PATONA Premium tiene una protecci\u00f3n contra sobretensiones incorporada. <\/p>\n<p><strong>Datos t\u00e9cnicos:<\/strong><\/p>\n<p>Entrada: 12-20V \/ 3.5A min.<\/p>\n<p>Salida: 8,4 V, 2000 mAh x2 \/ 1000 mAh x4 \u00b1 200 mA<\/p>\n<p>Indicador LCD: Niveles para cada canal<\/p>\n<p>Peso: 244g<\/p>\n<p>Dimensiones: 20 x 9,3 x 3,4 cm<\/p>\n<p><strong>Compatibilidad:<\/strong><\/p>\n<p>Sony NP-FM (serie)<\/p>\n<p>Sony NP-F (serie)<\/p>\n<p>Sony NP-QM (serie)<\/p>\n<p>y otros compatibles<\/p>\n<p><strong>Contenido:<\/strong><\/p>\n<p>1x Cargador r\u00e1pido Patona Premium para 4 bater\u00edas Sony NP-F<\/p>\n<p>1x Unidad de potencia<\/p>\n<p>1x cable de alimentaci\u00f3n<\/p>\n","protected":false},"excerpt":{"rendered":"<p>Cargador r\u00e1pido Patona Premium para 4 bater\u00edas Sony NP-F Con el cargador r\u00e1pido de 4 bater\u00edas puede cargar hasta 4<\/p>\n","protected":false},"featured_media":23630,"comment_status":"closed","ping_status":"open","template":"","meta":{"_acf_changed":false},"product_brand":[2564],"product_cat":[874],"product_tag":[],"class_list":{"0":"post-73538","1":"product","2":"type-product","3":"status-publish","4":"has-post-thumbnail","6":"product_brand-patona-es","7":"product_cat-sony-cargadores","9":"first","10":"instock","11":"taxable","12":"shipping-taxable","13":"purchasable","14":"product-type-simple"},"bundled_by":[],"bundle_stock_status":"instock","bundle_stock_quantity":1,"bundle_virtual":false,"bundle_layout":"","bundle_add_to_cart_form_location":"","bundle_editable_in_cart":false,"bundle_sold_individually_context":"","bundle_item_grouping":"","bundle_min_size":"","bundle_max_size":"","bundle_price":[],"bundled_items":[],"bundle_sell_ids":[],"acf":[],"_links":{"self":[{"href":"https:\/\/hi-techwonder.com\/es\/wp-json\/wp\/v2\/product\/73538","targetHints":{"allow":["GET"]}}],"collection":[{"href":"https:\/\/hi-techwonder.com\/es\/wp-json\/wp\/v2\/product"}],"about":[{"href":"https:\/\/hi-techwonder.com\/es\/wp-json\/wp\/v2\/types\/product"}],"replies":[{"embeddable":true,"href":"https:\/\/hi-techwonder.com\/es\/wp-json\/wp\/v2\/comments?post=73538"}],"wp:featuredmedia":[{"embeddable":true,"href":"https:\/\/hi-techwonder.com\/es\/wp-json\/wp\/v2\/media\/23630"}],"wp:attachment":[{"href":"https:\/\/hi-techwonder.com\/es\/wp-json\/wp\/v2\/media?parent=73538"}],"wp:term":[{"taxonomy":"product_brand","embeddable":true,"href":"https:\/\/hi-techwonder.com\/es\/wp-json\/wp\/v2\/product_brand?post=73538"},{"taxonomy":"product_cat","embeddable":true,"href":"https:\/\/hi-techwonder.com\/es\/wp-json\/wp\/v2\/product_cat?post=73538"},{"taxonomy":"product_tag","embeddable":true,"href":"https:\/\/hi-techwonder.com\/es\/wp-json\/wp\/v2\/product_tag?post=73538"}],"curies":[{"name":"wp","href":"https:\/\/api.w.org\/{rel}","templated":true}]}}