{"id":73540,"date":"2025-07-28T23:32:50","date_gmt":"2025-07-28T23:32:50","guid":{"rendered":"https:\/\/fv6qoy3ls0.wpdns.site\/product\/cargador-rapido-patona-para-4-baterias-sony-np-f-y-np-f\/"},"modified":"2026-02-11T11:11:48","modified_gmt":"2026-02-11T11:11:48","slug":"patona-cargador-rapido-patona-para-4-baterias-sony-np-f-y-np-f","status":"publish","type":"product","link":"https:\/\/hi-techwonder.com\/es\/producto\/patona-cargador-rapido-patona-para-4-baterias-sony-np-f-y-np-f\/","title":{"rendered":"PATONA Cargador r\u00e1pido para 4 bater\u00edas Sony NP-F y NP-F"},"content":{"rendered":"<p>Gracias a este cargador, puede cargar hasta 4 bater\u00edas de iones de litio de 8,4 V \/ 16,8 V simult\u00e1neamente. Cuenta con una unidad de control inteligente (MCU) que regula la distribuci\u00f3n de voltaje a los 4 canales y tiene una protecci\u00f3n contra sobretensiones integrada. Los accesorios de bater\u00eda PATONA Premium se han desarrollado especialmente para este dispositivo y est\u00e1n dise\u00f1ados para cargas m\u00e1s altas por razones de seguridad.  &nbsp;<\/p>\n<p><strong>Informaci\u00f3n t\u00e9cnica:<\/strong><\/p>\n<ul>\n<li>Entrada: CA 100-240 V, 50 \/ 60 Hz<\/li>\n<li>Salida: 8,4 V x4 (8,3-8,5 V) \/ 16,4 V x4 (16,3-16,5 V)<\/li>\n<li>Salida: 2000 mA x4 \u00b1 200 mA (7,2 V CV) \/ 1000 mA x4 \u00b1 100 mA (14,4 V CV)<\/li>\n<li>Peso: 600g<\/li>\n<li>Dimensiones: 22 x 12,5 x 6 cm<\/li>\n<\/ul>\n<p><strong>Contenido del paquete:<\/strong><\/p>\n<ul>\n<li>1x cargador r\u00e1pido para 4 bater\u00edas<\/li>\n<li>1x cable de alimentaci\u00f3n europeo<\/li>\n<li>1x cable de alimentaci\u00f3n brit\u00e1nico<\/li>\n<\/ul>\n","protected":false},"excerpt":{"rendered":"<p>Gracias a este cargador, puede cargar hasta 4 bater\u00edas de iones de litio de 8,4 V \/ 16,8 V simult\u00e1neamente.<\/p>\n","protected":false},"featured_media":23616,"comment_status":"closed","ping_status":"closed","template":"","meta":{"_acf_changed":false},"product_brand":[2564],"product_cat":[874],"product_tag":[],"class_list":{"0":"post-73540","1":"product","2":"type-product","3":"status-publish","4":"has-post-thumbnail","6":"product_brand-patona-es","7":"product_cat-sony-cargadores","9":"first","10":"instock","11":"taxable","12":"shipping-taxable","13":"purchasable","14":"product-type-simple"},"bundled_by":[],"bundle_stock_status":"instock","bundle_stock_quantity":1,"bundle_virtual":false,"bundle_layout":"","bundle_add_to_cart_form_location":"","bundle_editable_in_cart":false,"bundle_sold_individually_context":"","bundle_item_grouping":"","bundle_min_size":"","bundle_max_size":"","bundle_price":[],"bundled_items":[],"bundle_sell_ids":[],"acf":[],"_links":{"self":[{"href":"https:\/\/hi-techwonder.com\/es\/wp-json\/wp\/v2\/product\/73540","targetHints":{"allow":["GET"]}}],"collection":[{"href":"https:\/\/hi-techwonder.com\/es\/wp-json\/wp\/v2\/product"}],"about":[{"href":"https:\/\/hi-techwonder.com\/es\/wp-json\/wp\/v2\/types\/product"}],"replies":[{"embeddable":true,"href":"https:\/\/hi-techwonder.com\/es\/wp-json\/wp\/v2\/comments?post=73540"}],"wp:featuredmedia":[{"embeddable":true,"href":"https:\/\/hi-techwonder.com\/es\/wp-json\/wp\/v2\/media\/23616"}],"wp:attachment":[{"href":"https:\/\/hi-techwonder.com\/es\/wp-json\/wp\/v2\/media?parent=73540"}],"wp:term":[{"taxonomy":"product_brand","embeddable":true,"href":"https:\/\/hi-techwonder.com\/es\/wp-json\/wp\/v2\/product_brand?post=73540"},{"taxonomy":"product_cat","embeddable":true,"href":"https:\/\/hi-techwonder.com\/es\/wp-json\/wp\/v2\/product_cat?post=73540"},{"taxonomy":"product_tag","embeddable":true,"href":"https:\/\/hi-techwonder.com\/es\/wp-json\/wp\/v2\/product_tag?post=73540"}],"curies":[{"name":"wp","href":"https:\/\/api.w.org\/{rel}","templated":true}]}}