{"id":73544,"date":"2025-07-28T23:32:59","date_gmt":"2025-07-28T23:32:59","guid":{"rendered":"https:\/\/fv6qoy3ls0.wpdns.site\/product\/cargador-patona-premium-dual-usb-pd-para-sony-np-fz100\/"},"modified":"2026-01-31T03:49:50","modified_gmt":"2026-01-31T03:49:50","slug":"patona-cargador-patona-premium-dual-usb-pd-para-sony-np-fz100","status":"publish","type":"product","link":"https:\/\/hi-techwonder.com\/es\/producto\/patona-cargador-patona-premium-dual-usb-pd-para-sony-np-fz100\/","title":{"rendered":"PATONA Cargador Premium Dual USB PD para Sony NP-FZ100"},"content":{"rendered":"<p><strong>Cargador Patona Premium Dual USB PD para Sony NP-FZ100<\/strong><\/p>\n<p><strong>Funciones:<\/strong><\/p>\n<ul>\n<li><strong>Entrada: <\/strong>USB-C (5 V, 2,4 A)<\/li>\n<li><strong>Salida:<\/strong> 8,4 V, 1000 mA (x1), 600 mA (x2)<\/li>\n<li><strong>Entrada: <\/strong>USB-C (9V, 2A QC, PD)<\/li>\n<li><strong>Salida:<\/strong> 8,4 V, 1500 mA (x1), 1000 mA (x2)<\/li>\n<li><strong>Peso:<\/strong> 60g<\/li>\n<li><strong>Dimensiones:<\/strong> 10 x 5,6 x 2,2 cm<\/li>\n<\/ul>\n<p>El cargador USB dual premium PATONA permite la carga r\u00e1pida de dos bater\u00edas simult\u00e1neamente e independientemente entre s\u00ed y las diferencias en la capacidad de carga de las bater\u00edas son irrelevantes. Con una pantalla LCD brillante, es posible ver el estado de carga, adem\u00e1s de sorprender con su elegante dise\u00f1o, tecnolog\u00eda innovadora y un tama\u00f1o inteligente, a la vez que es muy ligero, lo que lo convierte en el compa\u00f1ero ideal, especialmente cuando se viaja. La conexi\u00f3n a la fuente de alimentaci\u00f3n se realiza a trav\u00e9s del puerto USB-C y la velocidad de carga completa solo se logra con un cargador PD de 20W.  <\/p>\n<p><strong>Protocolos de carga compatibles:<\/strong><\/p>\n<p>QC 2.0, QC 3.0, PD 2.0, PD3.0<\/p>\n<p><strong>Bater\u00edas compatibles:<\/strong><\/p>\n<p>Sony NP-FZ100 y otros compatibles<\/p>\n<p><strong>C\u00e1maras compatibles:<\/strong><\/p>\n<ul>\n<li>Sony A7 III, A7 3, A7M3, Alpha A7 III, Alpha A7 3, Alpha 7 III, Alpha 7 3, Alpha 7M3<\/li>\n<li>Sony A7 R III, A7 R 3, A7RM3, Alpha A7 R III, Alpha A7 R 3, Alpha 7 R III, Alpha 7 R 3, Alpha 7RM3, Alpha A7RIV<\/li>\n<li>Sony A9, Alpha 9, Alpha 9II<\/li>\n<li>Sony BC-QZ1<\/li>\n<li>y otros compatibles<\/li>\n<\/ul>\n<p><strong>Qu\u00e9 hay en la caja:<\/strong><\/p>\n<ul>\n<li>1x Cargador USB dual Patona PD Premium<\/li>\n<li>1x Cable USB-C &#8211; 60cm<\/li>\n<li>1x bolsa de almacenamiento<\/li>\n<\/ul>\n","protected":false},"excerpt":{"rendered":"<p>Cargador Patona Premium Dual USB PD para Sony NP-FZ100 Funciones: Entrada: USB-C (5 V, 2,4 A) Salida: 8,4 V, 1000<\/p>\n","protected":false},"featured_media":23667,"comment_status":"closed","ping_status":"open","template":"","meta":{"_acf_changed":false},"product_brand":[2564],"product_cat":[874],"product_tag":[],"class_list":{"0":"post-73544","1":"product","2":"type-product","3":"status-publish","4":"has-post-thumbnail","6":"product_brand-patona-es","7":"product_cat-sony-cargadores","9":"first","10":"onbackorder","11":"taxable","12":"shipping-taxable","13":"purchasable","14":"product-type-simple"},"bundled_by":[],"bundle_stock_status":"onbackorder","bundle_stock_quantity":null,"bundle_virtual":false,"bundle_layout":"","bundle_add_to_cart_form_location":"","bundle_editable_in_cart":false,"bundle_sold_individually_context":"","bundle_item_grouping":"","bundle_min_size":"","bundle_max_size":"","bundle_price":[],"bundled_items":[],"bundle_sell_ids":[],"acf":[],"_links":{"self":[{"href":"https:\/\/hi-techwonder.com\/es\/wp-json\/wp\/v2\/product\/73544","targetHints":{"allow":["GET"]}}],"collection":[{"href":"https:\/\/hi-techwonder.com\/es\/wp-json\/wp\/v2\/product"}],"about":[{"href":"https:\/\/hi-techwonder.com\/es\/wp-json\/wp\/v2\/types\/product"}],"replies":[{"embeddable":true,"href":"https:\/\/hi-techwonder.com\/es\/wp-json\/wp\/v2\/comments?post=73544"}],"wp:featuredmedia":[{"embeddable":true,"href":"https:\/\/hi-techwonder.com\/es\/wp-json\/wp\/v2\/media\/23667"}],"wp:attachment":[{"href":"https:\/\/hi-techwonder.com\/es\/wp-json\/wp\/v2\/media?parent=73544"}],"wp:term":[{"taxonomy":"product_brand","embeddable":true,"href":"https:\/\/hi-techwonder.com\/es\/wp-json\/wp\/v2\/product_brand?post=73544"},{"taxonomy":"product_cat","embeddable":true,"href":"https:\/\/hi-techwonder.com\/es\/wp-json\/wp\/v2\/product_cat?post=73544"},{"taxonomy":"product_tag","embeddable":true,"href":"https:\/\/hi-techwonder.com\/es\/wp-json\/wp\/v2\/product_tag?post=73544"}],"curies":[{"name":"wp","href":"https:\/\/api.w.org\/{rel}","templated":true}]}}