{"id":73555,"date":"2025-07-28T23:33:14","date_gmt":"2025-07-28T23:33:14","guid":{"rendered":"https:\/\/fv6qoy3ls0.wpdns.site\/product\/cargador-de-bateria-patona-dmw-blk22\/"},"modified":"2026-01-31T03:49:23","modified_gmt":"2026-01-31T03:49:23","slug":"patona-cargador-de-bateria-patona-dmw-blk22","status":"publish","type":"product","link":"https:\/\/hi-techwonder.com\/es\/producto\/patona-cargador-de-bateria-patona-dmw-blk22\/","title":{"rendered":"PATONA Cargador de bater\u00eda DMW-BLK22"},"content":{"rendered":"<p>Este producto le permite cargar su bater\u00eda de forma r\u00e1pida y segura, con un indicador de carga.<\/p>\n<p>Incluye cargador de encendedor de cigarrillos.<\/p>\n<p><strong>Bater\u00edas compatibles:<\/strong><\/p>\n<ul>\n<li>Panasonic DMW-BLK22<\/li>\n<\/ul>\n<p><strong>C\u00e1maras compatibles:<\/strong><\/p>\n<ul>\n<li>Panasonic DC-S5<\/li>\n<li>Panasonic G9<\/li>\n<li>Panasonic GH5<\/li>\n<li>Panasonic GH5S<\/li>\n<li>y otros compatibles<\/li>\n<\/ul>\n<p><strong>Contenido:<\/strong><\/p>\n<ul>\n<li>1x Cargador Patona<\/li>\n<li>1x cable de alimentaci\u00f3n<\/li>\n<li>1x cable de conexi\u00f3n del encendedor de cigarrillos del coche<\/li>\n<\/ul>\n","protected":false},"excerpt":{"rendered":"<p>Este producto le permite cargar su bater\u00eda de forma r\u00e1pida y segura, con un indicador de carga. Incluye cargador de<\/p>\n","protected":false},"featured_media":23774,"comment_status":"closed","ping_status":"open","template":"","meta":{"_acf_changed":false},"product_brand":[2564],"product_cat":[873],"product_tag":[],"class_list":{"0":"post-73555","1":"product","2":"type-product","3":"status-publish","4":"has-post-thumbnail","6":"product_brand-patona-es","7":"product_cat-panasonic-cargadores","9":"first","10":"instock","11":"taxable","12":"shipping-taxable","13":"purchasable","14":"product-type-simple"},"bundled_by":[],"bundle_stock_status":"instock","bundle_stock_quantity":1,"bundle_virtual":false,"bundle_layout":"","bundle_add_to_cart_form_location":"","bundle_editable_in_cart":false,"bundle_sold_individually_context":"","bundle_item_grouping":"","bundle_min_size":"","bundle_max_size":"","bundle_price":[],"bundled_items":[],"bundle_sell_ids":[],"acf":[],"_links":{"self":[{"href":"https:\/\/hi-techwonder.com\/es\/wp-json\/wp\/v2\/product\/73555","targetHints":{"allow":["GET"]}}],"collection":[{"href":"https:\/\/hi-techwonder.com\/es\/wp-json\/wp\/v2\/product"}],"about":[{"href":"https:\/\/hi-techwonder.com\/es\/wp-json\/wp\/v2\/types\/product"}],"replies":[{"embeddable":true,"href":"https:\/\/hi-techwonder.com\/es\/wp-json\/wp\/v2\/comments?post=73555"}],"wp:featuredmedia":[{"embeddable":true,"href":"https:\/\/hi-techwonder.com\/es\/wp-json\/wp\/v2\/media\/23774"}],"wp:attachment":[{"href":"https:\/\/hi-techwonder.com\/es\/wp-json\/wp\/v2\/media?parent=73555"}],"wp:term":[{"taxonomy":"product_brand","embeddable":true,"href":"https:\/\/hi-techwonder.com\/es\/wp-json\/wp\/v2\/product_brand?post=73555"},{"taxonomy":"product_cat","embeddable":true,"href":"https:\/\/hi-techwonder.com\/es\/wp-json\/wp\/v2\/product_cat?post=73555"},{"taxonomy":"product_tag","embeddable":true,"href":"https:\/\/hi-techwonder.com\/es\/wp-json\/wp\/v2\/product_tag?post=73555"}],"curies":[{"name":"wp","href":"https:\/\/api.w.org\/{rel}","templated":true}]}}