{"id":73563,"date":"2025-07-28T23:32:07","date_gmt":"2025-07-28T23:32:07","guid":{"rendered":"https:\/\/fv6qoy3ls0.wpdns.site\/product\/cargador-patona-premium-v-mount-3a-con-d-tap\/"},"modified":"2026-04-13T18:43:44","modified_gmt":"2026-04-13T17:43:44","slug":"patona-cargador-patona-premium-v-mount-3a-con-d-tap","status":"publish","type":"product","link":"https:\/\/hi-techwonder.com\/es\/producto\/patona-cargador-patona-premium-v-mount-3a-con-d-tap\/","title":{"rendered":"PATONA Cargador Premium V-Mount 3A con D-Tap"},"content":{"rendered":"<p><strong>Cargador Patona Premium V-Mount 3A &#8211; Conexi\u00f3n D-Tap<\/strong><\/p>\n<p>Datos t\u00e9cnicos:<\/p>\n<p>Entrada: 100-240V AC 50-60Hz<\/p>\n<p>Salida: 16.8V, 3A<\/p>\n<p>Bater\u00edas compatibles:<\/p>\n<p>Sony BP-150w<\/p>\n<p>Sony BP-190w<\/p>\n<p>Sony BP-95w<\/p>\n<p>Sony BP-GL65<\/p>\n<p>Sony BP-GL95<\/p>\n<p>Sony BP-GL95A<\/p>\n<p>y otros compatibles<\/p>\n<p>Contenido:<\/p>\n<p>1x Cargador Patona Premium V-Mount<\/p>\n<p>1x cable de alimentaci\u00f3n con conexi\u00f3n D-Tap<\/p>\n","protected":false},"excerpt":{"rendered":"<p>Cargador Patona Premium V-Mount 3A &#8211; Conexi\u00f3n D-Tap Datos t\u00e9cnicos: Entrada: 100-240V AC 50-60Hz Salida: 16.8V, 3A Bater\u00edas compatibles: Sony<\/p>\n","protected":false},"featured_media":23477,"comment_status":"closed","ping_status":"open","template":"","meta":{"_acf_changed":false},"product_brand":[2564],"product_cat":[872],"product_tag":[],"class_list":{"0":"post-73563","1":"product","2":"type-product","3":"status-publish","4":"has-post-thumbnail","6":"product_brand-patona-es","7":"product_cat-outros-cargadores","9":"first","10":"onbackorder","11":"taxable","12":"shipping-taxable","13":"purchasable","14":"product-type-simple"},"bundled_by":[],"bundle_stock_status":"onbackorder","bundle_stock_quantity":null,"bundle_virtual":false,"bundle_layout":"","bundle_add_to_cart_form_location":"","bundle_editable_in_cart":false,"bundle_sold_individually_context":"","bundle_item_grouping":"","bundle_min_size":"","bundle_max_size":"","bundle_price":[],"bundled_items":[],"bundle_sell_ids":[],"acf":[],"_links":{"self":[{"href":"https:\/\/hi-techwonder.com\/es\/wp-json\/wp\/v2\/product\/73563","targetHints":{"allow":["GET"]}}],"collection":[{"href":"https:\/\/hi-techwonder.com\/es\/wp-json\/wp\/v2\/product"}],"about":[{"href":"https:\/\/hi-techwonder.com\/es\/wp-json\/wp\/v2\/types\/product"}],"replies":[{"embeddable":true,"href":"https:\/\/hi-techwonder.com\/es\/wp-json\/wp\/v2\/comments?post=73563"}],"wp:featuredmedia":[{"embeddable":true,"href":"https:\/\/hi-techwonder.com\/es\/wp-json\/wp\/v2\/media\/23477"}],"wp:attachment":[{"href":"https:\/\/hi-techwonder.com\/es\/wp-json\/wp\/v2\/media?parent=73563"}],"wp:term":[{"taxonomy":"product_brand","embeddable":true,"href":"https:\/\/hi-techwonder.com\/es\/wp-json\/wp\/v2\/product_brand?post=73563"},{"taxonomy":"product_cat","embeddable":true,"href":"https:\/\/hi-techwonder.com\/es\/wp-json\/wp\/v2\/product_cat?post=73563"},{"taxonomy":"product_tag","embeddable":true,"href":"https:\/\/hi-techwonder.com\/es\/wp-json\/wp\/v2\/product_tag?post=73563"}],"curies":[{"name":"wp","href":"https:\/\/api.w.org\/{rel}","templated":true}]}}