{"id":73565,"date":"2025-07-28T23:29:53","date_gmt":"2025-07-28T23:29:53","guid":{"rendered":"https:\/\/fv6qoy3ls0.wpdns.site\/product\/bateria-premium-patona-vw-vbd58-ag-vbr59-5200mah\/"},"modified":"2026-02-24T15:16:24","modified_gmt":"2026-02-24T15:16:24","slug":"patona-bateria-premium-patona-vw-vbd58-ag-vbr59-5200mah","status":"publish","type":"product","link":"https:\/\/hi-techwonder.com\/es\/producto\/patona-bateria-premium-patona-vw-vbd58-ag-vbr59-5200mah\/","title":{"rendered":"Bater\u00eda Premium PATONA VW-VBD58\/AG-VBR59 &#8211; 5200mAh"},"content":{"rendered":"<p><span style=\"font-size: small\"><strong>CARACTER\u00cdSTICAS T\u00c9CNICAS<\/strong><\/span><\/p>\n<ul>\n<li><span style=\"font-size: small\">Tipo de bater\u00eda: Li-ion; Capacidad: 5200 mAh, Voltaje: 7,2 V<br \/><\/span><\/li>\n<li><span style=\"font-size: small\">Las celdas de grado A garantizan cargas r\u00e1pidas y un bajo consumo de energ\u00eda; La protecci\u00f3n del circuito integrado garantiza la seguridad y la estabilidad.<br \/><\/span><\/li>\n<li><span style=\"font-size: small\">Producto de calidad: 100% compatible con la bater\u00eda original debido al tama\u00f1o y ajuste perfectos, incluidas todas las caracter\u00edsticas de seguridad electr\u00f3nica.<br \/><\/span><\/li>\n<li><span style=\"font-size: small\">Con certificaci\u00f3n de seguridad: nuestras bater\u00edas se fabrican con los m\u00e1s altos y estrictos est\u00e1ndares de calidad europeos. Dise\u00f1o y concepto t\u00e9cnico de PATONA, Alemania. <br \/><\/span><\/li>\n<li><span style=\"font-size: small\">Reemplace la bater\u00eda original: Panasonic VW-VBD58<\/span><\/li>\n<\/ul>\n<p><span style=\"font-size: small\">&nbsp;<\/span><\/p>\n","protected":false},"excerpt":{"rendered":"<p>CARACTER\u00cdSTICAS T\u00c9CNICAS Tipo de bater\u00eda: Li-ion; Capacidad: 5200 mAh, Voltaje: 7,2 V Las celdas de grado A garantizan cargas r\u00e1pidas<\/p>\n","protected":false},"featured_media":22852,"comment_status":"closed","ping_status":"closed","template":"","meta":{"_acf_changed":false},"product_brand":[2564],"product_cat":[862],"product_tag":[],"class_list":{"0":"post-73565","1":"product","2":"type-product","3":"status-publish","4":"has-post-thumbnail","6":"product_brand-patona-es","7":"product_cat-panasonic-es","9":"first","10":"onbackorder","11":"taxable","12":"shipping-taxable","13":"purchasable","14":"product-type-simple"},"bundled_by":[],"bundle_stock_status":"onbackorder","bundle_stock_quantity":null,"bundle_virtual":false,"bundle_layout":"","bundle_add_to_cart_form_location":"","bundle_editable_in_cart":false,"bundle_sold_individually_context":"","bundle_item_grouping":"","bundle_min_size":"","bundle_max_size":"","bundle_price":[],"bundled_items":[],"bundle_sell_ids":[],"acf":[],"_links":{"self":[{"href":"https:\/\/hi-techwonder.com\/es\/wp-json\/wp\/v2\/product\/73565","targetHints":{"allow":["GET"]}}],"collection":[{"href":"https:\/\/hi-techwonder.com\/es\/wp-json\/wp\/v2\/product"}],"about":[{"href":"https:\/\/hi-techwonder.com\/es\/wp-json\/wp\/v2\/types\/product"}],"replies":[{"embeddable":true,"href":"https:\/\/hi-techwonder.com\/es\/wp-json\/wp\/v2\/comments?post=73565"}],"wp:featuredmedia":[{"embeddable":true,"href":"https:\/\/hi-techwonder.com\/es\/wp-json\/wp\/v2\/media\/22852"}],"wp:attachment":[{"href":"https:\/\/hi-techwonder.com\/es\/wp-json\/wp\/v2\/media?parent=73565"}],"wp:term":[{"taxonomy":"product_brand","embeddable":true,"href":"https:\/\/hi-techwonder.com\/es\/wp-json\/wp\/v2\/product_brand?post=73565"},{"taxonomy":"product_cat","embeddable":true,"href":"https:\/\/hi-techwonder.com\/es\/wp-json\/wp\/v2\/product_cat?post=73565"},{"taxonomy":"product_tag","embeddable":true,"href":"https:\/\/hi-techwonder.com\/es\/wp-json\/wp\/v2\/product_tag?post=73565"}],"curies":[{"name":"wp","href":"https:\/\/api.w.org\/{rel}","templated":true}]}}