{"id":73568,"date":"2025-07-28T23:27:53","date_gmt":"2025-07-28T23:27:53","guid":{"rendered":"https:\/\/fv6qoy3ls0.wpdns.site\/product\/bateria-premium-patona-en-el25-1280mah\/"},"modified":"2026-03-02T17:46:53","modified_gmt":"2026-03-02T17:46:53","slug":"patona-bateria-premium-patona-en-el25-1280mah","status":"publish","type":"product","link":"https:\/\/hi-techwonder.com\/es\/producto\/patona-bateria-premium-patona-en-el25-1280mah\/","title":{"rendered":"Bater\u00eda Premium PATONA EN-EL25 &#8211; 1280mAh"},"content":{"rendered":"<p><b>Bater\u00eda Premium PATONA EN-EL25 &#8211; 1280mAh<\/b><\/p>\n<p><\/p>\n<p><b>Contenido del paquete:<\/b><\/p>\n<ul>\n<li>1 x Bater\u00eda PATONA Premium EN-EL25 &#8211; 1280mAh<\/li>\n<\/ul>\n<p><\/p>\n<p><b>Bater\u00edas compatibles:<\/b><\/p>\n<ul>\n<li>Nikon EN-EL25<\/li>\n<\/ul>\n<p><\/p>\n<p><b>C\u00e1maras compatibles:<\/b><\/p>\n<ul>\n<li>Nikon Z50<\/li>\n<li>Nikon Zfc<\/li>\n<\/ul>\n<p><\/p>\n<p><b>Caracter\u00edsticas t\u00e9cnicas:<\/b><\/p>\n<ul>\n<li>Tipo: Litio (Li-Ion)<\/li>\n<li>Voltaje: 7,6 V<\/li>\n<li>Capacidad: 1280 mAh, 9,73 Wh<\/li>\n<\/ul>\n<div><\/div>\n<p><\/p>\n","protected":false},"excerpt":{"rendered":"<p>Bater\u00eda Premium PATONA EN-EL25 &#8211; 1280mAh Contenido del paquete: 1 x Bater\u00eda PATONA Premium EN-EL25 &#8211; 1280mAh Bater\u00edas compatibles: Nikon<\/p>\n","protected":false},"featured_media":22185,"comment_status":"closed","ping_status":"closed","template":"","meta":{"_acf_changed":false},"product_brand":[2564],"product_cat":[859],"product_tag":[],"class_list":{"0":"post-73568","1":"product","2":"type-product","3":"status-publish","4":"has-post-thumbnail","6":"product_brand-patona-es","7":"product_cat-nikon-es","9":"first","10":"instock","11":"taxable","12":"shipping-taxable","13":"purchasable","14":"product-type-simple"},"bundled_by":[],"bundle_stock_status":"instock","bundle_stock_quantity":1,"bundle_virtual":false,"bundle_layout":"","bundle_add_to_cart_form_location":"","bundle_editable_in_cart":false,"bundle_sold_individually_context":"","bundle_item_grouping":"","bundle_min_size":"","bundle_max_size":"","bundle_price":[],"bundled_items":[],"bundle_sell_ids":[],"acf":[],"_links":{"self":[{"href":"https:\/\/hi-techwonder.com\/es\/wp-json\/wp\/v2\/product\/73568","targetHints":{"allow":["GET"]}}],"collection":[{"href":"https:\/\/hi-techwonder.com\/es\/wp-json\/wp\/v2\/product"}],"about":[{"href":"https:\/\/hi-techwonder.com\/es\/wp-json\/wp\/v2\/types\/product"}],"replies":[{"embeddable":true,"href":"https:\/\/hi-techwonder.com\/es\/wp-json\/wp\/v2\/comments?post=73568"}],"wp:featuredmedia":[{"embeddable":true,"href":"https:\/\/hi-techwonder.com\/es\/wp-json\/wp\/v2\/media\/22185"}],"wp:attachment":[{"href":"https:\/\/hi-techwonder.com\/es\/wp-json\/wp\/v2\/media?parent=73568"}],"wp:term":[{"taxonomy":"product_brand","embeddable":true,"href":"https:\/\/hi-techwonder.com\/es\/wp-json\/wp\/v2\/product_brand?post=73568"},{"taxonomy":"product_cat","embeddable":true,"href":"https:\/\/hi-techwonder.com\/es\/wp-json\/wp\/v2\/product_cat?post=73568"},{"taxonomy":"product_tag","embeddable":true,"href":"https:\/\/hi-techwonder.com\/es\/wp-json\/wp\/v2\/product_tag?post=73568"}],"curies":[{"name":"wp","href":"https:\/\/api.w.org\/{rel}","templated":true}]}}