{"id":73570,"date":"2025-07-28T23:29:03","date_gmt":"2025-07-28T23:29:03","guid":{"rendered":"https:\/\/fv6qoy3ls0.wpdns.site\/product\/patona-premium-np-fw50-acoplador-ficticio-con-usb-c\/"},"modified":"2025-10-20T11:01:08","modified_gmt":"2025-10-20T11:01:08","slug":"patona-premium-np-fw50-acoplador-ficticio-con-usb-c","status":"publish","type":"product","link":"https:\/\/hi-techwonder.com\/es\/producto\/patona-premium-np-fw50-acoplador-ficticio-con-usb-c\/","title":{"rendered":"PATONA Premium NP-FW50 Acoplador ficticio con USB-C"},"content":{"rendered":"<h3 data-start=\"336\" data-end=\"415\" class=\"\"><strong data-start=\"340\" data-end=\"415\">Adaptador de bater\u00eda premium PATONA con entrada USB-C para Sony NP-FW50<\/strong><\/h3>\n<h3 data-start=\"336\" data-end=\"415\" class=\"\"><strong data-start=\"340\" data-end=\"415\"><br \/><\/strong><\/h3>\n<h3 data-start=\"422\" data-end=\"445\" class=\"\"><strong data-start=\"426\" data-end=\"445\">Funciones<\/strong><\/h3>\n<h3 data-start=\"336\" data-end=\"415\" class=\"\">\n<ul data-start=\"446\" data-end=\"990\" style=\"\">\n<li data-start=\"446\" data-end=\"547\" class=\"\" style=\"\">\n<p data-start=\"448\" data-end=\"547\" class=\"\" style=\"\">Adaptador de bater\u00eda premium con entrada USB-C para c\u00e1maras Sony compatible con bater\u00edas NP-FW50.<\/p>\n<\/li>\n<li data-start=\"548\" data-end=\"679\" class=\"\" style=\"\">\n<p data-start=\"550\" data-end=\"679\" class=\"\">Le permite utilizar la c\u00e1mara conectada directamente a una fuente de alimentaci\u00f3n USB-C (banco de energ\u00eda, cargador o fuente de salida USB-C).<\/p>\n<\/li>\n<li data-start=\"680\" data-end=\"772\" class=\"\" style=\"\">\n<p data-start=\"682\" data-end=\"772\" class=\"\">Ideal para sesiones prolongadas de fotos o v\u00eddeos, sin depender de bater\u00edas internas.<\/p>\n<\/li>\n<li data-start=\"773\" data-end=\"849\" class=\"\" style=\"\">\n<p data-start=\"775\" data-end=\"849\" class=\"\">Compatible con varios modelos Sony Alpha, NEX, Cybershot, entre otros.<\/p>\n<\/li>\n<li data-start=\"850\" data-end=\"931\" class=\"\" style=\"\">\n<p data-start=\"852\" data-end=\"931\" class=\"\">Tambi\u00e9n se puede utilizar con monitores y luces LED que utilizan bater\u00edas NP-FW50.<\/p>\n<\/li>\n<li data-start=\"932\" data-end=\"990\" class=\"\" style=\"\">\n<p data-start=\"934\" data-end=\"990\" class=\"\">Construcci\u00f3n de alta calidad de la gama Premium de PATONA.<\/p>\n<\/li>\n<\/ul>\n<\/h3>\n<h3 data-start=\"336\" data-end=\"415\" class=\"\"><strong data-start=\"340\" data-end=\"415\"><br \/><\/strong><\/h3>\n<h3 data-start=\"1820\" data-end=\"1842\" class=\"\"><strong data-start=\"1824\" data-end=\"1842\">Caracter\u00edsticas t\u00e9cnicas<\/strong><\/h3>\n<h3 data-start=\"336\" data-end=\"415\" class=\"\">\n<ul data-start=\"1843\" data-end=\"2466\" style=\"\">\n<li data-start=\"1923\" data-end=\"2138\" class=\"\" style=\"\">\n<p data-start=\"1925\" data-end=\"2138\" class=\"\"><span data-start=\"1925\" data-end=\"1945\"><b>Compatibilidad<\/b>:&nbsp;<\/p>\n<p data-start=\"1925\" data-end=\"2138\" class=\"\"><b>Sony<\/b> &#8211; A35, A37, ILCE QX1, NEX-3N, NEX-5R, NEX6, NEX-6, NEXF3, NEX-F3<\/p>\n<p data-start=\"1925\" data-end=\"2138\" class=\"\"><b>Alfa<\/b> : 7, 5000, 5100, 6000<\/p>\n<p data-start=\"1925\" data-end=\"2138\" class=\"\"><b>Cybershot<\/b> &#8211; RSCRX10, RSC-RX10<\/p>\n<p data-start=\"1925\" data-end=\"2138\" class=\"\"><b>NEX <\/b>&#8211; A33, A55, NEX.3, NEX.3C, NEX.5, NEX.5A, NEX.5C, NEX.5D, NEX.5K, NEX3, NEX3C, NEX5, NEX5A, NEX5C, NEX5D, NEX5K, NEX5N, NEX-5N, NEX7, NEX-7, NEX7B, NEX-7B, NEX7C, NEX-7C, NEX7K, NEX-7K, NEXC3, NEX-C3<\/p>\n<\/li>\n<li data-start=\"2179\" data-end=\"2221\" class=\"\" style=\"\">\n<p data-start=\"2181\" data-end=\"2221\" class=\"\">Voltaje de entrada: DC 8.5V ~ 9.25V<\/p>\n<\/li>\n<li data-start=\"2222\" data-end=\"2268\" class=\"\" style=\"\">\n<p data-start=\"2224\" data-end=\"2268\" class=\"\">Voltaje de salida: 8,4 V m\u00e1x. \/ 8.0V min <\/p>\n<\/li>\n<li data-start=\"2269\" data-end=\"2311\" class=\"\" style=\"\">\n<p data-start=\"2271\" data-end=\"2311\" class=\"\">Corriente de entrada: = 1,5 A (m\u00e1x.)<\/p>\n<\/li>\n<li data-start=\"2312\" data-end=\"2359\" class=\"\" style=\"\">\n<p data-start=\"2314\" data-end=\"2359\" class=\"\">Corriente de salida: = 1,5 A (recomendado)<\/p>\n<\/li>\n<li data-start=\"2360\" data-end=\"2401\" class=\"\" style=\"\">\n<p data-start=\"2362\" data-end=\"2401\" class=\"\">Longitud del cable: aprox. 40 cm <\/p>\n<\/li>\n<li data-start=\"2402\" data-end=\"2439\" class=\"\" style=\"\">\n<p data-start=\"2404\" data-end=\"2439\" class=\"\" style=\"\"><b>Conexi\u00f3n de alimentaci\u00f3n: USB-C<\/b><\/p>\n<\/li>\n<\/ul>\n<p><\/span><\/h3>\n<h3 data-start=\"336\" data-end=\"415\" class=\"\"><strong data-start=\"340\" data-end=\"415\"><br \/><\/strong><\/h3>\n<h3 data-start=\"2473\" data-end=\"2505\" class=\"\"><strong data-start=\"2477\" data-end=\"2505\">Informaci\u00f3n de embalaje<\/strong><\/h3>\n<h3 data-start=\"336\" data-end=\"415\" class=\"\">\n<ul data-start=\"2506\" data-end=\"2759\" style=\"\">\n<li data-start=\"2506\" data-end=\"2554\" class=\"\" style=\"\">\n<p data-start=\"2508\" data-end=\"2554\" class=\"\" style=\"\"><span data-start=\"2508\" data-end=\"2530\" style=\"\">Peso del paquete: 100g<\/p>\n<\/li>\n<li data-start=\"2555\" data-end=\"2604\" class=\"\" style=\"\">\n<p data-start=\"2557\" data-end=\"2604\" class=\"\" style=\"\">Dimensiones de la caja (LxAxA): 13 x 9 x 3cm<\/p>\n<\/li>\n<\/ul>\n<p><\/span><\/h3>\n","protected":false},"excerpt":{"rendered":"<p>Adaptador de bater\u00eda premium PATONA con entrada USB-C para Sony NP-FW50 Funciones Adaptador de bater\u00eda premium con entrada USB-C para<\/p>\n","protected":false},"featured_media":22593,"comment_status":"closed","ping_status":"closed","template":"","meta":{"_acf_changed":false},"product_brand":[2564],"product_cat":[864],"product_tag":[],"class_list":{"0":"post-73570","1":"product","2":"type-product","3":"status-publish","4":"has-post-thumbnail","6":"product_brand-patona-es","7":"product_cat-sony-es","9":"first","10":"onbackorder","11":"taxable","12":"shipping-taxable","13":"purchasable","14":"product-type-simple"},"bundled_by":[],"bundle_stock_status":"onbackorder","bundle_stock_quantity":null,"bundle_virtual":false,"bundle_layout":"","bundle_add_to_cart_form_location":"","bundle_editable_in_cart":false,"bundle_sold_individually_context":"","bundle_item_grouping":"","bundle_min_size":"","bundle_max_size":"","bundle_price":[],"bundled_items":[],"bundle_sell_ids":[],"acf":[],"_links":{"self":[{"href":"https:\/\/hi-techwonder.com\/es\/wp-json\/wp\/v2\/product\/73570","targetHints":{"allow":["GET"]}}],"collection":[{"href":"https:\/\/hi-techwonder.com\/es\/wp-json\/wp\/v2\/product"}],"about":[{"href":"https:\/\/hi-techwonder.com\/es\/wp-json\/wp\/v2\/types\/product"}],"replies":[{"embeddable":true,"href":"https:\/\/hi-techwonder.com\/es\/wp-json\/wp\/v2\/comments?post=73570"}],"wp:featuredmedia":[{"embeddable":true,"href":"https:\/\/hi-techwonder.com\/es\/wp-json\/wp\/v2\/media\/22593"}],"wp:attachment":[{"href":"https:\/\/hi-techwonder.com\/es\/wp-json\/wp\/v2\/media?parent=73570"}],"wp:term":[{"taxonomy":"product_brand","embeddable":true,"href":"https:\/\/hi-techwonder.com\/es\/wp-json\/wp\/v2\/product_brand?post=73570"},{"taxonomy":"product_cat","embeddable":true,"href":"https:\/\/hi-techwonder.com\/es\/wp-json\/wp\/v2\/product_cat?post=73570"},{"taxonomy":"product_tag","embeddable":true,"href":"https:\/\/hi-techwonder.com\/es\/wp-json\/wp\/v2\/product_tag?post=73570"}],"curies":[{"name":"wp","href":"https:\/\/api.w.org\/{rel}","templated":true}]}}