{"id":73571,"date":"2025-07-28T23:28:58","date_gmt":"2025-07-28T23:28:58","guid":{"rendered":"https:\/\/fv6qoy3ls0.wpdns.site\/product\/bateria-premium-patona-np-f750-4400mah\/"},"modified":"2026-03-02T17:40:55","modified_gmt":"2026-03-02T17:40:55","slug":"patona-bateria-premium-patona-np-f750-4400mah","status":"publish","type":"product","link":"https:\/\/hi-techwonder.com\/es\/producto\/patona-bateria-premium-patona-np-f750-4400mah\/","title":{"rendered":"Bater\u00eda Premium PATONA NP-F750 &#8211; 4400mAh"},"content":{"rendered":"<p><strong>RES\u00daMENES<\/strong><\/p>\n<ul>\n<li>Tipo: Litio<\/li>\n<li>Capacidad: 4400mAh<\/li>\n<li>Voltaje: 7,2 V<\/li>\n<\/ul>\n<div>&nbsp;<\/div>\n<div>Para satisfacer las necesidades de los clientes m\u00e1s exigentes, se cre\u00f3 la serie Premium, con mayor capacidad, autonom\u00eda y tiempos de carga m\u00e1s cortos.<\/p>\n<p>Bater\u00edas compatibles:<br \/>Sony: NP-F750 NP-F720 NP-F730 BP-F550 NP-F530 NP-F330 NP-F770 NP-F930 NP-F960 NP-F960 NP-F970<br \/>Hitachi: VM-BPL27, VW-VBD2, VW-VBW2E, VW-B202<br \/>JVC: BN-V812 BN-V812U BN-V814 BN-V814U<br \/>Panasonic: VW-VBD1, VW-VBD1E, VW-VBD2, VW-VBD2E, CGR-B\/202, CGR-B\/202A1B, CGR-B\/202E1B<\/p>\n<p><\/div>\n","protected":false},"excerpt":{"rendered":"<p>RES\u00daMENES Tipo: Litio Capacidad: 4400mAh Voltaje: 7,2 V &nbsp; Para satisfacer las necesidades de los clientes m\u00e1s exigentes, se cre\u00f3<\/p>\n","protected":false},"featured_media":22532,"comment_status":"closed","ping_status":"closed","template":"","meta":{"_acf_changed":false},"product_brand":[2564],"product_cat":[864],"product_tag":[],"class_list":{"0":"post-73571","1":"product","2":"type-product","3":"status-publish","4":"has-post-thumbnail","6":"product_brand-patona-es","7":"product_cat-sony-es","9":"first","10":"instock","11":"taxable","12":"shipping-taxable","13":"purchasable","14":"product-type-simple"},"bundled_by":[],"bundle_stock_status":"instock","bundle_stock_quantity":2,"bundle_virtual":false,"bundle_layout":"","bundle_add_to_cart_form_location":"","bundle_editable_in_cart":false,"bundle_sold_individually_context":"","bundle_item_grouping":"","bundle_min_size":"","bundle_max_size":"","bundle_price":[],"bundled_items":[],"bundle_sell_ids":[],"acf":[],"_links":{"self":[{"href":"https:\/\/hi-techwonder.com\/es\/wp-json\/wp\/v2\/product\/73571","targetHints":{"allow":["GET"]}}],"collection":[{"href":"https:\/\/hi-techwonder.com\/es\/wp-json\/wp\/v2\/product"}],"about":[{"href":"https:\/\/hi-techwonder.com\/es\/wp-json\/wp\/v2\/types\/product"}],"replies":[{"embeddable":true,"href":"https:\/\/hi-techwonder.com\/es\/wp-json\/wp\/v2\/comments?post=73571"}],"wp:featuredmedia":[{"embeddable":true,"href":"https:\/\/hi-techwonder.com\/es\/wp-json\/wp\/v2\/media\/22532"}],"wp:attachment":[{"href":"https:\/\/hi-techwonder.com\/es\/wp-json\/wp\/v2\/media?parent=73571"}],"wp:term":[{"taxonomy":"product_brand","embeddable":true,"href":"https:\/\/hi-techwonder.com\/es\/wp-json\/wp\/v2\/product_brand?post=73571"},{"taxonomy":"product_cat","embeddable":true,"href":"https:\/\/hi-techwonder.com\/es\/wp-json\/wp\/v2\/product_cat?post=73571"},{"taxonomy":"product_tag","embeddable":true,"href":"https:\/\/hi-techwonder.com\/es\/wp-json\/wp\/v2\/product_tag?post=73571"}],"curies":[{"name":"wp","href":"https:\/\/api.w.org\/{rel}","templated":true}]}}