{"id":73572,"date":"2025-07-28T23:27:27","date_gmt":"2025-07-28T23:27:27","guid":{"rendered":"https:\/\/fv6qoy3ls0.wpdns.site\/product\/acoplador-patona-premium-dummy-lp-e6-con-usb-c\/"},"modified":"2026-01-31T03:57:20","modified_gmt":"2026-01-31T03:57:20","slug":"patona-acoplador-patona-premium-dummy-lp-e6-con-usb-c","status":"publish","type":"product","link":"https:\/\/hi-techwonder.com\/es\/producto\/patona-acoplador-patona-premium-dummy-lp-e6-con-usb-c\/","title":{"rendered":"Acoplador PATONA Premium Dummy LP-E6 con USB-C"},"content":{"rendered":"<h3><b>Acoplador Patona Premium Dummy LP-E6 con USB-C<\/b><\/h3>\n<p>&nbsp;<\/p>\n<p>&nbsp;<\/p>\n<h4><b>Funciones:<\/b><\/h4>\n<p>Entrada: DC 8.5V~9.25V | = 9,25 V \/ 1,5 A m\u00e1x.<\/p>\n<p>Salida: 8,4 V m\u00e1x., CC 8,0 V m\u00edn. | = 1,5 A m\u00e1x. (recomendado)<\/p>\n<p>Longitud del cable: 40 cm<\/p>\n<p>&nbsp;<\/p>\n<h4><b>C\u00e1maras compatibles:<\/b><\/h4>\n<p>Canon EOS 5D, Canon EOS 5D Mark II, Canon EOS 5D Mark III, Canon EOS 5DS, Canon EOS 5DS R, Canon EOS R6, Canon EOS 60D, Canon EOS 60Da, Canon EOS 6D, Canon EOS 70D, Canon EOS 7D, Canon EOS 7D, Canon EOS 7D Mark II, Canon EOS 80D, Canon EOS 90D, Canon EOS R 5D, Canon EOS XC10, Canon EOS R, Blackmagic Pocket Cinema Camera 4K, Blackmagic Pocket Cinema Camera 6K y otros compatibles<\/p>\n<p>&nbsp;<\/p>\n<p>&nbsp;<\/p>\n<h4><b>Bater\u00edas\/adaptadores compatibles:<\/b><\/h4>\n<p>Canon VP-DRE6, Canon LP-E6, Canon LP-E6N, Canon LP-E6NH y otros compatibles<\/p>\n<p>&nbsp;<\/p>\n<p>&nbsp;<\/p>\n<h4><b>Contenido:<\/b><\/h4>\n<p>1x Acoplador ficticio Patona Premium con USB-C<\/p>\n<p>&nbsp;<\/p>\n<p>&nbsp;<\/p>\n<p>&nbsp;<\/p>\n","protected":false},"excerpt":{"rendered":"<p>Acoplador Patona Premium Dummy LP-E6 con USB-C &nbsp; &nbsp; Funciones: Entrada: DC 8.5V~9.25V | = 9,25 V \/ 1,5 A<\/p>\n","protected":false},"featured_media":22021,"comment_status":"closed","ping_status":"closed","template":"","meta":{"_acf_changed":false},"product_brand":[2564],"product_cat":[856],"product_tag":[],"class_list":{"0":"post-73572","1":"product","2":"type-product","3":"status-publish","4":"has-post-thumbnail","6":"product_brand-patona-es","7":"product_cat-canon-es","9":"first","10":"instock","11":"taxable","12":"shipping-taxable","13":"purchasable","14":"product-type-simple"},"bundled_by":[],"bundle_stock_status":"instock","bundle_stock_quantity":1,"bundle_virtual":false,"bundle_layout":"","bundle_add_to_cart_form_location":"","bundle_editable_in_cart":false,"bundle_sold_individually_context":"","bundle_item_grouping":"","bundle_min_size":"","bundle_max_size":"","bundle_price":[],"bundled_items":[],"bundle_sell_ids":[],"acf":[],"_links":{"self":[{"href":"https:\/\/hi-techwonder.com\/es\/wp-json\/wp\/v2\/product\/73572","targetHints":{"allow":["GET"]}}],"collection":[{"href":"https:\/\/hi-techwonder.com\/es\/wp-json\/wp\/v2\/product"}],"about":[{"href":"https:\/\/hi-techwonder.com\/es\/wp-json\/wp\/v2\/types\/product"}],"replies":[{"embeddable":true,"href":"https:\/\/hi-techwonder.com\/es\/wp-json\/wp\/v2\/comments?post=73572"}],"wp:featuredmedia":[{"embeddable":true,"href":"https:\/\/hi-techwonder.com\/es\/wp-json\/wp\/v2\/media\/22021"}],"wp:attachment":[{"href":"https:\/\/hi-techwonder.com\/es\/wp-json\/wp\/v2\/media?parent=73572"}],"wp:term":[{"taxonomy":"product_brand","embeddable":true,"href":"https:\/\/hi-techwonder.com\/es\/wp-json\/wp\/v2\/product_brand?post=73572"},{"taxonomy":"product_cat","embeddable":true,"href":"https:\/\/hi-techwonder.com\/es\/wp-json\/wp\/v2\/product_cat?post=73572"},{"taxonomy":"product_tag","embeddable":true,"href":"https:\/\/hi-techwonder.com\/es\/wp-json\/wp\/v2\/product_tag?post=73572"}],"curies":[{"name":"wp","href":"https:\/\/api.w.org\/{rel}","templated":true}]}}