{"id":73574,"date":"2025-07-28T23:29:03","date_gmt":"2025-07-28T23:29:03","guid":{"rendered":"https:\/\/fv6qoy3ls0.wpdns.site\/product\/patona-premium-dummy-np-f-aclopador-con-usb-c\/"},"modified":"2025-11-07T16:15:12","modified_gmt":"2025-11-07T16:15:12","slug":"patona-premium-dummy-np-f-aclopador-con-usb-c","status":"publish","type":"product","link":"https:\/\/hi-techwonder.com\/es\/producto\/patona-premium-dummy-np-f-aclopador-con-usb-c\/","title":{"rendered":"PATONA Premium Dummy NP-F Aclopador con USB-C"},"content":{"rendered":"<p><strong>Patona Premium Aclopador Dummy NP-F con USB-C<\/strong><\/p>\n<p>Los adaptadores de bater\u00eda USB-C est\u00e1n dise\u00f1ados para prolongar la vida \u00fatil de la bater\u00eda. Esto le permite operar su c\u00e1mara convencional con una fuente de salida USB-C, independiente de una fuente de alimentaci\u00f3n fija. <\/p>\n<p>Puede utilizar fuentes de alimentaci\u00f3n y bancos de energ\u00eda adecuados con salida USB-C.<\/p>\n<p>Los adaptadores tambi\u00e9n se pueden utilizar en monitores LED y luces en las que se utiliza una bater\u00eda compatible.<\/p>\n<p><strong>Datos t\u00e9cnicos:<\/strong><\/p>\n<p>Entrada: DC 8.5V~9.25V | = 9,25 V \/ 1,5 A m\u00e1x.<\/p>\n<p>Salida: 8,4 V m\u00e1x., CC 8,0 V m\u00edn. | = 1,5 A m\u00e1x. (recomendado)<\/p>\n<p>Longitud del cable: 40 cm<\/p>\n<p><strong>C\u00e1maras compatibles:<\/strong><\/p>\n<p><\/p>\n<p><strong>Bater\u00edas\/adaptadores compatibles:<\/strong><\/p>\n<p>Vicepresidente de Sony<\/p>\n<p>Sony NP-FM50<\/p>\n<p>Sony NP-F550<\/p>\n<p>Sony NP-F750<\/p>\n<p>Sony NP-F960<\/p>\n<p>Sony NP-F970<\/p>\n<p>Sony NP-FM500<\/p>\n<p>Sony NP-FM500H<\/p>\n<p>y otros compatibles<\/p>\n<p><strong>Contenido:<\/strong><\/p>\n<p>1x Acoplador ficticio Patona Premium con USB-C<\/p>\n","protected":false},"excerpt":{"rendered":"<p>Patona Premium Aclopador Dummy NP-F con USB-C Los adaptadores de bater\u00eda USB-C est\u00e1n dise\u00f1ados para prolongar la vida \u00fatil de<\/p>\n","protected":false},"featured_media":22582,"comment_status":"closed","ping_status":"closed","template":"","meta":{"_acf_changed":false},"product_brand":[2564],"product_cat":[864],"product_tag":[],"class_list":{"0":"post-73574","1":"product","2":"type-product","3":"status-publish","4":"has-post-thumbnail","6":"product_brand-patona-es","7":"product_cat-sony-es","9":"first","10":"instock","11":"taxable","12":"shipping-taxable","13":"purchasable","14":"product-type-simple"},"bundled_by":[],"bundle_stock_status":"instock","bundle_stock_quantity":1,"bundle_virtual":false,"bundle_layout":"","bundle_add_to_cart_form_location":"","bundle_editable_in_cart":false,"bundle_sold_individually_context":"","bundle_item_grouping":"","bundle_min_size":"","bundle_max_size":"","bundle_price":[],"bundled_items":[],"bundle_sell_ids":[],"acf":[],"_links":{"self":[{"href":"https:\/\/hi-techwonder.com\/es\/wp-json\/wp\/v2\/product\/73574","targetHints":{"allow":["GET"]}}],"collection":[{"href":"https:\/\/hi-techwonder.com\/es\/wp-json\/wp\/v2\/product"}],"about":[{"href":"https:\/\/hi-techwonder.com\/es\/wp-json\/wp\/v2\/types\/product"}],"replies":[{"embeddable":true,"href":"https:\/\/hi-techwonder.com\/es\/wp-json\/wp\/v2\/comments?post=73574"}],"wp:featuredmedia":[{"embeddable":true,"href":"https:\/\/hi-techwonder.com\/es\/wp-json\/wp\/v2\/media\/22582"}],"wp:attachment":[{"href":"https:\/\/hi-techwonder.com\/es\/wp-json\/wp\/v2\/media?parent=73574"}],"wp:term":[{"taxonomy":"product_brand","embeddable":true,"href":"https:\/\/hi-techwonder.com\/es\/wp-json\/wp\/v2\/product_brand?post=73574"},{"taxonomy":"product_cat","embeddable":true,"href":"https:\/\/hi-techwonder.com\/es\/wp-json\/wp\/v2\/product_cat?post=73574"},{"taxonomy":"product_tag","embeddable":true,"href":"https:\/\/hi-techwonder.com\/es\/wp-json\/wp\/v2\/product_tag?post=73574"}],"curies":[{"name":"wp","href":"https:\/\/api.w.org\/{rel}","templated":true}]}}