{"id":73576,"date":"2025-07-28T23:29:10","date_gmt":"2025-07-28T23:29:10","guid":{"rendered":"https:\/\/fv6qoy3ls0.wpdns.site\/product\/patona-patona-premium-acoplador-ficticio-np-fz100-con-usb-c\/"},"modified":"2026-02-08T22:01:19","modified_gmt":"2026-02-08T22:01:19","slug":"patona-patona-premium-acoplador-ficticio-np-fz100-con-usb-c","status":"publish","type":"product","link":"https:\/\/hi-techwonder.com\/es\/producto\/patona-patona-premium-acoplador-ficticio-np-fz100-con-usb-c\/","title":{"rendered":"PATONA Patona Premium Acoplador ficticio NP-FZ100 con USB-C"},"content":{"rendered":"<h2><b>Acoplador ficticio Patona Premium NP-FZ100 con USB-C<\/b><\/h2>\n<h2><b><br \/><\/b><\/h2>\n<p>Los adaptadores de bater\u00eda USB-C son una gran adici\u00f3n a la gama Patana. Estos est\u00e1n dise\u00f1ados para prolongar la vida \u00fatil de la bater\u00eda. Esto le permite operar su c\u00e1mara convencional con una fuente de salida USB-C independientemente de una fuente de alimentaci\u00f3n fija. Puede utilizar fuentes de alimentaci\u00f3n y bancos de energ\u00eda adecuados con salida USB-C. Los adaptadores tambi\u00e9n se pueden utilizar en monitores LED y luces en las que se utiliza una bater\u00eda compatible.    <\/p>\n<p><\/p>\n<h3><b>Funciones:<\/b><\/h3>\n<p><b>Entrada: <\/b>CC 8,5 V ~ 9,25 V | = 9,25 V \/ 1,5 A m\u00e1x.<\/p>\n<p><b>Salida:<\/b> 8,4 V m\u00e1x., CC 8,0 V m\u00edn. | = 1,5 A m\u00e1x. (recomendado)<\/p>\n<p><b>Longitud del cable:<\/b> 40 cm<\/p>\n<p><\/p>\n<h3><b>C\u00e1maras compatibles:<\/b><\/h3>\n<p>Sony Alpha A1, Sony Alpha A1 II, Sony Alpha A6600, Sony Alpha A6700, Sony Alpha A7 III, Sony Alpha A7 IV, Sony Alpha A7C, Sony Alpha A7C II, Sony Alpha A7CR, Sony Alpha A7R III, Sony Alpha A7R IV, Sony Alpha A7R V, Sony Alpha A7S III, Sony Alpha A9, Sony Alpha A9 II, Sony Alpha A9 III,  Sony Alpha ZV-E10 II, Sony ZV-E1 y otros compatibles.<\/p>\n<p><\/p>\n<h3><b>Bater\u00edas\/adaptadores compatibles:<\/b><\/h3>\n<p>Sony VP-FZ100, Sony NP-FZ100 y otros compatibles<\/p>\n<p><\/p>\n<h3><b>Contenido:<\/b><\/h3>\n<p>1x Acoplador ficticio Patona Premium con USB-C<\/p>\n<p><\/p>\n<p><\/p>\n<p><\/p>\n<p><\/p>\n<p><\/p>\n<p><\/p>\n<p><\/p>\n<p><\/p>\n<p><\/p>\n<p><\/p>\n<p><\/p>\n<p><\/p>\n","protected":false},"excerpt":{"rendered":"<p>Acoplador ficticio Patona Premium NP-FZ100 con USB-C Los adaptadores de bater\u00eda USB-C son una gran adici\u00f3n a la gama Patana.<\/p>\n","protected":false},"featured_media":22596,"comment_status":"closed","ping_status":"closed","template":"","meta":{"_acf_changed":false},"product_brand":[2564],"product_cat":[864],"product_tag":[],"class_list":{"0":"post-73576","1":"product","2":"type-product","3":"status-publish","4":"has-post-thumbnail","6":"product_brand-patona-es","7":"product_cat-sony-es","9":"first","10":"onbackorder","11":"taxable","12":"shipping-taxable","13":"purchasable","14":"product-type-simple"},"bundled_by":[],"bundle_stock_status":"onbackorder","bundle_stock_quantity":null,"bundle_virtual":false,"bundle_layout":"","bundle_add_to_cart_form_location":"","bundle_editable_in_cart":false,"bundle_sold_individually_context":"","bundle_item_grouping":"","bundle_min_size":"","bundle_max_size":"","bundle_price":[],"bundled_items":[],"bundle_sell_ids":[],"acf":[],"_links":{"self":[{"href":"https:\/\/hi-techwonder.com\/es\/wp-json\/wp\/v2\/product\/73576","targetHints":{"allow":["GET"]}}],"collection":[{"href":"https:\/\/hi-techwonder.com\/es\/wp-json\/wp\/v2\/product"}],"about":[{"href":"https:\/\/hi-techwonder.com\/es\/wp-json\/wp\/v2\/types\/product"}],"replies":[{"embeddable":true,"href":"https:\/\/hi-techwonder.com\/es\/wp-json\/wp\/v2\/comments?post=73576"}],"wp:featuredmedia":[{"embeddable":true,"href":"https:\/\/hi-techwonder.com\/es\/wp-json\/wp\/v2\/media\/22596"}],"wp:attachment":[{"href":"https:\/\/hi-techwonder.com\/es\/wp-json\/wp\/v2\/media?parent=73576"}],"wp:term":[{"taxonomy":"product_brand","embeddable":true,"href":"https:\/\/hi-techwonder.com\/es\/wp-json\/wp\/v2\/product_brand?post=73576"},{"taxonomy":"product_cat","embeddable":true,"href":"https:\/\/hi-techwonder.com\/es\/wp-json\/wp\/v2\/product_cat?post=73576"},{"taxonomy":"product_tag","embeddable":true,"href":"https:\/\/hi-techwonder.com\/es\/wp-json\/wp\/v2\/product_tag?post=73576"}],"curies":[{"name":"wp","href":"https:\/\/api.w.org\/{rel}","templated":true}]}}