{"id":73580,"date":"2025-07-28T23:30:28","date_gmt":"2025-07-28T23:30:28","guid":{"rendered":"https:\/\/fv6qoy3ls0.wpdns.site\/product\/bateria-patona-platinum-np-w235-2250mah\/"},"modified":"2026-02-15T11:03:38","modified_gmt":"2026-02-15T11:03:38","slug":"patona-bateria-patona-platinum-np-w235-2250mah","status":"publish","type":"product","link":"https:\/\/hi-techwonder.com\/es\/producto\/patona-bateria-patona-platinum-np-w235-2250mah\/","title":{"rendered":"Bater\u00eda PATONA Platinum NP-W235 &#8211; 2250mAh"},"content":{"rendered":"<p><strong>Caracter\u00edsticas t\u00e9cnicas:<\/strong><\/p>\n<ul>\n<li>Tipo: Litio<\/li>\n<li>Capacidad: 2250mAh \/ 16.2Wh<\/li>\n<li>Voltaje: 7,2 V<\/li>\n<\/ul>\n<p><strong>Bater\u00edas compatibles:<\/strong><\/p>\n<ul>\n<li>Fujifilm NP-W235<\/li>\n<\/ul>\n<p><strong>C\u00e1maras compatibles:<\/strong><\/p>\n<ul>\n<li>Fujifilm X-T4<\/li>\n<\/ul>\n<p><strong>Contenido del paquete:<\/strong><\/p>\n<ul>\n<li>1x Bater\u00eda Patona<\/li>\n<\/ul>\n","protected":false},"excerpt":{"rendered":"<p>Caracter\u00edsticas t\u00e9cnicas: Tipo: Litio Capacidad: 2250mAh \/ 16.2Wh Voltaje: 7,2 V Bater\u00edas compatibles: Fujifilm NP-W235 C\u00e1maras compatibles: Fujifilm X-T4 Contenido<\/p>\n","protected":false},"featured_media":23082,"comment_status":"closed","ping_status":"closed","template":"","meta":{"_acf_changed":false},"product_brand":[2564],"product_cat":[858],"product_tag":[],"class_list":{"0":"post-73580","1":"product","2":"type-product","3":"status-publish","4":"has-post-thumbnail","6":"product_brand-patona-es","7":"product_cat-fujifilm-es","9":"first","10":"instock","11":"taxable","12":"shipping-taxable","13":"purchasable","14":"product-type-simple"},"bundled_by":[],"bundle_stock_status":"instock","bundle_stock_quantity":2,"bundle_virtual":false,"bundle_layout":"","bundle_add_to_cart_form_location":"","bundle_editable_in_cart":false,"bundle_sold_individually_context":"","bundle_item_grouping":"","bundle_min_size":"","bundle_max_size":"","bundle_price":[],"bundled_items":[],"bundle_sell_ids":[],"acf":[],"_links":{"self":[{"href":"https:\/\/hi-techwonder.com\/es\/wp-json\/wp\/v2\/product\/73580","targetHints":{"allow":["GET"]}}],"collection":[{"href":"https:\/\/hi-techwonder.com\/es\/wp-json\/wp\/v2\/product"}],"about":[{"href":"https:\/\/hi-techwonder.com\/es\/wp-json\/wp\/v2\/types\/product"}],"replies":[{"embeddable":true,"href":"https:\/\/hi-techwonder.com\/es\/wp-json\/wp\/v2\/comments?post=73580"}],"wp:featuredmedia":[{"embeddable":true,"href":"https:\/\/hi-techwonder.com\/es\/wp-json\/wp\/v2\/media\/23082"}],"wp:attachment":[{"href":"https:\/\/hi-techwonder.com\/es\/wp-json\/wp\/v2\/media?parent=73580"}],"wp:term":[{"taxonomy":"product_brand","embeddable":true,"href":"https:\/\/hi-techwonder.com\/es\/wp-json\/wp\/v2\/product_brand?post=73580"},{"taxonomy":"product_cat","embeddable":true,"href":"https:\/\/hi-techwonder.com\/es\/wp-json\/wp\/v2\/product_cat?post=73580"},{"taxonomy":"product_tag","embeddable":true,"href":"https:\/\/hi-techwonder.com\/es\/wp-json\/wp\/v2\/product_tag?post=73580"}],"curies":[{"name":"wp","href":"https:\/\/api.w.org\/{rel}","templated":true}]}}