{"id":73581,"date":"2025-07-28T23:29:03","date_gmt":"2025-07-28T23:29:03","guid":{"rendered":"https:\/\/fv6qoy3ls0.wpdns.site\/product\/cable-de-alimentacion-patona-d-tap-dummy-np-fz100\/"},"modified":"2026-03-31T16:47:27","modified_gmt":"2026-03-31T15:47:27","slug":"patona-cable-de-alimentacion-patona-d-tap-dummy-np-fz100","status":"publish","type":"product","link":"https:\/\/hi-techwonder.com\/es\/producto\/patona-cable-de-alimentacion-patona-d-tap-dummy-np-fz100\/","title":{"rendered":"Cable de alimentaci\u00f3n PATONA D-Tap &#8211; Dummy NP-FZ100"},"content":{"rendered":"<p><strong>Cable de alimentaci\u00f3n PATONA D-Tap &#8211; Dummy NP-FZ100<\/strong><\/p>\n<p>Lo nuevo en la gama Patona son los adaptadores de bater\u00eda D-TAP. Estos est\u00e1n dise\u00f1ados para prolongar la vida \u00fatil de la bater\u00eda. Esto le da la posibilidad de operar su c\u00e1mara convencional con una fuente de salida D-TAP independiente de una fuente de alimentaci\u00f3n fija. Las bater\u00edas adecuadas con salida D-TAP son, por ejemplo, V-Mount, Goldmount o Sony BP-A65, BP-U50, BP-U68 o BP-U100, entre otras   <\/p>\n<p><strong>Contenido:<\/strong><\/p>\n<ul>\n<li>1 x Cable de alimentaci\u00f3n Patona D-Tap &#8211; Maniqu\u00ed<\/li>\n<\/ul>\n<p><strong>Datos t\u00e9cnicos:<\/strong><\/p>\n<ul>\n<li>Entrada: D-TAP, 14,8 V<\/li>\n<li>Salida: 7,4 V<\/li>\n<li>Longitud del cable: 40 cm<\/li>\n<\/ul>\n<p><strong>Bater\u00edas compatibles:<\/strong><\/p>\n<ul>\n<li>Sony NP-FZ100<\/li>\n<\/ul>\n<p><strong>C\u00e1maras compatibles:<\/strong><\/p>\n<p>Sony Alpha 6600, A7 III, A7 3, A7M3, Alpha A7 III, Alpha A7 3, Alpha 7 III, Alpha 7 3, Alpha 7C, Alpha 7M3, A7 R III, A7 RIV, A7 R 3, A7RM3, Alpha A7 R III, Alpha A7 R 3, Alpha 7 R III, Alpha 7 R 3, Alpha 7RM3, A9, Alpha 9, Alpha 9II,  BC-QZ1<\/p>\n<p><strong>Accesorios compatibles:<\/strong><\/p>\n<ul>\n<li>VP-FZ100<\/li>\n<\/ul>\n<p><strong>Caracter\u00edsticas t\u00e9cnicas:<\/strong><\/p>\n<table id=\"product-attribute-specs-table\" class=\"data-table\" style=\"border-spacing: 0px;max-width: 100%;background: #ffffff;margin: 0px;padding: 0px;border: 0px;font-size: 12px;width: 907px;color: #666666;font-family: 'Open Sans', serif\" cellspacing=\"0\">\n<tbody style=\"margin: 0px;padding: 0px;border: 0px;background: transparent\">\n<tr class=\"even\" style=\"margin: 0px;padding: 0px;border: 1px solid #e9e9e9;background: transparent\">\n<td style=\"margin: 0px;padding: 10px;border: 1px solid #e9e9e9;background: transparent;vertical-align: middle\">EAN<\/td>\n<td class=\"data last\" style=\"margin: 0px;padding: 10px;border: 1px solid #e9e9e9;background: transparent;vertical-align: middle\">4055655225120<\/td>\n<\/tr>\n<tr class=\"odd\" style=\"margin: 0px;padding: 0px;border: 1px solid #e9e9e9;background: transparent\">\n<td style=\"margin: 0px;padding: 10px;border: 1px solid #e9e9e9;background: transparent;vertical-align: middle\">Marca<\/td>\n<td class=\"data last\" style=\"margin: 0px;padding: 10px;border: 1px solid #e9e9e9;background: transparent;vertical-align: middle\">Patona<\/td>\n<\/tr>\n<tr class=\"even\" style=\"margin: 0px;padding: 0px;border: 1px solid #e9e9e9;background: transparent\">\n<td style=\"margin: 0px;padding: 10px;border: 1px solid #e9e9e9;background: transparent;vertical-align: middle\">Conector 1<\/td>\n<td class=\"data last\" style=\"margin: 0px;padding: 10px;border: 1px solid #e9e9e9;background: transparent;vertical-align: middle\">Maniqu\u00ed NP-FZ100<\/td>\n<\/tr>\n<tr class=\"odd\" style=\"margin: 0px;padding: 0px;border: 1px solid #e9e9e9;background: transparent\">\n<td style=\"margin: 0px;padding: 10px;border: 1px solid #e9e9e9;background: transparent;vertical-align: middle\">Conector 2<\/td>\n<td class=\"data last\" style=\"margin: 0px;padding: 10px;border: 1px solid #e9e9e9;background: transparent;vertical-align: middle\">D-Tap<\/td>\n<\/tr>\n<tr class=\"even\" style=\"margin: 0px;padding: 0px;border: 1px solid #e9e9e9;background: transparent\">\n<td style=\"margin: 0px;padding: 10px;border: 1px solid #e9e9e9;background: transparent;vertical-align: middle\">Largura<\/td>\n<td class=\"data last\" style=\"margin: 0px;padding: 10px;border: 1px solid #e9e9e9;background: transparent;vertical-align: middle\">40cm<\/td>\n<\/tr>\n<tr class=\"last odd\" style=\"margin: 0px;padding: 0px;border: 1px solid #e9e9e9;background: transparent\">\n<td style=\"margin: 0px;padding: 10px;border: 1px solid #e9e9e9;background: transparent;vertical-align: middle\">Peso (Kg):<\/td>\n<td class=\"data last\" style=\"margin: 0px;padding: 10px;border: 1px solid #e9e9e9;background: transparent;vertical-align: middle\">&#8211;<\/td>\n<\/tr>\n<\/tbody>\n<\/table>\n","protected":false},"excerpt":{"rendered":"<p>Cable de alimentaci\u00f3n PATONA D-Tap &#8211; Dummy NP-FZ100 Lo nuevo en la gama Patona son los adaptadores de bater\u00eda D-TAP.<\/p>\n","protected":false},"featured_media":22562,"comment_status":"closed","ping_status":"closed","template":"","meta":{"_acf_changed":false},"product_brand":[2564],"product_cat":[864],"product_tag":[],"class_list":{"0":"post-73581","1":"product","2":"type-product","3":"status-publish","4":"has-post-thumbnail","6":"product_brand-patona-es","7":"product_cat-sony-es","9":"first","10":"instock","11":"taxable","12":"shipping-taxable","13":"purchasable","14":"product-type-simple"},"bundled_by":[],"bundle_stock_status":"instock","bundle_stock_quantity":1,"bundle_virtual":false,"bundle_layout":"","bundle_add_to_cart_form_location":"","bundle_editable_in_cart":false,"bundle_sold_individually_context":"","bundle_item_grouping":"","bundle_min_size":"","bundle_max_size":"","bundle_price":[],"bundled_items":[],"bundle_sell_ids":[],"acf":[],"_links":{"self":[{"href":"https:\/\/hi-techwonder.com\/es\/wp-json\/wp\/v2\/product\/73581","targetHints":{"allow":["GET"]}}],"collection":[{"href":"https:\/\/hi-techwonder.com\/es\/wp-json\/wp\/v2\/product"}],"about":[{"href":"https:\/\/hi-techwonder.com\/es\/wp-json\/wp\/v2\/types\/product"}],"replies":[{"embeddable":true,"href":"https:\/\/hi-techwonder.com\/es\/wp-json\/wp\/v2\/comments?post=73581"}],"wp:featuredmedia":[{"embeddable":true,"href":"https:\/\/hi-techwonder.com\/es\/wp-json\/wp\/v2\/media\/22562"}],"wp:attachment":[{"href":"https:\/\/hi-techwonder.com\/es\/wp-json\/wp\/v2\/media?parent=73581"}],"wp:term":[{"taxonomy":"product_brand","embeddable":true,"href":"https:\/\/hi-techwonder.com\/es\/wp-json\/wp\/v2\/product_brand?post=73581"},{"taxonomy":"product_cat","embeddable":true,"href":"https:\/\/hi-techwonder.com\/es\/wp-json\/wp\/v2\/product_cat?post=73581"},{"taxonomy":"product_tag","embeddable":true,"href":"https:\/\/hi-techwonder.com\/es\/wp-json\/wp\/v2\/product_tag?post=73581"}],"curies":[{"name":"wp","href":"https:\/\/api.w.org\/{rel}","templated":true}]}}