{"id":73582,"date":"2025-07-28T23:28:58","date_gmt":"2025-07-28T23:28:58","guid":{"rendered":"https:\/\/fv6qoy3ls0.wpdns.site\/product\/bateria-powerbank-patona-platinum-np-f970-10500mah\/"},"modified":"2026-03-02T17:26:38","modified_gmt":"2026-03-02T17:26:38","slug":"patona-bateria-powerbank-patona-platinum-np-f970-10500mah","status":"publish","type":"product","link":"https:\/\/hi-techwonder.com\/es\/producto\/patona-bateria-powerbank-patona-platinum-np-f970-10500mah\/","title":{"rendered":"Bater\u00eda \/ Powerbank PATONA Platinum NP-F970 &#8211; 10500mAh"},"content":{"rendered":"<p>Como novedad en nuestra serie Platinum, presentamos la bater\u00eda NP-F970. Otra novedad es la entrada Micro-USB integrada. Esto permite cargar la bater\u00eda con un cargador USB convencional. Por lo tanto, no es necesario un cargador de bater\u00eda especial. Otro punto a destacar es una salida USB de 5V. Esto permite que la bater\u00eda se utilice como banco de energ\u00eda. Para activarlo, simplemente presione el bot\u00f3n \u00abVerificar\u00bb en la parte superior. Una pantalla le informa de la duraci\u00f3n restante de la bater\u00eda en 4 LED.       <\/p>\n<p>La serie PATONA Platinum ha sido desarrollada para un disfrute fotogr\u00e1fico sensacional y duradero. El rendimiento de las celdas internas es casi inagotable. En la serie PATONA Platinum se han utilizado las celdas m\u00e1s avanzadas, que no solo son extraordinarias, sino tambi\u00e9n impresionantes al mismo tiempo. La serie Platinum es la serie m\u00e1s innovadora, duradera y de mayor calidad de PATONA. Con la compra de una bater\u00eda de la serie PATONA Platinum, obtienes un producto excelente y exquisito que te fascinar\u00e1.    <\/p>\n<ul>\n<li>Tipo: Litio<\/li>\n<li>Capacidad: 10500mAh \/ 75.6Wh<\/li>\n<li>Voltaje: 7,2 V<\/li>\n<li>Salida USB: 5V \/ 2A<\/li>\n<li>Entrada Micro-USB: CV-CC<\/li>\n<\/ul>\n<p><strong>Bater\u00edas compatibles:<\/strong><\/p>\n<ul>\n<li>NP-F (Serie)<\/li>\n<\/ul>\n<p><strong>Contenido del paquete:<\/strong><\/p>\n<ul>\n<li>1x Bater\u00eda Patona<\/li>\n<\/ul>\n","protected":false},"excerpt":{"rendered":"<p>Como novedad en nuestra serie Platinum, presentamos la bater\u00eda NP-F970. Otra novedad es la entrada Micro-USB integrada. Esto permite cargar<\/p>\n","protected":false},"featured_media":22541,"comment_status":"closed","ping_status":"closed","template":"","meta":{"_acf_changed":false},"product_brand":[2564],"product_cat":[864],"product_tag":[],"class_list":{"0":"post-73582","1":"product","2":"type-product","3":"status-publish","4":"has-post-thumbnail","6":"product_brand-patona-es","7":"product_cat-sony-es","9":"first","10":"instock","11":"taxable","12":"shipping-taxable","13":"purchasable","14":"product-type-simple"},"bundled_by":[],"bundle_stock_status":"instock","bundle_stock_quantity":1,"bundle_virtual":false,"bundle_layout":"","bundle_add_to_cart_form_location":"","bundle_editable_in_cart":false,"bundle_sold_individually_context":"","bundle_item_grouping":"","bundle_min_size":"","bundle_max_size":"","bundle_price":[],"bundled_items":[],"bundle_sell_ids":[],"acf":[],"_links":{"self":[{"href":"https:\/\/hi-techwonder.com\/es\/wp-json\/wp\/v2\/product\/73582","targetHints":{"allow":["GET"]}}],"collection":[{"href":"https:\/\/hi-techwonder.com\/es\/wp-json\/wp\/v2\/product"}],"about":[{"href":"https:\/\/hi-techwonder.com\/es\/wp-json\/wp\/v2\/types\/product"}],"replies":[{"embeddable":true,"href":"https:\/\/hi-techwonder.com\/es\/wp-json\/wp\/v2\/comments?post=73582"}],"wp:featuredmedia":[{"embeddable":true,"href":"https:\/\/hi-techwonder.com\/es\/wp-json\/wp\/v2\/media\/22541"}],"wp:attachment":[{"href":"https:\/\/hi-techwonder.com\/es\/wp-json\/wp\/v2\/media?parent=73582"}],"wp:term":[{"taxonomy":"product_brand","embeddable":true,"href":"https:\/\/hi-techwonder.com\/es\/wp-json\/wp\/v2\/product_brand?post=73582"},{"taxonomy":"product_cat","embeddable":true,"href":"https:\/\/hi-techwonder.com\/es\/wp-json\/wp\/v2\/product_cat?post=73582"},{"taxonomy":"product_tag","embeddable":true,"href":"https:\/\/hi-techwonder.com\/es\/wp-json\/wp\/v2\/product_tag?post=73582"}],"curies":[{"name":"wp","href":"https:\/\/api.w.org\/{rel}","templated":true}]}}