{"id":73598,"date":"2025-07-29T00:15:37","date_gmt":"2025-07-29T00:15:37","guid":{"rendered":"https:\/\/fv6qoy3ls0.wpdns.site\/product\/estuche-rigido-impermeable-peli-air-1525-con-espuma-negro\/"},"modified":"2026-03-26T17:48:37","modified_gmt":"2026-03-26T17:48:37","slug":"peli-estuche-rigido-impermeable-peli-air-1525-con-espuma-negro","status":"publish","type":"product","link":"https:\/\/hi-techwonder.com\/es\/producto\/peli-estuche-rigido-impermeable-peli-air-1525-con-espuma-negro\/","title":{"rendered":"Estuche r\u00edgido impermeable PELI Air 1525 con espuma (negro)"},"content":{"rendered":"<p style=\"text-align: justify\"><span style=\"font-family: verdana,geneva\"><span style=\"font-size: small\"><span style=\"font-family: verdana, geneva;font-size: small\"><strong>Estuche r\u00edgido impermeable PELI Air 1525-WF con espuma (negro) &#8211; 25L<\/strong><\/span><\/span><\/span><\/p>\n<p style=\"text-align: justify\"><strong><span style=\"font-family: verdana,geneva\"><span style=\"font-size: small\">Caracter\u00edsticas principales:<\/span><\/strong><\/span><\/p>\n<ul style=\"text-align: justify\">\n<li><span style=\"font-size: small\">Estuche impermeable, a prueba de polvo y a prueba de aplastamiento<\/span><\/li>\n<li><span style=\"font-size: small\">Hecho de pol\u00edmero s\u00faper ligero<\/span><\/li>\n<li><span style=\"font-size: small\">Espuma Pick-N-Pluck<\/span><\/li>\n<li><span style=\"font-size: small\">Cerraduras de ABS de doble tiro<\/span><\/li>\n<li><span style=\"font-size: small\">Junta t\u00f3rica impermeable<\/span><\/li>\n<li><span style=\"font-size: small\">V\u00e1lvula de purga incorporada<\/span><\/li>\n<li><span style=\"font-size: small\">Protectores deslizantes de acero inoxidable<\/span><\/li>\n<li><span style=\"font-size: small\">Forma c\u00f3nica de la tapa curva<\/span><\/li>\n<li><span style=\"font-size: small\">Mangos sobremoldeados de goma<\/span><\/li>\n<li><span style=\"font-size: small\">Tarjetero de policarbonato<\/span><\/li>\n<li><span style=\"font-size: small\"><span style=\"font-family: verdana,geneva\"><span style=\"font-size: small\">Dimensiones externas: <span style=\"font-family: verdana,geneva\"><span style=\"font-size: small\">55,8 x 35,5 x 19 cm<\/span><\/span><\/span><\/span><\/span><\/li>\n<\/ul>\n<p style=\"text-align: justify\"><span style=\"font-size: small\">&nbsp;<\/span><\/p>\n<p style=\"text-align: justify\"><strong><span style=\"font-family: verdana,geneva\"><span style=\"font-size: small\">Recursos:<\/span><\/strong><\/span><\/p>\n<p style=\"text-align: justify\"><span style=\"font-size: small\">Combinando resistencia y ligereza, el bolso Pelican 1525AirTP negro con espuma Pick-N-Pluck es resistente al agua, a prueba de aplastamientos, a prueba de polvo y optimizado para viajar. Para los viajes a\u00e9reos, Pelican ha agregado las reglas de las aerol\u00edneas disponibles para las dimensiones m\u00e1ximas de gastos generales y de facturaci\u00f3n con el objetivo de crear una maleta que satisfaga sus necesidades. Por supuesto, siempre habr\u00e1 excepciones, por lo que es recomendable ponerse en contacto con su operador antes de partir.  <\/span><\/p>\n<p style=\"text-align: justify\"><span style=\"font-size: small\">La carcasa 1525AirTP est\u00e1 hecha de un pol\u00edmero HPX patentado s\u00faper liviano con elementos estructurales de nido de abeja que es hasta un 40% m\u00e1s liviano que la mayor\u00eda de los otros pol\u00edmeros Pelican. Este dise\u00f1o que inspira confianza ha sido probado en concreto en todos los lados y esquinas mientras est\u00e1 cargado con equipo. No contento con detenerme all\u00ed; El estuche tambi\u00e9n se prueba con un dardo de acero de 28 libras que se deja caer desde una altura de 3 pies.  <\/span><\/p>\n<p><span style=\"font-size: small\"> <\/span><\/p>\n<p style=\"text-align: justify\"><span style=\"font-size: small\">Con todas las caracter\u00edsticas, el estuche tiene cerraduras ABS de doble liberaci\u00f3n que aceptan un candado proporcionado por el usuario, una junta de sellado impermeable, una v\u00e1lvula de purga autom\u00e1tica y protectores de f\u00e9rula de acero inoxidable. Los usuarios apreciar\u00e1n la nueva y elegante forma de la tapa curva c\u00f3nica y el mango sobremoldeado de goma. Adem\u00e1s, para facilitar la identificaci\u00f3n de la caja, hay un atractivo tarjetero de policarbonato extra\u00edble que se puede colocar en la parte frontal o lateral de la caja.  <\/span><\/p>\n<p><span style=\"font-size: small\"> <\/span><\/p>\n<p style=\"text-align: justify\"><span style=\"font-size: small\">Organizar el equipo es una operaci\u00f3n f\u00e1cil y directa con el interior de espuma Pick-N-Pluck. Simplemente organice el equipo que desea cargar en la espuma, experimente con una variedad de ubicaciones y, una vez que est\u00e9 satisfecho, retire las piezas de espuma hasta que los art\u00edculos se ajusten a su satisfacci\u00f3n. <\/span><\/p>\n<p style=\"text-align: justify\"><span style=\"font-size: small\">&nbsp;<\/span><\/p>\n<p style=\"text-align: justify\"><strong><span style=\"font-family: verdana,geneva\"><span style=\"font-size: small\">Caracter\u00edsticas t\u00e9cnicas:<\/span><\/strong><\/span><\/p>\n<table style=\"text-align: justify\" border=\"0\" rules=\"all\">\n<tbody>\n<tr>\n<td><span style=\"font-size: small\">Material<br \/><\/span><\/td>\n<td><span style=\"font-size: small\">Cuerpo: pol\u00edmero de mezcla de polipropileno HPX<br \/>Pestillo: ABS<br \/>Junta t\u00f3rica: EPDM<br \/>Cuerpo de purga: ABS<br \/>Ventilaci\u00f3n de purga: tela no tejida hidrof\u00f3bica Gore-Tex de 3 micras de alto flujo<br \/>Purga de junta t\u00f3rica: nitrilo Shore 70<\/span><\/td>\n<\/tr>\n<tr>\n<td><span style=\"font-size: small\">Impermeabilizante<\/span><\/td>\n<td><span style=\"font-size: small\">Junta t\u00f3rica impermeable<\/span><\/td>\n<\/tr>\n<tr>\nM\u00e1xima <\/p>\n<td><span style=\"font-size: small\">flotabilidad<\/span><\/td>\n<td><span style=\"font-size: small\">Flota en agua salada con 57,9 lbs \/ 26,3 kg<\/span><\/td>\n<\/tr>\n<tr>\n<td><span style=\"font-size: small\">Rango de temperatura<\/span><\/td>\n<td><span style=\"font-size: small\">0 &#8211; 140 \u00b0F \/ -18 &#8211; 60 \u00b0C<\/span><\/td>\n<\/tr>\n<tr>\n<td><span style=\"font-size: small\">Tipo de cierre<\/span><\/td>\n<td><span style=\"font-size: small\">Bisagra con cerraduras dobles de ABS<\/span><\/td>\n<\/tr>\n<tr>\n<td><span style=\"font-size: small\">Equipamiento<\/span><\/td>\n<p> interior<\/p>\n<td><span style=\"font-size: small\">Espuma Pick-N-Pluck<\/span><\/td>\n<\/tr>\n<tr>\n<td><span style=\"font-size: small\">Opciones de env\u00edo \/ transporte<\/span><\/td>\n<td><span style=\"font-size: small\">Asa superior<\/span><\/td>\n<\/tr>\n<tr>\n<td><span style=\"font-size: small\">Volumen<\/span><\/td>\n<td><span style=\"font-size: small\">6,81 galones gal\u00edvalos \/ 25,78 L<\/span><\/td>\n<\/tr>\n<tr>\n<td><span style=\"font-size: small\">Dimensiones interiores<\/span><\/td>\n<td><span style=\"font-size: small\">Totales: 20,5 x 11,31 x 6,75&#8243; \/ 52,1 x 28,7 x 17,1 cm<br \/>Profundidad inferior: 4,75&#8243; \/ 12,06 cm<\/span><\/td>\n<\/tr>\n<tr>\n<td><span style=\"font-size: small\">Dimensiones<\/span><\/td>\n<p> externas<\/p>\n<td><span style=\"font-size: small\">21,96 x 13,97 x 7,49&#8243; \/ 55,8 x 35,5 x 19 cm<\/span><\/td>\n<\/tr>\n<tr>\n<td><span style=\"font-size: small\">Peso<\/span><\/td>\n<td><span style=\"font-size: small\">7,13 lb \/ 3,23 kg<\/span><\/td>\n<\/tr>\n<\/tbody>\n<\/table>\n<p style=\"text-align: justify\"><span style=\"font-size: small\">&nbsp;<\/span><\/p>\n<p style=\"text-align: justify\"><span style=\"font-size: small\">&nbsp;<\/span><\/p>\n","protected":false},"excerpt":{"rendered":"<p>Estuche r\u00edgido impermeable PELI Air 1525-WF con espuma (negro) &#8211; 25L Caracter\u00edsticas principales: Estuche impermeable, a prueba de polvo y<\/p>\n","protected":false},"featured_media":36710,"comment_status":"closed","ping_status":"open","template":"","meta":{"_acf_changed":false},"product_brand":[2652],"product_cat":[914],"product_tag":[],"class_list":{"0":"post-73598","1":"product","2":"type-product","3":"status-publish","4":"has-post-thumbnail","6":"product_brand-peli-es","7":"product_cat-rigidas-es","9":"first","10":"instock","11":"taxable","12":"shipping-taxable","13":"purchasable","14":"product-type-simple"},"bundled_by":[],"bundle_stock_status":"instock","bundle_stock_quantity":2,"bundle_virtual":false,"bundle_layout":"","bundle_add_to_cart_form_location":"","bundle_editable_in_cart":false,"bundle_sold_individually_context":"","bundle_item_grouping":"","bundle_min_size":"","bundle_max_size":"","bundle_price":[],"bundled_items":[],"bundle_sell_ids":[],"acf":[],"_links":{"self":[{"href":"https:\/\/hi-techwonder.com\/es\/wp-json\/wp\/v2\/product\/73598","targetHints":{"allow":["GET"]}}],"collection":[{"href":"https:\/\/hi-techwonder.com\/es\/wp-json\/wp\/v2\/product"}],"about":[{"href":"https:\/\/hi-techwonder.com\/es\/wp-json\/wp\/v2\/types\/product"}],"replies":[{"embeddable":true,"href":"https:\/\/hi-techwonder.com\/es\/wp-json\/wp\/v2\/comments?post=73598"}],"wp:featuredmedia":[{"embeddable":true,"href":"https:\/\/hi-techwonder.com\/es\/wp-json\/wp\/v2\/media\/36710"}],"wp:attachment":[{"href":"https:\/\/hi-techwonder.com\/es\/wp-json\/wp\/v2\/media?parent=73598"}],"wp:term":[{"taxonomy":"product_brand","embeddable":true,"href":"https:\/\/hi-techwonder.com\/es\/wp-json\/wp\/v2\/product_brand?post=73598"},{"taxonomy":"product_cat","embeddable":true,"href":"https:\/\/hi-techwonder.com\/es\/wp-json\/wp\/v2\/product_cat?post=73598"},{"taxonomy":"product_tag","embeddable":true,"href":"https:\/\/hi-techwonder.com\/es\/wp-json\/wp\/v2\/product_tag?post=73598"}],"curies":[{"name":"wp","href":"https:\/\/api.w.org\/{rel}","templated":true}]}}