{"id":73601,"date":"2025-07-29T00:15:51","date_gmt":"2025-07-28T23:15:51","guid":{"rendered":"https:\/\/fv6qoy3ls0.wpdns.site\/product\/peli-air-1535-maleta-rigida-con-ruedas-con-espuma-negro\/"},"modified":"2026-05-08T15:35:18","modified_gmt":"2026-05-08T14:35:18","slug":"peli-air-1535-maleta-rigida-con-ruedas-con-espuma-negro","status":"publish","type":"product","link":"https:\/\/hi-techwonder.com\/es\/producto\/peli-air-1535-maleta-rigida-con-ruedas-con-espuma-negro\/","title":{"rendered":"PELI Air 1535 Maleta r\u00edgida con ruedas con espuma (negro)"},"content":{"rendered":"<p style=\"text-align: justify;\"><span style=\"font-size: small;\"><span style=\"font-family: verdana, geneva; font-size: small;\"><strong>PELI Air 1535-WF Maleta r\u00edgida <\/strong><\/span><\/span><strong>herm\u00e9tica<\/strong><strong style=\"font-family: verdana, geneva; font-size: small; text-decoration-line: underline;\"> con ruedas con espuma (Negro) &#8211; 27L<\/strong><\/p>\n<p style=\"text-align: justify;\"><span style=\"font-size: small;\"><span style=\"text-decoration: underline;\"><strong>Caracter\u00edsticas principales:<\/strong><\/span><\/span><\/p>\n<ul style=\"text-align: justify;\">\n<li><span style=\"font-size: small;\">Estuche impermeable, a prueba de polvo y a prueba de aplastamiento<\/span><\/li>\n<li><span style=\"font-size: small;\">Hecho de pol\u00edmero s\u00faper ligero<\/span><\/li>\n<li><span style=\"font-size: small;\">Espuma Pick-N-Pluck<\/span><\/li>\n<li><span style=\"font-size: small;\">Cerraduras de ABS de doble tiro<\/span><\/li>\n<li><span style=\"font-size: small;\">Junta t\u00f3rica impermeable<\/span><\/li>\n<li><span style=\"font-size: small;\">V\u00e1lvula de purga incorporada<\/span><\/li>\n<li><span style=\"font-size: small;\">Protectores deslizantes de acero inoxidable<\/span><\/li>\n<li><span style=\"font-size: small;\">Forma y ruedas de la tapa curva c\u00f3nica<\/span><\/li>\n<li><span style=\"font-size: small;\">Asas sobremoldeadas y asa de carro<\/span><\/li>\n<li><span style=\"font-size: small;\">Tarjetero de policarbonato<\/span><\/li>\n<li><span style=\"font-size: small;\"><span style=\"font-family: verdana,geneva;\"><span style=\"font-size: small;\">Dimensiones externas: <span style=\"font-family: verdana,geneva;\"><span style=\"font-size: small;\">55,8 x 35,5 x 22,8 cm<\/span><\/span><\/span><\/span><\/span><\/li>\n<\/ul>\n<p style=\"text-align: justify;\"><span style=\"font-size: small;\">&nbsp;<\/span><\/p>\n<p style=\"text-align: justify;\"><span style=\"font-size: small;\"><span style=\"text-decoration: underline;\"><strong>Recursos:<\/strong><\/span><\/span><\/p>\n<div style=\"text-align: justify;\">\n<p><span style=\"font-size: small;\">Combinando resistencia y ligereza, el bolso con ruedas negro Pelican 1535Air con espuma Pick-N-Pluck es resistente al agua, a prueba de aplastamientos, a prueba de polvo y optimizado para viajar. Para los viajes a\u00e9reos, Pelican ha agregado las reglas de las aerol\u00edneas disponibles para las dimensiones m\u00e1ximas de gastos generales y de facturaci\u00f3n con el objetivo de crear una maleta que satisfaga sus necesidades. Por supuesto, siempre habr\u00e1 excepciones, por lo que es recomendable ponerse en contacto con su operador antes de partir.  <\/span><\/p>\n<p><span style=\"font-size: small;\">Su carcasa 1535Air est\u00e1 hecha de un pol\u00edmero HPX patentado y s\u00faper liviano con elementos estructurales de nido de abeja que es hasta un 40% m\u00e1s liviano que la mayor\u00eda de los otros pol\u00edmeros Pelican. Este dise\u00f1o que inspira confianza ha sido probado en concreto en todos los lados y esquinas mientras est\u00e1 cargado con equipo. No contento con detenerme all\u00ed; La caja tambi\u00e9n se prueba con un dardo de acero de 28 libras que se deja caer desde una altura de 3 pies, se sumerge durante 30 minutos a una profundidad de 3.3 pies, y las ruedas se prueban a 1,000 yardas con cargas a 5 mph.  <\/span><\/p>\n<p><span style=\"font-size: small;\">Con todas las caracter\u00edsticas, el estuche tiene cerraduras ABS de doble liberaci\u00f3n que aceptan un candado proporcionado por el usuario, una junta de sellado impermeable, una v\u00e1lvula de purga autom\u00e1tica y protectores de f\u00e9rula de acero inoxidable. Los usuarios apreciar\u00e1n la nueva y elegante forma de una tapa curva c\u00f3nica, asas moldeadas de goma y un asa de carro extensible. Adem\u00e1s, para facilitar la identificaci\u00f3n de la caja, hay un atractivo tarjetero de policarbonato extra\u00edble que se puede colocar en la parte frontal o lateral de la caja.  <\/span><\/p>\n<p><span style=\"font-size: small;\">Organizar el equipo es una operaci\u00f3n f\u00e1cil y directa con el interior de espuma Pick-N-Pluck. Simplemente organice el equipo que desea cargar en la espuma, experimente con una variedad de ubicaciones y, una vez que est\u00e9 satisfecho, retire las piezas de espuma hasta que los art\u00edculos se ajusten a su satisfacci\u00f3n. <\/span><\/p>\n<\/div>\n<p style=\"text-align: justify;\"><span style=\"font-size: small;\">&nbsp;<\/span><\/p>\n<p style=\"text-align: justify;\"><span style=\"font-size: small;\"><span style=\"text-decoration: underline;\"><strong>Caracter\u00edsticas t\u00e9cnicas:<\/strong><\/span><\/span><\/p>\n<table style=\"text-align: justify;\" border=\"0\" frame=\"box\" rules=\"all\">\n<tbody>\n<tr>\n<td><span style=\"font-size: small;\">Material<br \/><\/span><\/td>\n<td><span style=\"font-size: small;\">Cuerpo: pol\u00edmero de mezcla de polipropileno HPX<br \/>Pestillo: ABS<br \/>Junta t\u00f3rica: EPDM<br \/>Cuerpo de purga: ABS<br \/>Ventilaci\u00f3n de purga: tela no tejida hidrof\u00f3bica Gore-Tex de 3 micras de alto flujo<br \/>Junta t\u00f3rica de purga: Nitrilo 70 Shore<\/span><\/td>\n<\/tr>\n<tr>\n<td><span style=\"font-size: small;\">Impermeabilizante<\/span><\/td>\n<td><span style=\"font-size: small;\">Junta de junta t\u00f3rica estanca<\/span><\/td>\n<\/tr>\n<tr>\nM\u00e1xima <\/p>\n<td><span style=\"font-size: small;\">flotabilidad<\/span><\/td>\n<td><span style=\"font-size: small;\">Flota en agua salada a 64,8 lb \/ 29,4 kg<\/span><\/td>\n<\/tr>\n<tr>\n<td><span style=\"font-size: small;\">Rango de temperatura<\/span><\/td>\n<td><span style=\"font-size: small;\">0 &#8211; 140 \u00b0F \/ -18 &#8211; 60 \u00b0C<\/span><\/td>\n<\/tr>\n<tr>\n<td><span style=\"font-size: small;\">Tipo de cierre<\/span><\/td>\n<td><span style=\"font-size: small;\">Bisagra con cerraduras dobles de ABS<\/span><\/td>\n<\/tr>\n<tr>\n<td><span style=\"font-size: small;\">Equipamiento<\/span><\/td>\n<p> interior<\/p>\n<td><span style=\"font-size: small;\">Espuma Pick-N-Pluck<\/span><\/td>\n<\/tr>\n<tr>\n<td><span style=\"font-size: small;\">Opciones de env\u00edo \/ transporte<\/span><\/td>\n<td><span style=\"font-size: small;\">Asa sobremoldeada, asa de carro extensible y ruedas<\/span><\/td>\n<\/tr>\n<tr>\n<td><span style=\"font-size: small;\">Volumen<\/span><\/td>\n<td><span style=\"font-size: small;\">7,1 galones gal\u00edvalos \/ 26,9 L<\/span><\/td>\n<\/tr>\n<tr>\n<td><span style=\"font-size: small;\">Dimensiones interiores<\/span><\/td>\n<td><span style=\"font-size: small;\">Total: 20,39 x 11,2 x 7,21&#8243; \/ 51,8 x 28,4 x 18,3 cm<br \/>Profundidad inferior: 5,21&#8243; \/ 13,2 cm<br \/>Profundidad de la tapa: 2&#8243; \/ 5,1 cm<\/span><\/td>\n<\/tr>\n<tr>\n<td><span style=\"font-size: small;\">Dimensiones<\/span><\/td>\n<p> externas<\/p>\n<td><span style=\"font-size: small;\">21,96 x 13,97 x 8,98&#8243; \/ 55,8 x 35,5 x 22,8 cm<\/span><\/td>\n<\/tr>\n<tr>\n<td><span style=\"font-size: small;\">Peso<\/span><\/td>\n<td><span style=\"font-size: small;\">9,98 lb \/ 4,53 kg<\/span><\/td>\n<\/tr>\n<\/tbody>\n<\/table>\n<p style=\"text-align: justify;\"><span style=\"font-size: small;\">&nbsp;<\/span><\/p>\n","protected":false},"excerpt":{"rendered":"<p>PELI Air 1535-WF Maleta r\u00edgida herm\u00e9tica con ruedas con espuma (Negro) &#8211; 27L Caracter\u00edsticas principales: Estuche impermeable, a prueba de<\/p>\n","protected":false},"featured_media":36822,"comment_status":"closed","ping_status":"closed","template":"","meta":{"_acf_changed":false},"product_brand":[2652],"product_cat":[914],"product_tag":[],"class_list":{"0":"post-73601","1":"product","2":"type-product","3":"status-publish","4":"has-post-thumbnail","6":"product_brand-peli-es","7":"product_cat-rigidas-es","9":"first","10":"instock","11":"taxable","12":"shipping-taxable","13":"purchasable","14":"product-type-simple"},"bundled_by":[],"bundle_stock_status":"instock","bundle_stock_quantity":1,"bundle_virtual":false,"bundle_layout":"","bundle_add_to_cart_form_location":"","bundle_editable_in_cart":false,"bundle_sold_individually_context":"","bundle_item_grouping":"","bundle_min_size":"","bundle_max_size":"","bundle_price":[],"bundled_items":[],"bundle_sell_ids":[],"acf":[],"_links":{"self":[{"href":"https:\/\/hi-techwonder.com\/es\/wp-json\/wp\/v2\/product\/73601","targetHints":{"allow":["GET"]}}],"collection":[{"href":"https:\/\/hi-techwonder.com\/es\/wp-json\/wp\/v2\/product"}],"about":[{"href":"https:\/\/hi-techwonder.com\/es\/wp-json\/wp\/v2\/types\/product"}],"replies":[{"embeddable":true,"href":"https:\/\/hi-techwonder.com\/es\/wp-json\/wp\/v2\/comments?post=73601"}],"wp:featuredmedia":[{"embeddable":true,"href":"https:\/\/hi-techwonder.com\/es\/wp-json\/wp\/v2\/media\/36822"}],"wp:attachment":[{"href":"https:\/\/hi-techwonder.com\/es\/wp-json\/wp\/v2\/media?parent=73601"}],"wp:term":[{"taxonomy":"product_brand","embeddable":true,"href":"https:\/\/hi-techwonder.com\/es\/wp-json\/wp\/v2\/product_brand?post=73601"},{"taxonomy":"product_cat","embeddable":true,"href":"https:\/\/hi-techwonder.com\/es\/wp-json\/wp\/v2\/product_cat?post=73601"},{"taxonomy":"product_tag","embeddable":true,"href":"https:\/\/hi-techwonder.com\/es\/wp-json\/wp\/v2\/product_tag?post=73601"}],"curies":[{"name":"wp","href":"https:\/\/api.w.org\/{rel}","templated":true}]}}