{"id":73612,"date":"2025-07-29T08:53:41","date_gmt":"2025-07-29T08:53:41","guid":{"rendered":"https:\/\/fv6qoy3ls0.wpdns.site\/product\/phottix-sony-rm-s1am-cable\/"},"modified":"2025-07-29T08:53:41","modified_gmt":"2025-07-29T08:53:41","slug":"phottix-sony-rm-s1am-cable","status":"publish","type":"product","link":"https:\/\/hi-techwonder.com\/es\/producto\/phottix-sony-rm-s1am-cable\/","title":{"rendered":"PHOTTIX Sony RM-S1AM Cable"},"content":{"rendered":"<p><span style=\"font-family: verdana,geneva;\">Cable de liberaci\u00f3n de la c\u00e1mara Sony RM-S1AM.<br \/>  \u00daselo con su disparador programable Phottix Nikos.<\/span><\/p>\n<p><span style=\"font-family: verdana,geneva;\">Tambi\u00e9n compatible con:<strong><\/strong><\/span><\/p>\n<p><span style=\"font-family: verdana,geneva;\">Sony A100 \/ A200 \/ A300 \/ A350 \/ A700 \/ A900<\/span><\/p>\n<p><span style=\"font-family: verdana,geneva;\">Minolta Dynax 7D \/ 5D \/ Dynax 9, 7.5, 4, 4<\/span><\/p>\n<p><span style=\"font-family: verdana,geneva;\">Dynax 807Si\/700Si\/600Si\/505Si<\/span><\/p>\n","protected":false},"excerpt":{"rendered":"<p>Cable de liberaci\u00f3n de la c\u00e1mara Sony RM-S1AM. \u00daselo con su disparador programable Phottix Nikos. Tambi\u00e9n compatible con: Sony A100<\/p>\n","protected":false},"featured_media":42445,"comment_status":"closed","ping_status":"open","template":"","meta":{"_acf_changed":false},"product_brand":[2664],"product_cat":[919],"product_tag":[],"class_list":{"0":"post-73612","1":"product","2":"type-product","3":"status-publish","4":"has-post-thumbnail","6":"product_brand-phottix-es","7":"product_cat-disparadores-es","9":"first","10":"instock","11":"taxable","12":"shipping-taxable","13":"purchasable","14":"product-type-simple"},"bundled_by":[],"bundle_stock_status":"instock","bundle_stock_quantity":1,"bundle_virtual":false,"bundle_layout":"","bundle_add_to_cart_form_location":"","bundle_editable_in_cart":false,"bundle_sold_individually_context":"","bundle_item_grouping":"","bundle_min_size":"","bundle_max_size":"","bundle_price":[],"bundled_items":[],"bundle_sell_ids":[],"acf":[],"_links":{"self":[{"href":"https:\/\/hi-techwonder.com\/es\/wp-json\/wp\/v2\/product\/73612","targetHints":{"allow":["GET"]}}],"collection":[{"href":"https:\/\/hi-techwonder.com\/es\/wp-json\/wp\/v2\/product"}],"about":[{"href":"https:\/\/hi-techwonder.com\/es\/wp-json\/wp\/v2\/types\/product"}],"replies":[{"embeddable":true,"href":"https:\/\/hi-techwonder.com\/es\/wp-json\/wp\/v2\/comments?post=73612"}],"wp:featuredmedia":[{"embeddable":true,"href":"https:\/\/hi-techwonder.com\/es\/wp-json\/wp\/v2\/media\/42445"}],"wp:attachment":[{"href":"https:\/\/hi-techwonder.com\/es\/wp-json\/wp\/v2\/media?parent=73612"}],"wp:term":[{"taxonomy":"product_brand","embeddable":true,"href":"https:\/\/hi-techwonder.com\/es\/wp-json\/wp\/v2\/product_brand?post=73612"},{"taxonomy":"product_cat","embeddable":true,"href":"https:\/\/hi-techwonder.com\/es\/wp-json\/wp\/v2\/product_cat?post=73612"},{"taxonomy":"product_tag","embeddable":true,"href":"https:\/\/hi-techwonder.com\/es\/wp-json\/wp\/v2\/product_tag?post=73612"}],"curies":[{"name":"wp","href":"https:\/\/api.w.org\/{rel}","templated":true}]}}