{"id":73614,"date":"2025-07-29T08:53:45","date_gmt":"2025-07-29T08:53:45","guid":{"rendered":"https:\/\/fv6qoy3ls0.wpdns.site\/product\/phottix-conexion-de-cable-obturador-camara-dmw-rs1-1m\/"},"modified":"2025-07-29T08:53:45","modified_gmt":"2025-07-29T08:53:45","slug":"phottix-conexion-de-cable-obturador-camara-dmw-rs1-1m","status":"publish","type":"product","link":"https:\/\/hi-techwonder.com\/es\/producto\/phottix-conexion-de-cable-obturador-camara-dmw-rs1-1m\/","title":{"rendered":"PHOTTIX Conexi\u00f3n de cable Obturador-C\u00e1mara DMW-RS1 1m"},"content":{"rendered":"<p><strong>Descripci\u00f3n:<\/strong><\/p>\n<p>Cable en espiral extensible P6, conecta productos Phottix compatibles a c\u00e1maras Panasonic. Cable de alta calidad para conectar productos Phottix, como disparadores de flash de las series Cleon II, Plato y Strato, a las c\u00e1maras. <\/p>\n<p><span style=\"font-size: small;\"><strong>Contenido de la caja:<\/strong><br \/><\/span><\/p>\n<ul>\n<li><span style=\"font-size: small;\">1x Cable de conexi\u00f3n de c\u00e1mara Tipo Panasonic DMW-RS1\/rsl1 1mt<\/span><\/li>\n<\/ul>\n<table style=\"border-collapse: collapse; border-spacing: 0px; color: #434343; font-size: 14px; font-style: normal; font-variant-ligatures: normal; font-variant-caps: normal; font-weight: normal; letter-spacing: normal; text-align: start; text-indent: 0px; text-transform: none; white-space: normal; word-spacing: 0px; -webkit-text-stroke-width: 0px; background-color: #ffffff; width: 700px; border: 0px solid #000000;\" border=\"0\">\n<tbody>\n<tr style=\"border: 1px solid #b8b8b8;\">\n<td style=\"border: 1px solid #b8b8b8; padding: 5px;\" width=\"243\"><span style=\"font-size: small;\">Compatibilidad de la c\u00e1mara:<\/span><\/td>\n<td style=\"border: 1px solid #b8b8b8; padding: 5px;\" width=\"441\">\n<p><span style=\"font-size: small;\"><strong style=\"font-weight: bold;\"><span style=\"line-height: 14.95px;\">PANASONIC<\/strong><\/p>\n<p><strong style=\"font-weight: bold;\">Panasonic<\/strong>&nbsp;<br \/><\/span><\/span><\/p>\n<p><span style=\"font-size: small;\"><span style=\"line-height: 14.95px;\"><span style=\"color: #000000; font-size: small;\">FZ20 (s,k), FZ30 (s,k), FZ50 (s,k), FZ100K, FZ150K, FZ200K, G1K, G10K, G1A, G1R, G2K, G2R, G2A, G3KT, G5KBODY, G5KK, G5KKCP, G6KK, G10, GF1C-K, GF1K-K, GF2, GF3, GH1K, GH2S-BODY-ONLY, GH2K-BODY-ONLY, GH2KS, GH2HK, GH2KK, GH3KBODY, GX1SBODY, GX1KBODY, GX<\/span><\/span><\/span><\/p>\n<\/td>\n<\/tr>\n<tr>\n<td><span style=\"font-size: small;\">Largura<\/span><\/td>\n<td><span style=\"font-size: small;\"> 1 metro<\/span><\/td>\n<\/tr>\n<tr style=\"border: 1px solid #b8b8b8;\">\n<td style=\"border: 1px solid #b8b8b8; padding: 5px;\"><span style=\"font-size: small;\">Peso (gr):<\/span><\/td>\n<td style=\"border: 1px solid #b8b8b8; padding: 5px;\"><span style=\"font-size: small;\">55<\/span><\/td>\n<\/tr>\n<\/tbody>\n<\/table>\n","protected":false},"excerpt":{"rendered":"<p>Descripci\u00f3n: Cable en espiral extensible P6, conecta productos Phottix compatibles a c\u00e1maras Panasonic. Cable de alta calidad para conectar productos<\/p>\n","protected":false},"featured_media":42449,"comment_status":"closed","ping_status":"open","template":"","meta":{"_acf_changed":false},"product_brand":[2664],"product_cat":[919],"product_tag":[],"class_list":{"0":"post-73614","1":"product","2":"type-product","3":"status-publish","4":"has-post-thumbnail","6":"product_brand-phottix-es","7":"product_cat-disparadores-es","9":"first","10":"instock","11":"taxable","12":"shipping-taxable","13":"purchasable","14":"product-type-simple"},"bundled_by":[],"bundle_stock_status":"instock","bundle_stock_quantity":1,"bundle_virtual":false,"bundle_layout":"","bundle_add_to_cart_form_location":"","bundle_editable_in_cart":false,"bundle_sold_individually_context":"","bundle_item_grouping":"","bundle_min_size":"","bundle_max_size":"","bundle_price":[],"bundled_items":[],"bundle_sell_ids":[],"acf":[],"_links":{"self":[{"href":"https:\/\/hi-techwonder.com\/es\/wp-json\/wp\/v2\/product\/73614","targetHints":{"allow":["GET"]}}],"collection":[{"href":"https:\/\/hi-techwonder.com\/es\/wp-json\/wp\/v2\/product"}],"about":[{"href":"https:\/\/hi-techwonder.com\/es\/wp-json\/wp\/v2\/types\/product"}],"replies":[{"embeddable":true,"href":"https:\/\/hi-techwonder.com\/es\/wp-json\/wp\/v2\/comments?post=73614"}],"wp:featuredmedia":[{"embeddable":true,"href":"https:\/\/hi-techwonder.com\/es\/wp-json\/wp\/v2\/media\/42449"}],"wp:attachment":[{"href":"https:\/\/hi-techwonder.com\/es\/wp-json\/wp\/v2\/media?parent=73614"}],"wp:term":[{"taxonomy":"product_brand","embeddable":true,"href":"https:\/\/hi-techwonder.com\/es\/wp-json\/wp\/v2\/product_brand?post=73614"},{"taxonomy":"product_cat","embeddable":true,"href":"https:\/\/hi-techwonder.com\/es\/wp-json\/wp\/v2\/product_cat?post=73614"},{"taxonomy":"product_tag","embeddable":true,"href":"https:\/\/hi-techwonder.com\/es\/wp-json\/wp\/v2\/product_tag?post=73614"}],"curies":[{"name":"wp","href":"https:\/\/api.w.org\/{rel}","templated":true}]}}