{"id":73616,"date":"2025-07-28T23:38:25","date_gmt":"2025-07-28T23:38:25","guid":{"rendered":"https:\/\/fv6qoy3ls0.wpdns.site\/product\/puluz-360o-usb-30cm-mesa-giratoria-negro\/"},"modified":"2026-04-20T15:55:13","modified_gmt":"2026-04-20T14:55:13","slug":"puluz-360o-usb-30cm-mesa-giratoria-negro","status":"publish","type":"product","link":"https:\/\/hi-techwonder.com\/es\/producto\/puluz-360o-usb-30cm-mesa-giratoria-negro\/","title":{"rendered":"PULUZ 360\u00ba USB 30cm Mesa giratoria &#8211; Negro"},"content":{"rendered":"<p><strong>PULUZ 360\u00ba USB 30cm Mesa giratoria &#8211; Negro<\/strong><\/p>\n<p><strong>Contenido del paquete:&nbsp;<\/strong><\/p>\n<ul>\n<li>1 x Tocadiscos USB PULUZ 360\u00ba 30cm Negro<\/li>\n<li>1 x Cable Micro USB<\/li>\n<\/ul>\n<p><strong>Soporte giratorio para fotograf\u00eda<\/strong><\/p>\n<p>\u00bfNecesitas un stand que te permita presentar profesionalmente tu colecci\u00f3n de joyas, relojes, bolsos o figuras?&nbsp;<\/p>\n<p>El soporte giratorio Puluz con un di\u00e1metro de 30 cm ser\u00e1 perfecto tanto en casa como en una tienda o estudio fotogr\u00e1fico.&nbsp;<\/p>\n<p>El dispositivo gira 360\u00b0 y est\u00e1 equipado con un solo bot\u00f3n para un manejo c\u00f3modo.&nbsp;<\/p>\n<p>Se incluye un cable micro USB, que le permitir\u00e1 conectar el soporte a un dispositivo compatible.<\/p>\n<p><strong>Poco esfuerzo, gran efecto<\/strong><\/p>\n<p>Si est\u00e1 buscando la mejor manera de exhibir las piezas elegidas, \u00a1opte por el soporte giratorio Puluz!&nbsp;<\/p>\n<p>Gracias al bot\u00f3n incorporado, puede encender \/ apagar f\u00e1cilmente el dispositivo.&nbsp;<\/p>\n<p>La almohadilla de goma antideslizante permite colocar el producto sobre una superficie lisa sin preocupaciones.<\/p>\n<p><strong>Garantizar la profesionalidad<\/strong><\/p>\n<p>\u00a1Fotograf\u00ede y grabe los objetos presentados en el stand sin interferencias!&nbsp;<\/p>\n<p>El dispositivo soporta hasta 10 kg, por lo que no tienes que limitarte.&nbsp;<\/p>\n<p>Adem\u00e1s, el producto Puluz funciona de forma extremadamente silenciosa (50-60 dB), por lo que el ruido no deseado no impedir\u00e1 la grabaci\u00f3n de v\u00eddeo.<\/p>\n","protected":false},"excerpt":{"rendered":"<p>PULUZ 360\u00ba USB 30cm Mesa giratoria &#8211; Negro Contenido del paquete:&nbsp; 1 x Tocadiscos USB PULUZ 360\u00ba 30cm Negro 1<\/p>\n","protected":false},"featured_media":25241,"comment_status":"closed","ping_status":"open","template":"","meta":{"_acf_changed":false},"product_brand":[2582],"product_cat":[945],"product_tag":[],"class_list":{"0":"post-73616","1":"product","2":"type-product","3":"status-publish","4":"has-post-thumbnail","6":"product_brand-puluz-es","7":"product_cat-fotografia-360o-es","9":"first","10":"pre-order","11":"taxable","12":"shipping-taxable","13":"purchasable","14":"product-type-simple"},"bundled_by":[],"bundle_stock_status":"pre-order","bundle_stock_quantity":null,"bundle_virtual":false,"bundle_layout":"","bundle_add_to_cart_form_location":"","bundle_editable_in_cart":false,"bundle_sold_individually_context":"","bundle_item_grouping":"","bundle_min_size":"","bundle_max_size":"","bundle_price":[],"bundled_items":[],"bundle_sell_ids":[],"acf":[],"_links":{"self":[{"href":"https:\/\/hi-techwonder.com\/es\/wp-json\/wp\/v2\/product\/73616","targetHints":{"allow":["GET"]}}],"collection":[{"href":"https:\/\/hi-techwonder.com\/es\/wp-json\/wp\/v2\/product"}],"about":[{"href":"https:\/\/hi-techwonder.com\/es\/wp-json\/wp\/v2\/types\/product"}],"replies":[{"embeddable":true,"href":"https:\/\/hi-techwonder.com\/es\/wp-json\/wp\/v2\/comments?post=73616"}],"wp:featuredmedia":[{"embeddable":true,"href":"https:\/\/hi-techwonder.com\/es\/wp-json\/wp\/v2\/media\/25241"}],"wp:attachment":[{"href":"https:\/\/hi-techwonder.com\/es\/wp-json\/wp\/v2\/media?parent=73616"}],"wp:term":[{"taxonomy":"product_brand","embeddable":true,"href":"https:\/\/hi-techwonder.com\/es\/wp-json\/wp\/v2\/product_brand?post=73616"},{"taxonomy":"product_cat","embeddable":true,"href":"https:\/\/hi-techwonder.com\/es\/wp-json\/wp\/v2\/product_cat?post=73616"},{"taxonomy":"product_tag","embeddable":true,"href":"https:\/\/hi-techwonder.com\/es\/wp-json\/wp\/v2\/product_tag?post=73616"}],"curies":[{"name":"wp","href":"https:\/\/api.w.org\/{rel}","templated":true}]}}