{"id":73619,"date":"2025-07-29T10:50:54","date_gmt":"2025-07-29T10:50:54","guid":{"rendered":"https:\/\/fv6qoy3ls0.wpdns.site\/product\/empunadura-de-camara-proaim-con-correa-para-la-muneca\/"},"modified":"2026-01-31T01:24:41","modified_gmt":"2026-01-31T01:24:41","slug":"proaim-empunadura-de-camara-proaim-con-correa-para-la-muneca","status":"publish","type":"product","link":"https:\/\/hi-techwonder.com\/es\/producto\/proaim-empunadura-de-camara-proaim-con-correa-para-la-muneca\/","title":{"rendered":"Empu\u00f1adura de c\u00e1mara PROAIM con correa para la mu\u00f1eca"},"content":{"rendered":"<p style=\"text-align: justify\"><span style=\"font-size: small\">Fabricada con un material ligero y duradero, la nueva empu\u00f1adura de c\u00e1mara Proaim protege contra el desgaste diario al tiempo que permite al operador un f\u00e1cil acceso a todas las funciones de la c\u00e1mara.<\/span><\/p>\n<p style=\"text-align: justify\"><span style=\"font-size: small\">&nbsp;<\/span><\/p>\n<p style=\"text-align: justify\"><span style=\"font-size: small\"><span style=\"text-decoration: underline\"><strong>Qu\u00e9 hay en la caja:<\/strong><\/span><\/span><\/p>\n<ul style=\"text-align: justify\">\n<li><span style=\"font-size: small\">Empu\u00f1adura con mango<\/span><\/li>\n<li><span style=\"font-size: small\">Soporte-A y B-con Roseta<\/span><\/li>\n<li><span style=\"font-size: small\">Placa de liberaci\u00f3n r\u00e1pida<\/span><\/li>\n<\/ul>\n<p style=\"text-align: justify\"><span style=\"font-size: small\"><img loading=\"lazy\" decoding=\"async\" style=\"vertical-align: middle\" src=\"https:\/\/www.thecinecity.com\/New_Images\/Useful_Accessories\/Camera-handgrip-110.jpg\" alt=\"\" width=\"400\" height=\"185\"><\/span><\/p>\n<p style=\"text-align: justify\"><span style=\"font-size: small\">&nbsp;<\/span><\/p>\n<div id=\"desc2\" style=\"text-align: justify\"><span style=\"font-size: small\"><strong><span style=\"text-decoration: underline\">Recursos:<\/strong><\/span><\/span><\/div>\n<p><span style=\"font-size: small\"> <\/span><\/p>\n<ul style=\"text-align: justify\">\n<li><span style=\"font-size: small\">La empu\u00f1adura de la c\u00e1mara se adapta a su mano para ayudar a estabilizar su c\u00e1mara\/videoc\u00e1mara mientras graba\/graba.<\/span><\/li>\n<li><span style=\"font-size: small\">Haz que la fotograf\u00eda sea m\u00e1s c\u00f3moda con esta correa de mano.<\/span><\/li>\n<li><span style=\"font-size: small\">Empu\u00f1adura de c\u00e1mara especialmente dise\u00f1ada para c\u00e1maras digitales o de cine y videoc\u00e1maras del tama\u00f1o de la palma de la mano.<\/span><\/li>\n<li><span style=\"font-size: small\">Acabado profesional y de alta calidad con revestimiento de cuero suave y revestimiento de goma en el adaptador para evitar ara\u00f1azos en la c\u00e1mara.<\/span><\/li>\n<li><span style=\"font-size: small\">La ingenier\u00eda de montaje seguro fija f\u00e1cilmente la base de la c\u00e1mara con un tornillo de 1\/4&#8243;.<\/span><\/li>\n<li><span style=\"font-size: small\">Dise\u00f1o de hebilla Easy &#8216;ON&#8217; F\u00e1cil &#8216;OFF&#8217;.<\/span><\/li>\n<\/ul>\n<p style=\"text-align: justify\"><span style=\"font-size: small\">A diferencia de las correas para el cuello que limitan su rango de movimiento, nuestro Prroaim Hand Grip funciona como una extensi\u00f3n de movimiento libre de su brazo y mano.<\/span><\/p>\n<p style=\"text-align: justify\"><span style=\"font-size: small\">&nbsp;<\/span><\/p>\n<p style=\"text-align: justify\"><span style=\"font-size: small\"><strong><span style=\"text-decoration: underline\">Caracter\u00edsticas t\u00e9cnicas:<\/strong><\/span><\/span><\/p>\n<ul style=\"text-align: justify\">\n<li><span style=\"font-size: small\">Longitud: 9,5 cm \/ 12,5 cm<\/span><\/li>\n<li><span style=\"font-size: small\">Color: Negro<\/span><\/li>\n<li><span style=\"font-size: small\">Peso: 370g<\/span><\/li>\n<\/ul>\n<p style=\"text-align: justify\"><span style=\"font-size: small\">&nbsp;<\/span><\/p>\n<div id=\"desc2\" style=\"text-align: justify\"><span style=\"font-size: small\"><strong><span style=\"text-decoration: underline\">Estructura:<\/strong><\/span><\/span><\/div>\n<p style=\"text-align: justify\"><span style=\"font-size: small\"><br \/>Cuando se acopla a un cuerpo profesional de tama\u00f1o completo, como nuestro Canon 5D (como se ve en la imagen), proporciona la estabilidad adicional que es igual de importante al grabar videos.<\/span><\/p>\n<p style=\"text-align: justify\"><span style=\"font-size: small\">La correa ajustable se cierra alrededor del soporte de mano y est\u00e1 asegurada por un sistema de fijaci\u00f3n de velcro. El control de la correa de mano brinda a los tiradores la oportunidad de \u00abdisparar\u00bb, lo que no es posible cuando se usa un cord\u00f3n de cuello restrictivo. <\/span><\/p>\n<p style=\"text-align: justify\"><span style=\"font-size: small\"><img loading=\"lazy\" decoding=\"async\" src=\"https:\/\/www.thecinecity.com\/Headrest-1\/Camera-handgrip-1.jpg\" alt=\"\" width=\"300\" height=\"244\"><img loading=\"lazy\" decoding=\"async\" src=\"https:\/\/www.thecinecity.com\/Headrest-1\/Camera-handgrip-4.jpg\" alt=\"\" width=\"300\" height=\"244\"><br \/><\/span><\/p>\n<p style=\"text-align: justify\"><span style=\"font-size: small\">&nbsp;<\/span><\/p>\n<p style=\"text-align: justify\"><span style=\"font-size: small\">&nbsp;<\/span><\/p>\n","protected":false},"excerpt":{"rendered":"<p>Fabricada con un material ligero y duradero, la nueva empu\u00f1adura de c\u00e1mara Proaim protege contra el desgaste diario al tiempo<\/p>\n","protected":false},"featured_media":68376,"comment_status":"closed","ping_status":"open","template":"","meta":{"_acf_changed":false},"product_brand":[2713],"product_cat":[1097],"product_tag":[],"class_list":{"0":"post-73619","1":"product","2":"type-product","3":"status-publish","4":"has-post-thumbnail","6":"product_brand-proaim-es","7":"product_cat-bases-zapatas","9":"first","10":"instock","11":"taxable","12":"shipping-taxable","13":"purchasable","14":"product-type-simple"},"bundled_by":[],"bundle_stock_status":"instock","bundle_stock_quantity":2,"bundle_virtual":false,"bundle_layout":"","bundle_add_to_cart_form_location":"","bundle_editable_in_cart":false,"bundle_sold_individually_context":"","bundle_item_grouping":"","bundle_min_size":"","bundle_max_size":"","bundle_price":[],"bundled_items":[],"bundle_sell_ids":[],"acf":[],"_links":{"self":[{"href":"https:\/\/hi-techwonder.com\/es\/wp-json\/wp\/v2\/product\/73619","targetHints":{"allow":["GET"]}}],"collection":[{"href":"https:\/\/hi-techwonder.com\/es\/wp-json\/wp\/v2\/product"}],"about":[{"href":"https:\/\/hi-techwonder.com\/es\/wp-json\/wp\/v2\/types\/product"}],"replies":[{"embeddable":true,"href":"https:\/\/hi-techwonder.com\/es\/wp-json\/wp\/v2\/comments?post=73619"}],"wp:featuredmedia":[{"embeddable":true,"href":"https:\/\/hi-techwonder.com\/es\/wp-json\/wp\/v2\/media\/68376"}],"wp:attachment":[{"href":"https:\/\/hi-techwonder.com\/es\/wp-json\/wp\/v2\/media?parent=73619"}],"wp:term":[{"taxonomy":"product_brand","embeddable":true,"href":"https:\/\/hi-techwonder.com\/es\/wp-json\/wp\/v2\/product_brand?post=73619"},{"taxonomy":"product_cat","embeddable":true,"href":"https:\/\/hi-techwonder.com\/es\/wp-json\/wp\/v2\/product_cat?post=73619"},{"taxonomy":"product_tag","embeddable":true,"href":"https:\/\/hi-techwonder.com\/es\/wp-json\/wp\/v2\/product_tag?post=73619"}],"curies":[{"name":"wp","href":"https:\/\/api.w.org\/{rel}","templated":true}]}}