{"id":73628,"date":"2025-07-29T11:01:00","date_gmt":"2025-07-29T11:01:00","guid":{"rendered":"https:\/\/fv6qoy3ls0.wpdns.site\/product\/motor-estandar-ratrig-v-motion\/"},"modified":"2026-02-16T15:01:42","modified_gmt":"2026-02-16T15:01:42","slug":"ratrig-motor-estandar-ratrig-v-motion","status":"publish","type":"product","link":"https:\/\/hi-techwonder.com\/es\/producto\/ratrig-motor-estandar-ratrig-v-motion\/","title":{"rendered":"Motor est\u00e1ndar RATRIG V-Motion"},"content":{"rendered":"<p><span style=\"font-size: small\"><strong style=\"font-size: medium;color: #ff0000;font-family: 'Open Sans', sans-serif;text-align: justify\">Este art\u00edculo es solo sobre el motor. Es necesario comprar el <\/strong> <span style=\"font-size: medium;color: #ff0000;font-family: Open Sans, sans-serif\"><strong><a href=\"https:\/\/hi-techwonder.com\/ratrig-v-motion-lite\" target=\"_blank\" rel=\"noopener\">RATRIG V-Motor Lite<\/a> para acoplar el motor al control deslizante y controlar el control remoto.<\/strong><\/span><\/span><\/p>\n<p> <span style=\"font-size: small\">Motor est\u00e1ndar V-Motion: adecuado para lapsos de tiempo en su configuraci\u00f3n m\u00e1s lenta, adecuado para acci\u00f3n en tiempo real en su configuraci\u00f3n m\u00e1s r\u00e1pida.<\/span> <\/p>\n<p><object><\/object> <span style=\"font-size: small\"><\/p>\n<p>Este producto es un m\u00f3dulo de <a href=\"https:\/\/hi-techwonder.com\/ratrig-v-motion-lite\" target=\"_blank\" rel=\"noopener\">V-Motion Lite<\/a> , nuestro kit de motor para el V-Slider\/V-Slider Mini.<\/p>\n<p> Los motores V-Motion son motores de 12 V CC y son compatibles con muchos otros controladores gen\u00e9ricos y controladores de motor.<br \/><\/span><\/p>\n<ul>\n<li> <span style=\"font-size: small\">Velocidad m\u00e1xima: 1 metro en 38 segundos (28 RPM)<\/span><\/li>\n<li> <span style=\"font-size: small\">Velocidad m\u00e1s baja: 1 metro en 9 minutos<\/span><\/li>\n<li> <span style=\"font-size: small\">M\u00e1ximo. Consumo de energ\u00eda: 0,15 A (sin incluir la corriente de parada) <\/span><\/li>\n<\/ul>\n<p> <span style=\"font-size: small\"><br \/>Puede comprar m\u00e1s de un motor y cambiarlos f\u00e1cilmente cuando los necesite.<\/p>\n<p> <strong>El paquete incluye:<\/strong><br \/><\/span><\/p>\n<ul>\n<li> <span style=\"font-size: small\">Motor con motor de 1mt. cable (enchufe de barril de CC est\u00e1ndar <\/span><\/li>\n<li> <span style=\"font-size: small\">Pasador de 2,5 mm)?- Polea de distribuci\u00f3n<\/span><\/li>\n<li> <span style=\"font-size: small\">Placa de montaje y herrajes<\/span><\/li>\n<\/ul>\n","protected":false},"excerpt":{"rendered":"<p>Este art\u00edculo es solo sobre el motor. Es necesario comprar el RATRIG V-Motor Lite para acoplar el motor al control<\/p>\n","protected":false},"featured_media":70851,"comment_status":"closed","ping_status":"open","template":"","meta":{"_acf_changed":false},"product_brand":[2722],"product_cat":[1118],"product_tag":[],"class_list":{"0":"post-73628","1":"product","2":"type-product","3":"status-publish","4":"has-post-thumbnail","6":"product_brand-ratrig-es","7":"product_cat-sliders-skaters-es","9":"first","10":"instock","11":"sale","12":"taxable","13":"shipping-taxable","14":"purchasable","15":"product-type-simple"},"bundled_by":[],"bundle_stock_status":"instock","bundle_stock_quantity":1,"bundle_virtual":false,"bundle_layout":"","bundle_add_to_cart_form_location":"","bundle_editable_in_cart":false,"bundle_sold_individually_context":"","bundle_item_grouping":"","bundle_min_size":"","bundle_max_size":"","bundle_price":[],"bundled_items":[],"bundle_sell_ids":[],"acf":[],"_links":{"self":[{"href":"https:\/\/hi-techwonder.com\/es\/wp-json\/wp\/v2\/product\/73628","targetHints":{"allow":["GET"]}}],"collection":[{"href":"https:\/\/hi-techwonder.com\/es\/wp-json\/wp\/v2\/product"}],"about":[{"href":"https:\/\/hi-techwonder.com\/es\/wp-json\/wp\/v2\/types\/product"}],"replies":[{"embeddable":true,"href":"https:\/\/hi-techwonder.com\/es\/wp-json\/wp\/v2\/comments?post=73628"}],"wp:featuredmedia":[{"embeddable":true,"href":"https:\/\/hi-techwonder.com\/es\/wp-json\/wp\/v2\/media\/70851"}],"wp:attachment":[{"href":"https:\/\/hi-techwonder.com\/es\/wp-json\/wp\/v2\/media?parent=73628"}],"wp:term":[{"taxonomy":"product_brand","embeddable":true,"href":"https:\/\/hi-techwonder.com\/es\/wp-json\/wp\/v2\/product_brand?post=73628"},{"taxonomy":"product_cat","embeddable":true,"href":"https:\/\/hi-techwonder.com\/es\/wp-json\/wp\/v2\/product_cat?post=73628"},{"taxonomy":"product_tag","embeddable":true,"href":"https:\/\/hi-techwonder.com\/es\/wp-json\/wp\/v2\/product_tag?post=73628"}],"curies":[{"name":"wp","href":"https:\/\/api.w.org\/{rel}","templated":true}]}}