{"id":73629,"date":"2025-07-29T10:23:11","date_gmt":"2025-07-29T10:23:11","guid":{"rendered":"https:\/\/fv6qoy3ls0.wpdns.site\/product\/qzsd-bk-620-cabezal-panoramico\/"},"modified":"2026-03-09T11:03:25","modified_gmt":"2026-03-09T11:03:25","slug":"qzsd-bk-620-cabezal-panoramico","status":"publish","type":"product","link":"https:\/\/hi-techwonder.com\/es\/producto\/qzsd-bk-620-cabezal-panoramico\/","title":{"rendered":"QZSD BK-620 Cabezal panor\u00e1mico"},"content":{"rendered":"<p>Cabezal robusto y fluido, construido en aluminio y pl\u00e1stico (mangos).<\/p>\n<p>Capacidad de carga: 10Kgs<\/p>\n<p>Con liberaci\u00f3n r\u00e1pida  <\/p>\n<p>Rotaci\u00f3n panor\u00e1mica<\/p>\n","protected":false},"excerpt":{"rendered":"<p>Cabezal robusto y fluido, construido en aluminio y pl\u00e1stico (mangos). Capacidad de carga: 10Kgs Con liberaci\u00f3n r\u00e1pida Rotaci\u00f3n panor\u00e1mica<\/p>\n","protected":false},"featured_media":62515,"comment_status":"closed","ping_status":"open","template":"","meta":{"_acf_changed":false},"product_brand":[2596],"product_cat":[1074],"product_tag":[],"class_list":{"0":"post-73629","1":"product","2":"type-product","3":"status-publish","4":"has-post-thumbnail","6":"product_brand-qzsd-es","7":"product_cat-3-way","9":"first","10":"instock","11":"taxable","12":"shipping-taxable","13":"purchasable","14":"product-type-simple"},"bundled_by":[],"bundle_stock_status":"instock","bundle_stock_quantity":1,"bundle_virtual":false,"bundle_layout":"","bundle_add_to_cart_form_location":"","bundle_editable_in_cart":false,"bundle_sold_individually_context":"","bundle_item_grouping":"","bundle_min_size":"","bundle_max_size":"","bundle_price":[],"bundled_items":[],"bundle_sell_ids":[],"acf":[],"_links":{"self":[{"href":"https:\/\/hi-techwonder.com\/es\/wp-json\/wp\/v2\/product\/73629","targetHints":{"allow":["GET"]}}],"collection":[{"href":"https:\/\/hi-techwonder.com\/es\/wp-json\/wp\/v2\/product"}],"about":[{"href":"https:\/\/hi-techwonder.com\/es\/wp-json\/wp\/v2\/types\/product"}],"replies":[{"embeddable":true,"href":"https:\/\/hi-techwonder.com\/es\/wp-json\/wp\/v2\/comments?post=73629"}],"wp:featuredmedia":[{"embeddable":true,"href":"https:\/\/hi-techwonder.com\/es\/wp-json\/wp\/v2\/media\/62515"}],"wp:attachment":[{"href":"https:\/\/hi-techwonder.com\/es\/wp-json\/wp\/v2\/media?parent=73629"}],"wp:term":[{"taxonomy":"product_brand","embeddable":true,"href":"https:\/\/hi-techwonder.com\/es\/wp-json\/wp\/v2\/product_brand?post=73629"},{"taxonomy":"product_cat","embeddable":true,"href":"https:\/\/hi-techwonder.com\/es\/wp-json\/wp\/v2\/product_cat?post=73629"},{"taxonomy":"product_tag","embeddable":true,"href":"https:\/\/hi-techwonder.com\/es\/wp-json\/wp\/v2\/product_tag?post=73629"}],"curies":[{"name":"wp","href":"https:\/\/api.w.org\/{rel}","templated":true}]}}