{"id":73630,"date":"2025-07-29T10:24:10","date_gmt":"2025-07-29T10:24:10","guid":{"rendered":"https:\/\/fv6qoy3ls0.wpdns.site\/product\/cabezal-de-video-qzsd-q90\/"},"modified":"2026-01-31T01:37:11","modified_gmt":"2026-01-31T01:37:11","slug":"qzsd-cabezal-de-video-qzsd-q90","status":"publish","type":"product","link":"https:\/\/hi-techwonder.com\/es\/producto\/qzsd-cabezal-de-video-qzsd-q90\/","title":{"rendered":"Cabezal de video QZSD Q90"},"content":{"rendered":"<p><strong>Cabezal de v\u00eddeo BEIKE Q90<\/strong><\/p>\n<p><strong>Contenido:<\/strong><\/p>\n<ul>\n<li>1 x Cabezal de v\u00eddeo BEIKE Q90<\/li>\n<li>1 x Zapata<\/li>\n<\/ul>\n<p><strong>Caracter\u00edsticas t\u00e9cnicas:<\/strong><\/p>\n<ul>\n<li>Modelo: Beike Q90<\/li>\n<li>Material: aleaci\u00f3n de aluminio<\/li>\n<li>Montaje superior: Rosca superior macho de 1\/4&#8243;<\/li>\n<li>Montaje en la base: rosca hembra de 3\/8&#8243; en la base<\/li>\n<li>Capacidad de carga: 10 Kg<\/li>\n<\/ul>\n","protected":false},"excerpt":{"rendered":"<p>Cabezal de v\u00eddeo BEIKE Q90 Contenido: 1 x Cabezal de v\u00eddeo BEIKE Q90 1 x Zapata Caracter\u00edsticas t\u00e9cnicas: Modelo: Beike<\/p>\n","protected":false},"featured_media":62774,"comment_status":"closed","ping_status":"open","template":"","meta":{"_acf_changed":false},"product_brand":[2596],"product_cat":[1079],"product_tag":[],"class_list":{"0":"post-73630","1":"product","2":"type-product","3":"status-publish","4":"has-post-thumbnail","6":"product_brand-qzsd-es","7":"product_cat-video-rotulas","9":"first","10":"instock","11":"taxable","12":"shipping-taxable","13":"purchasable","14":"product-type-simple"},"bundled_by":[],"bundle_stock_status":"instock","bundle_stock_quantity":1,"bundle_virtual":false,"bundle_layout":"","bundle_add_to_cart_form_location":"","bundle_editable_in_cart":false,"bundle_sold_individually_context":"","bundle_item_grouping":"","bundle_min_size":"","bundle_max_size":"","bundle_price":[],"bundled_items":[],"bundle_sell_ids":[],"acf":[],"_links":{"self":[{"href":"https:\/\/hi-techwonder.com\/es\/wp-json\/wp\/v2\/product\/73630","targetHints":{"allow":["GET"]}}],"collection":[{"href":"https:\/\/hi-techwonder.com\/es\/wp-json\/wp\/v2\/product"}],"about":[{"href":"https:\/\/hi-techwonder.com\/es\/wp-json\/wp\/v2\/types\/product"}],"replies":[{"embeddable":true,"href":"https:\/\/hi-techwonder.com\/es\/wp-json\/wp\/v2\/comments?post=73630"}],"wp:featuredmedia":[{"embeddable":true,"href":"https:\/\/hi-techwonder.com\/es\/wp-json\/wp\/v2\/media\/62774"}],"wp:attachment":[{"href":"https:\/\/hi-techwonder.com\/es\/wp-json\/wp\/v2\/media?parent=73630"}],"wp:term":[{"taxonomy":"product_brand","embeddable":true,"href":"https:\/\/hi-techwonder.com\/es\/wp-json\/wp\/v2\/product_brand?post=73630"},{"taxonomy":"product_cat","embeddable":true,"href":"https:\/\/hi-techwonder.com\/es\/wp-json\/wp\/v2\/product_cat?post=73630"},{"taxonomy":"product_tag","embeddable":true,"href":"https:\/\/hi-techwonder.com\/es\/wp-json\/wp\/v2\/product_tag?post=73630"}],"curies":[{"name":"wp","href":"https:\/\/api.w.org\/{rel}","templated":true}]}}