{"id":73632,"date":"2025-07-29T10:23:19","date_gmt":"2025-07-29T10:23:19","guid":{"rendered":"https:\/\/fv6qoy3ls0.wpdns.site\/product\/qzsd-q45s-cabezal-de-cardan-panoramico\/"},"modified":"2026-03-13T11:14:03","modified_gmt":"2026-03-13T11:14:03","slug":"qzsd-q45s-cabezal-de-cardan-panoramico","status":"publish","type":"product","link":"https:\/\/hi-techwonder.com\/es\/producto\/qzsd-q45s-cabezal-de-cardan-panoramico\/","title":{"rendered":"QZSD Q45S Cabezal de card\u00e1n panor\u00e1mico"},"content":{"rendered":"<p><strong>BEIKE Q45S Gimbal de cabeza panor\u00e1mica<\/strong><\/p>\n<p><strong>Contenido del paquete:<\/strong><\/p>\n<ul>\n<li>1 x Beike Q45S Gimbal panor\u00e1mico<\/li>\n<\/ul>\n<p><strong>Caracter\u00edsticas t\u00e9cnicas:<\/strong><\/p>\n<table style=\"height: 187px;\" border=\"0\" width=\"602\" cellspacing=\"0\" cellpadding=\"2\">\n<colgroup>\n<col width=\"231\">\n<col width=\"363\"><\/colgroup>\n<tbody>\n<tr style=\"height: 22px;\">\n<td style=\"height: 11px;\" width=\"231\"><span style=\"font-size: medium;\">Modelo:<\/span><\/td>\n<td style=\"height: 11px;\" width=\"363\"><span style=\"font-size: medium;\">QZSD Q45S<\/span><\/td>\n<\/tr>\n<tr style=\"height: 22px;\">\n<td style=\"height: 22px;\" width=\"231\"><span style=\"font-size: medium;\">Material: <\/span><\/td>\n<td style=\"height: 22px;\" width=\"363\"><span style=\"font-size: medium;\">Aleaci\u00f3n de aluminio<\/span><\/td>\n<\/tr>\n<tr style=\"height: 22px;\">\n<td style=\"height: 22px;\" width=\"231\"><span style=\"font-size: medium;\">Tipo de cabeza:<\/span><\/td>\n<td style=\"height: 22px;\" width=\"363\"><span style=\"font-size: medium;\">Cabezal de card\u00e1n panor\u00e1mico<\/span><\/td>\n<\/tr>\n<tr style=\"height: 22px;\">\n<td style=\"height: 22px;\" width=\"231\"><span style=\"font-size: medium;\">\u00c1ngulo de rotaci\u00f3n:<\/span><\/td>\n<td style=\"height: 22px;\" width=\"363\"><span style=\"font-size: medium;\">360\u00b0<\/span><\/td>\n<\/tr>\n<tr style=\"height: 22px;\">\n<td style=\"height: 22px;\" width=\"231\"><span style=\"font-size: medium;\">Di\u00e1metro de la base:<\/span><\/td>\n<td style=\"height: 22px;\" width=\"363\"><span style=\"font-size: medium;\">45 mil\u00edmetros<\/span><\/td>\n<\/tr>\n<tr style=\"height: 22px;\">\n<td style=\"height: 22px;\"><span style=\"font-size: medium;\"><span style=\"color: #4d4d4d;\">Montaje superior:<br \/><\/span><\/span><\/td>\n<td style=\"height: 22px;\"><span style=\"font-size: medium;\"><span style=\"color: #4d4d4d;\"><span style=\"color: #4d4d4d;\">Rosca macho de 1\/4&#8243;<br \/><\/span><\/span><\/span><\/td>\n<\/tr>\n<tr style=\"height: 22px;\">\n<td style=\"height: 22px;\"><span style=\"font-size: medium;\">Montaje en base:<\/span><\/td>\n<td style=\"height: 22px;\"><span style=\"font-size: medium;\"><span style=\"color: #4d4d4d;\">Rosca hembra de 3\/8&#8243;<br \/><\/span><\/span><\/td>\n<\/tr>\n<tr style=\"height: 22px;\">\n<td style=\"height: 22px;\" width=\"231\"><span style=\"font-size: medium;\">Capacidad de carga:<\/span><\/td>\n<td style=\"height: 22px;\" width=\"363\"><span style=\"font-size: medium;\">20 kg<\/span><\/td>\n<\/tr>\n<tr style=\"height: 22px;\">\n<td style=\"height: 22px;\" width=\"231\"><span style=\"font-size: medium;\">Peso:<\/span><\/td>\n<td style=\"height: 22px;\" width=\"363\"><span style=\"font-size: medium;\">1,32 kg<\/span><\/td>\n<\/tr>\n<\/tbody>\n<\/table>\n","protected":false},"excerpt":{"rendered":"<p>BEIKE Q45S Gimbal de cabeza panor\u00e1mica Contenido del paquete: 1 x Beike Q45S Gimbal panor\u00e1mico Caracter\u00edsticas t\u00e9cnicas: Modelo: QZSD Q45S<\/p>\n","protected":false},"featured_media":62562,"comment_status":"closed","ping_status":"open","template":"","meta":{"_acf_changed":false},"product_brand":[2596],"product_cat":[1076],"product_tag":[],"class_list":{"0":"post-73632","1":"product","2":"type-product","3":"status-publish","4":"has-post-thumbnail","6":"product_brand-qzsd-es","7":"product_cat-gimbals-es","9":"first","10":"instock","11":"taxable","12":"shipping-taxable","13":"purchasable","14":"product-type-simple"},"bundled_by":[],"bundle_stock_status":"instock","bundle_stock_quantity":1,"bundle_virtual":false,"bundle_layout":"","bundle_add_to_cart_form_location":"","bundle_editable_in_cart":false,"bundle_sold_individually_context":"","bundle_item_grouping":"","bundle_min_size":"","bundle_max_size":"","bundle_price":[],"bundled_items":[],"bundle_sell_ids":[],"acf":[],"_links":{"self":[{"href":"https:\/\/hi-techwonder.com\/es\/wp-json\/wp\/v2\/product\/73632","targetHints":{"allow":["GET"]}}],"collection":[{"href":"https:\/\/hi-techwonder.com\/es\/wp-json\/wp\/v2\/product"}],"about":[{"href":"https:\/\/hi-techwonder.com\/es\/wp-json\/wp\/v2\/types\/product"}],"replies":[{"embeddable":true,"href":"https:\/\/hi-techwonder.com\/es\/wp-json\/wp\/v2\/comments?post=73632"}],"wp:featuredmedia":[{"embeddable":true,"href":"https:\/\/hi-techwonder.com\/es\/wp-json\/wp\/v2\/media\/62562"}],"wp:attachment":[{"href":"https:\/\/hi-techwonder.com\/es\/wp-json\/wp\/v2\/media?parent=73632"}],"wp:term":[{"taxonomy":"product_brand","embeddable":true,"href":"https:\/\/hi-techwonder.com\/es\/wp-json\/wp\/v2\/product_brand?post=73632"},{"taxonomy":"product_cat","embeddable":true,"href":"https:\/\/hi-techwonder.com\/es\/wp-json\/wp\/v2\/product_cat?post=73632"},{"taxonomy":"product_tag","embeddable":true,"href":"https:\/\/hi-techwonder.com\/es\/wp-json\/wp\/v2\/product_tag?post=73632"}],"curies":[{"name":"wp","href":"https:\/\/api.w.org\/{rel}","templated":true}]}}