{"id":73633,"date":"2025-07-29T09:57:16","date_gmt":"2025-07-29T09:57:16","guid":{"rendered":"https:\/\/fv6qoy3ls0.wpdns.site\/product\/receptor-adicional-quadralite-stroboss-navigator\/"},"modified":"2026-01-31T01:54:02","modified_gmt":"2026-01-31T01:54:02","slug":"quadralite-receptor-adicional-quadralite-stroboss-navigator","status":"publish","type":"product","link":"https:\/\/hi-techwonder.com\/es\/producto\/quadralite-receptor-adicional-quadralite-stroboss-navigator\/","title":{"rendered":"Receptor adicional QUADRALITE Stroboss Navigator"},"content":{"rendered":"<p><span style=\"font-size: small\">Receptor de radio Navigator adicional destinado a flashes Stroboss. El dispositivo est\u00e1 equipado con un interruptor de grupos y canales y se alimenta directamente del puerto de radio en el flash. Stroboss Navigator es un sistema inal\u00e1mbrico de control y disparo para flashes Stroboss. Utiliza transmisi\u00f3n inal\u00e1mbrica (433 MHz) a trav\u00e9s de uno de los 16 canales. Pr\u00e1cticamente permite el funcionamiento f\u00e1cil, sin interrupciones y simult\u00e1neo de uno o varios flashes. Incluso a una distancia de varias decenas de metros. Puede dividir sus flashes (hasta 16 grupos), controlar los flashes de forma independiente y dispararlos simult\u00e1neamente cuando el transmisor est\u00e1 montado en la zapata de la c\u00e1mara. Permite la sincronizaci\u00f3n del flash hasta 1\/250 segundos.       <br \/><\/span><\/p>\n<p><span style=\"font-size: small\"><strong>Especificaci\u00f3n:<\/strong><br \/><\/span><\/p>\n<ul>\n<li><span style=\"font-size: small\">Modelo: Quadralite Navigator Stroboss \u2013 receptor<\/span><\/li>\n<li><span style=\"font-size: small\">Para usar con: Stroboss 58C, Stroboss 58N<\/span><\/li>\n<li><span style=\"font-size: small\">Tipo: Receptor adicional para el sistema Navigator Stroboss<\/span><\/li>\n<li><span style=\"font-size: small\">Alcance: hasta 50 m (en campo abierto)<\/span><\/li>\n<li><span style=\"font-size: small\">Entrada: 5V (desde la toma de la radio flash)<\/span><\/li>\n<li><span style=\"font-size: small\">Dimensiones: 55x11x29mm<\/span><\/li>\n<li><span style=\"font-size: small\">Peso: 11g<\/span><\/li>\n<\/ul>\n","protected":false},"excerpt":{"rendered":"<p>Receptor de radio Navigator adicional destinado a flashes Stroboss. El dispositivo est\u00e1 equipado con un interruptor de grupos y canales<\/p>\n","protected":false},"featured_media":56422,"comment_status":"closed","ping_status":"closed","template":"","meta":{"_acf_changed":false},"product_brand":[2598],"product_cat":[984],"product_tag":[],"class_list":{"0":"post-73633","1":"product","2":"type-product","3":"status-publish","4":"has-post-thumbnail","6":"product_brand-quadralite-es","7":"product_cat-disparadores-luz","9":"first","10":"instock","11":"taxable","12":"shipping-taxable","13":"purchasable","14":"product-type-simple"},"bundled_by":[],"bundle_stock_status":"instock","bundle_stock_quantity":3,"bundle_virtual":false,"bundle_layout":"","bundle_add_to_cart_form_location":"","bundle_editable_in_cart":false,"bundle_sold_individually_context":"","bundle_item_grouping":"","bundle_min_size":"","bundle_max_size":"","bundle_price":[],"bundled_items":[],"bundle_sell_ids":[],"acf":[],"_links":{"self":[{"href":"https:\/\/hi-techwonder.com\/es\/wp-json\/wp\/v2\/product\/73633","targetHints":{"allow":["GET"]}}],"collection":[{"href":"https:\/\/hi-techwonder.com\/es\/wp-json\/wp\/v2\/product"}],"about":[{"href":"https:\/\/hi-techwonder.com\/es\/wp-json\/wp\/v2\/types\/product"}],"replies":[{"embeddable":true,"href":"https:\/\/hi-techwonder.com\/es\/wp-json\/wp\/v2\/comments?post=73633"}],"wp:featuredmedia":[{"embeddable":true,"href":"https:\/\/hi-techwonder.com\/es\/wp-json\/wp\/v2\/media\/56422"}],"wp:attachment":[{"href":"https:\/\/hi-techwonder.com\/es\/wp-json\/wp\/v2\/media?parent=73633"}],"wp:term":[{"taxonomy":"product_brand","embeddable":true,"href":"https:\/\/hi-techwonder.com\/es\/wp-json\/wp\/v2\/product_brand?post=73633"},{"taxonomy":"product_cat","embeddable":true,"href":"https:\/\/hi-techwonder.com\/es\/wp-json\/wp\/v2\/product_cat?post=73633"},{"taxonomy":"product_tag","embeddable":true,"href":"https:\/\/hi-techwonder.com\/es\/wp-json\/wp\/v2\/product_tag?post=73633"}],"curies":[{"name":"wp","href":"https:\/\/api.w.org\/{rel}","templated":true}]}}