{"id":73638,"date":"2025-07-28T23:43:15","date_gmt":"2025-07-28T23:43:15","guid":{"rendered":"https:\/\/fv6qoy3ls0.wpdns.site\/product\/soporte-en-c-quadralite-320-cm\/"},"modified":"2026-03-26T17:46:44","modified_gmt":"2026-03-26T17:46:44","slug":"quadralite-soporte-en-c-quadralite-320-cm","status":"publish","type":"product","link":"https:\/\/hi-techwonder.com\/es\/producto\/quadralite-soporte-en-c-quadralite-320-cm\/","title":{"rendered":"Soporte en C QUADRALITE 320 cm"},"content":{"rendered":"<p><\/p>\n<p><b>Soporte en C QUADRALITE 320 cm<\/b><\/p>\n<p><\/p>\n<p>El soporte de iluminaci\u00f3n Quadralite C-Stand 320studio est\u00e1 dise\u00f1ado para funcionar con accesorios de iluminaci\u00f3n m\u00e1s pesados.<\/p>\n<p><\/p>\n<p>Su construcci\u00f3n y los materiales con los que est\u00e1 fabricado le permiten transportar con seguridad equipos de hasta 20 kg. La columna central tiene 3 secciones equipadas con un sistema de amortiguaci\u00f3n y abrazaderas debidamente seleccionadas que le permiten operar con cargas pesadas. El soporte est\u00e1 equipado con ruedas con frenos, que permiten un movimiento m\u00e1s f\u00e1cil en el estudio.  <\/p>\n<p><\/p>\n<p><b>Caracter\u00edsticas del producto:<\/b><\/p>\n<ul>\n<li>Capacidad: hasta 20 kg<\/li>\n<li>Construcci\u00f3n robusta de acero inoxidable y aleaci\u00f3n de aluminio para resistencia a da\u00f1os.<\/li>\n<li>3 secciones que permiten ajustar la altura hasta 304 cm.<\/li>\n<li>Patas plegables equipadas con ruedas con frenos.<\/li>\n<li>Asa de espuma en la columna central para facilitar el transporte.<\/li>\n<\/ul>\n<p><b>Especificaci\u00f3n:<\/b><\/p>\n<p><b>Modelo: Soporte de estudio C-Stand 320<\/b><\/p>\n<ul>\n<li>Carga m\u00e1xima: 20kg<\/li>\n<li>Altura m\u00e1xima: 304cm<\/li>\n<li>Peso: 6,5 kg<\/li>\n<li>N\u00famero de secciones: 3<\/li>\n<li>Di\u00e1metro de la base: 110 cm<\/li>\n<li>Material: acero inoxidable, aleaci\u00f3n de aluminio<\/li>\n<li>Di\u00e1metro de la columna central: 35 \/ 30 \/ 25 mm<\/li>\n<li>Di\u00e1metro del pasador: 16 mm (5\/8&#8243;)<\/li>\n<\/ul>\n<p><b><br \/><\/b><\/p>\n<p><b>Contenido del paquete:<\/b><\/p>\n<p>1x Soporte de luz tipo C<\/p>\n<p>3x rueda<\/p>\n<p><\/p>\n<p><\/p>\n","protected":false},"excerpt":{"rendered":"<p>Soporte en C QUADRALITE 320 cm El soporte de iluminaci\u00f3n Quadralite C-Stand 320studio est\u00e1 dise\u00f1ado para funcionar con accesorios de<\/p>\n","protected":false},"featured_media":26703,"comment_status":"closed","ping_status":"open","template":"","meta":{"_acf_changed":false},"product_brand":[2598],"product_cat":[967],"product_tag":[],"class_list":{"0":"post-73638","1":"product","2":"type-product","3":"status-publish","4":"has-post-thumbnail","6":"product_brand-quadralite-es","7":"product_cat-c-stands-es","9":"first","10":"instock","11":"taxable","12":"shipping-taxable","13":"purchasable","14":"product-type-simple"},"bundled_by":[],"bundle_stock_status":"instock","bundle_stock_quantity":2,"bundle_virtual":false,"bundle_layout":"","bundle_add_to_cart_form_location":"","bundle_editable_in_cart":false,"bundle_sold_individually_context":"","bundle_item_grouping":"","bundle_min_size":"","bundle_max_size":"","bundle_price":[],"bundled_items":[],"bundle_sell_ids":[],"acf":[],"_links":{"self":[{"href":"https:\/\/hi-techwonder.com\/es\/wp-json\/wp\/v2\/product\/73638","targetHints":{"allow":["GET"]}}],"collection":[{"href":"https:\/\/hi-techwonder.com\/es\/wp-json\/wp\/v2\/product"}],"about":[{"href":"https:\/\/hi-techwonder.com\/es\/wp-json\/wp\/v2\/types\/product"}],"replies":[{"embeddable":true,"href":"https:\/\/hi-techwonder.com\/es\/wp-json\/wp\/v2\/comments?post=73638"}],"wp:featuredmedia":[{"embeddable":true,"href":"https:\/\/hi-techwonder.com\/es\/wp-json\/wp\/v2\/media\/26703"}],"wp:attachment":[{"href":"https:\/\/hi-techwonder.com\/es\/wp-json\/wp\/v2\/media?parent=73638"}],"wp:term":[{"taxonomy":"product_brand","embeddable":true,"href":"https:\/\/hi-techwonder.com\/es\/wp-json\/wp\/v2\/product_brand?post=73638"},{"taxonomy":"product_cat","embeddable":true,"href":"https:\/\/hi-techwonder.com\/es\/wp-json\/wp\/v2\/product_cat?post=73638"},{"taxonomy":"product_tag","embeddable":true,"href":"https:\/\/hi-techwonder.com\/es\/wp-json\/wp\/v2\/product_tag?post=73638"}],"curies":[{"name":"wp","href":"https:\/\/api.w.org\/{rel}","templated":true}]}}