{"id":73639,"date":"2025-07-29T10:19:14","date_gmt":"2025-07-29T10:19:14","guid":{"rendered":"https:\/\/fv6qoy3ls0.wpdns.site\/product\/quadralite-paraguas-plata-150cm\/"},"modified":"2025-12-23T17:06:07","modified_gmt":"2025-12-23T17:06:07","slug":"quadralite-paraguas-plata-150cm","status":"publish","type":"product","link":"https:\/\/hi-techwonder.com\/es\/producto\/quadralite-paraguas-plata-150cm\/","title":{"rendered":"QUADRALITE Paraguas Plata 150cm"},"content":{"rendered":"<p style=\"text-align: justify;\"><span style=\"font-size: small;\">El paraguas plateado Quadralite es una herramienta sencilla y muy \u00fatil que refleja la luz procedente del flash. Se puede montar en cualquier soporte est\u00e1ndar. Los paraguas Quadralite est\u00e1n hechos de material de alta calidad que garantiza una distribuci\u00f3n constante de la luz y una temperatura de color correcta. El paraguas tiene 150 cm de di\u00e1metro.   <\/span><\/p>\n","protected":false},"excerpt":{"rendered":"<p>El paraguas plateado Quadralite es una herramienta sencilla y muy \u00fatil que refleja la luz procedente del flash. Se puede<\/p>\n","protected":false},"featured_media":61630,"comment_status":"closed","ping_status":"open","template":"","meta":{"_acf_changed":false},"product_brand":[2598],"product_cat":[1017],"product_tag":[],"class_list":{"0":"post-73639","1":"product","2":"type-product","3":"status-publish","4":"has-post-thumbnail","6":"product_brand-quadralite-es","7":"product_cat-reflectoras-es","9":"first","10":"instock","11":"taxable","12":"shipping-taxable","13":"purchasable","14":"product-type-simple"},"bundled_by":[],"bundle_stock_status":"instock","bundle_stock_quantity":1,"bundle_virtual":false,"bundle_layout":"","bundle_add_to_cart_form_location":"","bundle_editable_in_cart":false,"bundle_sold_individually_context":"","bundle_item_grouping":"","bundle_min_size":"","bundle_max_size":"","bundle_price":[],"bundled_items":[],"bundle_sell_ids":[],"acf":[],"_links":{"self":[{"href":"https:\/\/hi-techwonder.com\/es\/wp-json\/wp\/v2\/product\/73639","targetHints":{"allow":["GET"]}}],"collection":[{"href":"https:\/\/hi-techwonder.com\/es\/wp-json\/wp\/v2\/product"}],"about":[{"href":"https:\/\/hi-techwonder.com\/es\/wp-json\/wp\/v2\/types\/product"}],"replies":[{"embeddable":true,"href":"https:\/\/hi-techwonder.com\/es\/wp-json\/wp\/v2\/comments?post=73639"}],"wp:featuredmedia":[{"embeddable":true,"href":"https:\/\/hi-techwonder.com\/es\/wp-json\/wp\/v2\/media\/61630"}],"wp:attachment":[{"href":"https:\/\/hi-techwonder.com\/es\/wp-json\/wp\/v2\/media?parent=73639"}],"wp:term":[{"taxonomy":"product_brand","embeddable":true,"href":"https:\/\/hi-techwonder.com\/es\/wp-json\/wp\/v2\/product_brand?post=73639"},{"taxonomy":"product_cat","embeddable":true,"href":"https:\/\/hi-techwonder.com\/es\/wp-json\/wp\/v2\/product_cat?post=73639"},{"taxonomy":"product_tag","embeddable":true,"href":"https:\/\/hi-techwonder.com\/es\/wp-json\/wp\/v2\/product_tag?post=73639"}],"curies":[{"name":"wp","href":"https:\/\/api.w.org\/{rel}","templated":true}]}}