{"id":73640,"date":"2025-07-28T23:43:15","date_gmt":"2025-07-28T23:43:15","guid":{"rendered":"https:\/\/fv6qoy3ls0.wpdns.site\/product\/quadralite-c-stand-290-cm-20-kg\/"},"modified":"2026-02-11T10:40:04","modified_gmt":"2026-02-11T10:40:04","slug":"quadralite-c-stand-290-cm-20-kg","status":"publish","type":"product","link":"https:\/\/hi-techwonder.com\/es\/producto\/quadralite-c-stand-290-cm-20-kg\/","title":{"rendered":"QUADRALITE C-Stand 290 cm 20 kg"},"content":{"rendered":"<p><\/p>\n<p><b>QUADRALITE C-Stand 290cm<\/b><\/p>\n<p><\/p>\n<p>El soporte de iluminaci\u00f3n Quadralite C-Stand 290 est\u00e1 dise\u00f1ado para trabajar con accesorios de iluminaci\u00f3n m\u00e1s pesados.<\/p>\n<p><iframe loading=\"lazy\" frameborder=\"0\" src=\"https:\/\/www.youtube.com\/embed\/JJK1kosFe8U\" width=\"640\" height=\"360\" class=\"note-video-clip\" referrerpolicy=\"strict-origin-when-cross-origin\"><\/iframe><\/p>\n<p><\/p>\n<p>Su construcci\u00f3n y los materiales con los que est\u00e1 fabricado le permiten transportar con seguridad equipos de hasta 20 kg (10 kg. cuando se utiliza el brazo articulado). La columna central tiene 3 secciones equipadas con un sistema de amortiguaci\u00f3n y abrazaderas debidamente seleccionadas que le permiten operar con cargas pesadas. El juego tambi\u00e9n incluye un brazo articulado y 2 carretes que permiten ajustar el \u00e1ngulo del brazo. Los extremos de la pluma est\u00e1n equipados con roscas de montaje est\u00e1ndar de 1\/4&#8243; y 3\/8&#8243;.  <\/p>\n<p><\/p>\n<p><b>Caracter\u00edsticas del producto:<\/b><\/p>\n<ul>\n<li>Capacidad: hasta 20 kg<\/li>\n<li>Construcci\u00f3n robusta de acero inoxidable y aleaci\u00f3n de aluminio para resistencia a da\u00f1os.<\/li>\n<li>3 secciones que permiten ajustar la altura hasta 290 cm.<\/li>\n<li>Brazo articulado incluido.<\/li>\n<li>Patas plegables equipadas con bloqueo y almohadillas antideslizantes.<\/li>\n<li>Asa de espuma en la columna central para facilitar el transporte.<\/li>\n<li>Abrazaderas robustas.<\/li>\n<li>Columna central acabada con un pasador de 16 mm de di\u00e1metro.<\/li>\n<\/ul>\n<p><\/p>\n<p><b>Caracter\u00edsticas t\u00e9cnicas:<\/b><\/p>\n<ul>\n<li>Carga m\u00e1xima: 20 kg (10 kg. cuando se utiliza el brazo de la pluma).<\/li>\n<li>Altura m\u00e1xima: 290 cm<\/li>\n<li>Peso: 8 kg<\/li>\n<li>N\u00famero de secciones: 3<\/li>\n<li>Longitud del brazo articulado: 125 cm<\/li>\n<li>Material: Acero inoxidable<\/li>\n<li>Di\u00e1metro de la columna central: 35 \/ 30 \/ 25 mm<\/li>\n<li>Di\u00e1metro del brazo de la pluma: 16 mm<\/li>\n<\/ul>\n<p><b>Contenido del paquete:<\/b><\/p>\n<p>1x Quadralite C-Stand 290&nbsp;<\/p>\n<p>1 \u00d7 Brazo articulado<\/p>\n<p>2 \u00d7 Cabezal de sujeci\u00f3n<\/p>\n<p><\/p>\n<p><\/p>\n<p><\/p>\n","protected":false},"excerpt":{"rendered":"<p>QUADRALITE C-Stand 290cm El soporte de iluminaci\u00f3n Quadralite C-Stand 290 est\u00e1 dise\u00f1ado para trabajar con accesorios de iluminaci\u00f3n m\u00e1s pesados.<\/p>\n","protected":false},"featured_media":26712,"comment_status":"closed","ping_status":"open","template":"","meta":{"_acf_changed":false},"product_brand":[2598],"product_cat":[967],"product_tag":[],"class_list":{"0":"post-73640","1":"product","2":"type-product","3":"status-publish","4":"has-post-thumbnail","6":"product_brand-quadralite-es","7":"product_cat-c-stands-es","9":"first","10":"instock","11":"taxable","12":"shipping-taxable","13":"purchasable","14":"product-type-simple"},"bundled_by":[],"bundle_stock_status":"instock","bundle_stock_quantity":2,"bundle_virtual":false,"bundle_layout":"","bundle_add_to_cart_form_location":"","bundle_editable_in_cart":false,"bundle_sold_individually_context":"","bundle_item_grouping":"","bundle_min_size":"","bundle_max_size":"","bundle_price":[],"bundled_items":[],"bundle_sell_ids":[],"acf":[],"_links":{"self":[{"href":"https:\/\/hi-techwonder.com\/es\/wp-json\/wp\/v2\/product\/73640","targetHints":{"allow":["GET"]}}],"collection":[{"href":"https:\/\/hi-techwonder.com\/es\/wp-json\/wp\/v2\/product"}],"about":[{"href":"https:\/\/hi-techwonder.com\/es\/wp-json\/wp\/v2\/types\/product"}],"replies":[{"embeddable":true,"href":"https:\/\/hi-techwonder.com\/es\/wp-json\/wp\/v2\/comments?post=73640"}],"wp:featuredmedia":[{"embeddable":true,"href":"https:\/\/hi-techwonder.com\/es\/wp-json\/wp\/v2\/media\/26712"}],"wp:attachment":[{"href":"https:\/\/hi-techwonder.com\/es\/wp-json\/wp\/v2\/media?parent=73640"}],"wp:term":[{"taxonomy":"product_brand","embeddable":true,"href":"https:\/\/hi-techwonder.com\/es\/wp-json\/wp\/v2\/product_brand?post=73640"},{"taxonomy":"product_cat","embeddable":true,"href":"https:\/\/hi-techwonder.com\/es\/wp-json\/wp\/v2\/product_cat?post=73640"},{"taxonomy":"product_tag","embeddable":true,"href":"https:\/\/hi-techwonder.com\/es\/wp-json\/wp\/v2\/product_tag?post=73640"}],"curies":[{"name":"wp","href":"https:\/\/api.w.org\/{rel}","templated":true}]}}