{"id":73644,"date":"2025-07-29T00:12:40","date_gmt":"2025-07-29T00:12:40","guid":{"rendered":"https:\/\/fv6qoy3ls0.wpdns.site\/product\/puluz-pu5015b-mochila-fotografica-impermeable\/"},"modified":"2025-07-29T00:12:40","modified_gmt":"2025-07-29T00:12:40","slug":"puluz-pu5015b-mochila-fotografica-impermeable","status":"publish","type":"product","link":"https:\/\/hi-techwonder.com\/es\/producto\/puluz-pu5015b-mochila-fotografica-impermeable\/","title":{"rendered":"PULUZ PU5015B Mochila fotogr\u00e1fica impermeable"},"content":{"rendered":"<p><b>PULUZ PU5015B Mochila fotogr\u00e1fica impermeable<\/b><\/p>\n<p><\/p>\n<p><\/p>\n<p><b>Funciones<\/b><\/p>\n<ul>\n<li>Mochila fotogr\u00e1fica impermeable<\/li>\n<li>Materiales: Tejido Oxford \/ Transpirable y resistente al agua<\/li>\n<li>Funda para tableta<\/li>\n<li>Bolsas para tr\u00edpode, smartphone, botella de agua y peque\u00f1os accesorios<\/li>\n<\/ul>\n<p><\/p>\n<p><\/p>\n<p><b>Contenido del paquete<\/b><\/p>\n<ul>\n<li>1 x Mochila fotogr\u00e1fica impermeable PULUZ PU5015B<\/li>\n<\/ul>\n<p><\/p>\n<p><\/p>\n<p><\/p>\n<p><b>Mochila fotogr\u00e1fica impermeable Puluz PU5015B<\/b><\/p>\n<ul>\n<li>Transporta de forma segura una c\u00e1mara, videoc\u00e1mara, lentes, dron u otros accesorios.<\/li>\n<li>La mochila fotogr\u00e1fica Puluz PU5015B se distingue por su gran capacidad y, gracias a sus compartimentos extra\u00edbles, te permite organizar el espacio disponible de la forma que te resulte m\u00e1s conveniente.&nbsp;<\/li>\n<li>Es extremadamente resistente e impermeable.&nbsp;<\/li>\n<li>Est\u00e1 dise\u00f1ado para garantizar la comodidad durante cualquier expedici\u00f3n o sesi\u00f3n de fotos al aire libre.<\/li>\n<\/ul>\n<p><img decoding=\"async\" src=\"https:\/\/b2b.innpro.pl\/data\/include\/cms\/02Puluz\/PU5015B\/7.jpg?v=1646130691258\" style=\"width: 50%;\" alt=\"\"><\/p>\n<p><b>Gran capacidad&nbsp;<\/b><\/p>\n<ul>\n<li>Esta pr\u00e1ctica mochila es extremadamente espaciosa.&nbsp;<\/li>\n<li>Puede empacar f\u00e1cilmente su equipo de c\u00e1mara con accesorios, por ejemplo, c\u00e1mara y lentes, memorias USB, dron o consola de juegos.&nbsp;<\/li>\n<li>Compartimentos para, mudas de ropa, provisiones, computadora port\u00e1til, tel\u00e9fono inteligente, banco de energ\u00eda, toalla, gafas de sol, pasta de dientes y cepillo de dientes, peine o medicamentos.<\/li>\n<\/ul>\n<p><img decoding=\"async\" src=\"https:\/\/b2b.innpro.pl\/data\/include\/cms\/02Puluz\/PU5015B\/5.jpg?v=1646130691258\" style=\"width: 50%;\" alt=\"\"><\/p>\n<p><b>Organizaci\u00f3n<\/b><\/p>\n<ul>\n<li>La mochila est\u00e1 dise\u00f1ada para permitirte organizar tu espacio de la mejor manera. Est\u00e1 equipado con muchos bolsillos, incluidos bolsillos con cremallera. Tambi\u00e9n encontrar\u00e1s inserciones de espuma extra\u00edbles de 1 cm, que puedes usar para crear compartimentos del tama\u00f1o que desees. De esta manera, puede ajustar el interior de la mochila a sus expectativas y facilitar el almacenamiento de su equipo.   <\/li>\n<\/ul>\n<p><img decoding=\"async\" src=\"https:\/\/b2b.innpro.pl\/data\/include\/cms\/02Puluz\/PU5015B\/4.jpg?v=1646130691258\" style=\"width: 50%;\" alt=\"\"><\/p>\n<p><b>Comodidad de uso&nbsp;<\/b><\/p>\n<ul>\n<li>Dise\u00f1ado para su uso en caminatas exigentes con cierta comodidad. La espalda y los tirantes de la PU5015B est\u00e1n hechos de materiales suaves y transpirables. Tambi\u00e9n tiene una correa para el pecho con hebilla para que la mochila se ajuste mejor y distribuya el peso de manera m\u00e1s uniforme.  <\/li>\n<\/ul>\n<p><img decoding=\"async\" src=\"https:\/\/b2b.innpro.pl\/data\/include\/cms\/02Puluz\/PU5015B\/1.jpg?v=1646130691258\" style=\"width: 50%;\" alt=\"\"><\/p>\n<p><b>Dise\u00f1ado para su uso en condiciones extremas&nbsp;<\/b><\/p>\n<ul>\n<li>Dise\u00f1ado para preservar la seguridad del equipo.&nbsp;<\/li>\n<li>La capa exterior de la mochila est\u00e1 hecha de tela Oxford impermeable y duradera y una cremallera de metal resistente, lo que la hace extremadamente resistente a da\u00f1os y desgaste. Tambi\u00e9n incluye una funda para la lluvia para cubrir la mochila. &nbsp;<\/li>\n<\/ul>\n<p><img decoding=\"async\" src=\"https:\/\/b2b.innpro.pl\/data\/include\/cms\/02Puluz\/PU5015B\/3.jpg?v=1646130691258\" style=\"width: 50%;\" alt=\"\"><\/p>\n<p><\/p>\n<section class=\"projector_tabs --active\" style=\"margin: 0px; padding: 0px 0px 1.8rem; width: 1294.73px; grid-column: 1 \/ span 2;\">\n<div class=\"projector_tabs__tabs\" style=\"margin: 0px; padding: 0px; width: 1294.73px; display: flex; justify-content: left; position: relative; flex-wrap: wrap;\"><span class=\"projector_tabs__name\" style=\"margin: 0px; padding: 0px; overflow: hidden;\"><span style=\"vertical-align: inherit;\"><span style=\"font-weight: 700;\">Caracter\u00edsticas t\u00e9cnicas<\/span><\/span><\/span><\/div>\n<\/section>\n<section class=\"projector_tabs_desktop d-md-block\" style=\"margin: 0px; padding: 0px; grid-column: 1 \/ span 2;\">\n<div class=\"table-wrapper\" data-div-target=\"hide\" style=\"margin: 0px 0px 7rem; padding: 0px; width: 1294.73px; overflow-x: auto;\">\n<table style=\"width: 1294.72px; margin: 0px; padding: 0px;\">\n<tbody style=\"margin: 0px; padding: 0px;\">\n<tr style=\"margin: 0px; padding: 0px;\">\n<th style=\"padding: 10px 35px; margin: 0px; vertical-align: top;\">Fabricante:<\/th>\n<td style=\"padding: 10px 35px; margin: 0px; vertical-align: top;\">Puluz<\/td>\n<\/tr>\n<tr style=\"margin: 0px; padding: 0px; border: 1px solid rgb(224, 231, 238); border-radius: 10px;\">\n<th style=\"padding: 10px 35px; margin: 0px; vertical-align: top;\">Modelo<\/th>\n<td style=\"padding: 10px 35px; margin: 0px; vertical-align: top;\">PU5018B<\/td>\n<\/tr>\n<tr>\n<td style=\"padding: 10px 35px; margin: 0px; vertical-align: top;\"><\/td>\n<td style=\"padding: 10px 35px; margin: 0px; vertical-align: top;\"><\/td>\n<\/tr>\n<tr>\n<td style=\"padding: 10px 35px; margin: 0px; vertical-align: top;\"><font style=\"background-color: rgb(206, 231, 247);\">Mochila<\/font><\/td>\n<td style=\"padding: 10px 35px; margin: 0px; vertical-align: top;\"><font style=\"background-color: rgb(206, 231, 247);\"><br \/><\/font><\/td>\n<\/tr>\n<tr>\n<td style=\"padding: 10px 35px; margin: 0px; vertical-align: top;\">Color<\/td>\n<td style=\"padding: 10px 35px; margin: 0px; vertical-align: top;\">Negro<\/td>\n<\/tr>\n<tr>\n<td style=\"padding: 10px 35px; margin: 0px; vertical-align: top;\">Materiales \/ Construcci\u00f3n<\/td>\n<td style=\"padding: 10px 35px; margin: 0px; vertical-align: top;\">Tejido Oxford &#8211; Impermeable<\/td>\n<\/tr>\n<tr style=\"margin: 0px; padding: 0px; border: 1px solid rgb(224, 231, 238); border-radius: 10px;\">\n<th style=\"padding: 10px 35px; margin: 0px; vertical-align: top;\">Dimensiones<\/th>\n<td style=\"padding: 10px 35px; margin: 0px; vertical-align: top;\">31x15x45cm<\/td>\n<\/tr>\n<tr>\n<td style=\"padding: 10px 35px; margin: 0px; vertical-align: top;\">Im\u00e1genes \/ Nota<\/td>\n<td style=\"padding: 10px 35px; margin: 0px; vertical-align: top;\">Im\u00e1genes ilustrativas el producto es solo como se describe en &#8220;Contenido del paquete&#8221;<\/td>\n<\/tr>\n<\/tbody>\n<\/table>\n<\/div>\n<\/section>\n","protected":false},"excerpt":{"rendered":"<p>PULUZ PU5015B Mochila fotogr\u00e1fica impermeable Funciones Mochila fotogr\u00e1fica impermeable Materiales: Tejido Oxford \/ Transpirable y resistente al agua Funda para<\/p>\n","protected":false},"featured_media":35438,"comment_status":"closed","ping_status":"open","template":"","meta":{"_acf_changed":false},"product_brand":[2582],"product_cat":[907],"product_tag":[],"class_list":{"0":"post-73644","1":"product","2":"type-product","3":"status-publish","4":"has-post-thumbnail","6":"product_brand-puluz-es","7":"product_cat-mochilas-es","9":"first","10":"instock","11":"taxable","12":"shipping-taxable","13":"purchasable","14":"product-type-simple"},"bundled_by":[],"bundle_stock_status":"instock","bundle_stock_quantity":3,"bundle_virtual":false,"bundle_layout":"","bundle_add_to_cart_form_location":"","bundle_editable_in_cart":false,"bundle_sold_individually_context":"","bundle_item_grouping":"","bundle_min_size":"","bundle_max_size":"","bundle_price":[],"bundled_items":[],"bundle_sell_ids":[],"acf":[],"_links":{"self":[{"href":"https:\/\/hi-techwonder.com\/es\/wp-json\/wp\/v2\/product\/73644","targetHints":{"allow":["GET"]}}],"collection":[{"href":"https:\/\/hi-techwonder.com\/es\/wp-json\/wp\/v2\/product"}],"about":[{"href":"https:\/\/hi-techwonder.com\/es\/wp-json\/wp\/v2\/types\/product"}],"replies":[{"embeddable":true,"href":"https:\/\/hi-techwonder.com\/es\/wp-json\/wp\/v2\/comments?post=73644"}],"wp:featuredmedia":[{"embeddable":true,"href":"https:\/\/hi-techwonder.com\/es\/wp-json\/wp\/v2\/media\/35438"}],"wp:attachment":[{"href":"https:\/\/hi-techwonder.com\/es\/wp-json\/wp\/v2\/media?parent=73644"}],"wp:term":[{"taxonomy":"product_brand","embeddable":true,"href":"https:\/\/hi-techwonder.com\/es\/wp-json\/wp\/v2\/product_brand?post=73644"},{"taxonomy":"product_cat","embeddable":true,"href":"https:\/\/hi-techwonder.com\/es\/wp-json\/wp\/v2\/product_cat?post=73644"},{"taxonomy":"product_tag","embeddable":true,"href":"https:\/\/hi-techwonder.com\/es\/wp-json\/wp\/v2\/product_tag?post=73644"}],"curies":[{"name":"wp","href":"https:\/\/api.w.org\/{rel}","templated":true}]}}