{"id":73651,"date":"2025-07-29T00:16:22","date_gmt":"2025-07-29T00:16:22","guid":{"rendered":"https:\/\/fv6qoy3ls0.wpdns.site\/product\/panaro-plastic-max540h245s-maleta-rigida-con-espuma\/"},"modified":"2026-02-15T17:01:37","modified_gmt":"2026-02-15T17:01:37","slug":"plastica-panaro-panaro-plastic-max540h245s-maleta-rigida-con-espuma","status":"publish","type":"product","link":"https:\/\/hi-techwonder.com\/es\/producto\/plastica-panaro-panaro-plastic-max540h245s-maleta-rigida-con-espuma\/","title":{"rendered":"PANARO PLASTIC MAX540H245S Maleta r\u00edgida con espuma"},"content":{"rendered":"<p><span style=\"font-size: small\">Este estuche r\u00edgido de Plastica Panaro te permite transportar tu equipo fotogr\u00e1fico y muchos otros art\u00edculos de una manera pr\u00e1ctica y completamente segura. Es extremadamente resistente a los impactos y a los agentes atmosf\u00e9ricos. <br \/><\/span><\/p>\n<p><span style=\"font-size: small\"> <object><\/object> <br \/><\/span><\/p>\n<p><span style=\"font-size: small\"><strong>Funciones:<\/strong><br \/><\/span><\/p>\n<ul>\n<li><span style=\"font-size: small\">Cierre herm\u00e9tico alrededor de la tapa<\/span><\/li>\n<li><span style=\"font-size: small\">V\u00e1lvula autom\u00e1tica de liberaci\u00f3n de presi\u00f3n<\/span><\/li>\n<li><span style=\"font-size: small\">Cremalleras dobles de f\u00e1cil apertura<\/span><\/li>\n<li><span style=\"font-size: small\">Mango suave y ergon\u00f3mico<\/span><\/li>\n<li><span style=\"font-size: small\">Carril de doble bloqueo<\/span><\/li>\n<li><span style=\"font-size: small\">Espacio para bandolera<\/span><\/li>\n<li><span style=\"font-size: small\">Sistema de bloqueo\/sujeci\u00f3n para apilar m\u00e1s bolsas<\/span><\/li>\n<li><span style=\"font-size: small\">Paredes del tronco de material grueso y resistente  <\/span><\/li>\n<li><span style=\"font-size: small\">Puntos de fijaci\u00f3n adicionales  <\/span><\/li>\n<li><span style=\"font-size: small\">Bisagra a lo largo del perfil de la caja<\/span><\/li>\n<li><span style=\"font-size: small\">Pasadores de nylon, sin problemas de corrosi\u00f3n<\/span><\/li>\n<li><span style=\"font-size: small\">Espumas en cubos en la parte inferior y espuma en la tapa disponibles de serie\/accesorios<\/span><\/li>\n<li><span style=\"font-size: small\">Espacio de impresi\u00f3n en la tapa<\/span><\/li>\n<li><span style=\"font-size: small\">Espacio para etiqueta rectangular de resina en la tapa<\/span><\/li>\n<\/ul>\n<p><span style=\"font-size: small\"><br \/><strong>Especificaciones t\u00e9cnicas:<\/strong><br \/><\/span><\/p>\n<ul>\n<li><span style=\"font-size: small\">Dimensiones externas: 594 x 473 x 270 mm<\/span><\/li>\n<li><span style=\"font-size: small\">Dimensiones interiores: 538 x 405 x 245 mm<\/span><\/li>\n<li><span style=\"font-size: small\">Profundidad: 195 mm<br \/><\/span><\/li>\n<li><span style=\"font-size: small\">Peso: 5,3 kg<br \/><\/span><\/li>\n<li><span style=\"font-size: small\">Interior del cubo de espuma<br \/><\/span><\/li>\n<li><span style=\"font-size: small\">Mango extensible<br \/><\/span><\/li>\n<li><span style=\"font-size: small\">Volumen interno:&nbsp;<\/span><span style=\"font-size: small\">53,38 Lt<br \/><\/span><\/li>\n<li><span style=\"font-size: small\">Resistencia a la temperatura: entre -30\u00baC y 90\u00baC<br \/><\/span><\/li>\n<li><span style=\"font-size: small\">Color: Negro<\/span><\/li>\n<\/ul>\n<div><span style=\"font-size: small\">&nbsp;<\/span><\/div>\n<div><span style=\"font-size: small\">&nbsp;<\/span><\/div>\n","protected":false},"excerpt":{"rendered":"<p>Este estuche r\u00edgido de Plastica Panaro te permite transportar tu equipo fotogr\u00e1fico y muchos otros art\u00edculos de una manera pr\u00e1ctica<\/p>\n","protected":false},"featured_media":36952,"comment_status":"closed","ping_status":"open","template":"","meta":{"_acf_changed":false},"product_brand":[2653],"product_cat":[914],"product_tag":[],"class_list":{"0":"post-73651","1":"product","2":"type-product","3":"status-publish","4":"has-post-thumbnail","6":"product_brand-plastica-panaro-es","7":"product_cat-rigidas-es","9":"first","10":"instock","11":"taxable","12":"shipping-taxable","13":"purchasable","14":"product-type-simple"},"bundled_by":[],"bundle_stock_status":"instock","bundle_stock_quantity":1,"bundle_virtual":false,"bundle_layout":"","bundle_add_to_cart_form_location":"","bundle_editable_in_cart":false,"bundle_sold_individually_context":"","bundle_item_grouping":"","bundle_min_size":"","bundle_max_size":"","bundle_price":[],"bundled_items":[],"bundle_sell_ids":[],"acf":[],"_links":{"self":[{"href":"https:\/\/hi-techwonder.com\/es\/wp-json\/wp\/v2\/product\/73651","targetHints":{"allow":["GET"]}}],"collection":[{"href":"https:\/\/hi-techwonder.com\/es\/wp-json\/wp\/v2\/product"}],"about":[{"href":"https:\/\/hi-techwonder.com\/es\/wp-json\/wp\/v2\/types\/product"}],"replies":[{"embeddable":true,"href":"https:\/\/hi-techwonder.com\/es\/wp-json\/wp\/v2\/comments?post=73651"}],"wp:featuredmedia":[{"embeddable":true,"href":"https:\/\/hi-techwonder.com\/es\/wp-json\/wp\/v2\/media\/36952"}],"wp:attachment":[{"href":"https:\/\/hi-techwonder.com\/es\/wp-json\/wp\/v2\/media?parent=73651"}],"wp:term":[{"taxonomy":"product_brand","embeddable":true,"href":"https:\/\/hi-techwonder.com\/es\/wp-json\/wp\/v2\/product_brand?post=73651"},{"taxonomy":"product_cat","embeddable":true,"href":"https:\/\/hi-techwonder.com\/es\/wp-json\/wp\/v2\/product_cat?post=73651"},{"taxonomy":"product_tag","embeddable":true,"href":"https:\/\/hi-techwonder.com\/es\/wp-json\/wp\/v2\/product_tag?post=73651"}],"curies":[{"name":"wp","href":"https:\/\/api.w.org\/{rel}","templated":true}]}}