{"id":73662,"date":"2025-07-29T00:16:14","date_gmt":"2025-07-29T00:16:14","guid":{"rendered":"https:\/\/fv6qoy3ls0.wpdns.site\/product\/plastic-panaro-max505str-trolley-rigido-con-espuma\/"},"modified":"2026-04-16T16:37:13","modified_gmt":"2026-04-16T15:37:13","slug":"plastica-panaro-plastic-panaro-max505str-trolley-rigido-con-espuma","status":"publish","type":"product","link":"https:\/\/hi-techwonder.com\/es\/producto\/plastica-panaro-plastic-panaro-max505str-trolley-rigido-con-espuma\/","title":{"rendered":"PLASTIC PANARO MAX505STR Trolley R\u00edgido con Espuma"},"content":{"rendered":"<p><span style=\"font-size: small\"><span style=\"color: #000000\">Este estuche r\u00edgido de Plastica Panaro te permite transportar tu equipo fotogr\u00e1fico y muchos otros art\u00edculos de una manera pr\u00e1ctica y completamente segura. Es extremadamente resistente a los impactos y a los agentes atmosf\u00e9ricos. <\/span><\/span><\/p>\n<p><span style=\"font-size: small\"> <\/span><\/p>\n<p><span style=\"font-size: small\"><span style=\"color: #000000\"><strong><span style=\"text-decoration: underline\">Funciones:<\/strong><\/span><\/span><\/span><\/p>\n<p><span style=\"font-size: small\"> <\/span><\/p>\n<ul>\n<li><span style=\"font-size: small\"><span style=\"color: #000000\">Sellado herm\u00e9tico alrededor de la tapa;<\/span><\/span><\/li>\n<li><span style=\"font-size: small\"><span style=\"color: #000000\">V\u00e1lvula de liberaci\u00f3n de presi\u00f3n autom\u00e1tica;<\/span><\/span><\/li>\n<li><span style=\"font-size: small\"><span style=\"color: #000000\">Cremalleras dobles de f\u00e1cil apertura;<\/span><\/span><\/li>\n<li><span style=\"font-size: small\"><span style=\"color: #000000\">Mango suave y ergon\u00f3mico;<\/span><\/span><\/li>\n<li><span style=\"font-size: small\"><span style=\"color: #000000\">Doble riel de bloqueo;<\/span><\/span><\/li>\n<li><span style=\"font-size: small\"><span style=\"color: #000000\">Espacio para correa para el hombro;<\/span><\/span><\/li>\n<li><span style=\"font-size: small\"><span style=\"color: #000000\">Sistema de bloqueo\/sujeci\u00f3n para apilar m\u00e1s bolsas;<\/span><\/span><\/li>\n<li><span style=\"font-size: small\"><span style=\"color: #000000\">La caja tiene paredes extremadamente resistentes y gruesas;<\/span><\/span><\/li>\n<li><span style=\"font-size: small\"><span style=\"color: #000000\">Puntos de fijaci\u00f3n adicionales;<\/span><\/span><\/li>\n<li><span style=\"font-size: small\"><span style=\"color: #000000\">Bisagra a lo largo del perfil de la maleta;<\/span><\/span><\/li>\n<li><span style=\"font-size: small\"><span style=\"color: #000000\">Pasadores de nylon, sin problemas de corrosi\u00f3n<\/span><\/span><\/li>\n<li><span style=\"font-size: small\"><span style=\"color: #000000\">Cubo de espuma en la parte inferior y espuma en la tapa;<br \/><\/span><\/span><\/li>\n<\/ul>\n<p><span style=\"font-size: small\"> <\/span><\/p>\n<p><span style=\"font-size: small\"><span style=\"color: #000000\">&nbsp;<\/span><\/span><\/p>\n<p><span style=\"font-size: small\"> <\/span><\/p>\n<p><span style=\"font-size: small\"><span style=\"color: #000000\"><strong><span style=\"text-decoration: underline\">Especificaciones t\u00e9cnicas:<\/strong><\/span><\/span><\/span><\/p>\n<p><span style=\"font-size: small\"> <\/span><\/p>\n<ul>\n<li><span style=\"font-size: small\"><span style=\"color: #000000\">Dimensiones externas: 555 x 445 x 258 mm  <br \/><\/span><\/span><\/li>\n<li><span style=\"font-size: small\"><span style=\"color: #000000\">Dimensiones internas: 500 x 350 x 194 mm<\/span><\/span><\/li>\n<li><span style=\"font-size: small\"><span style=\"color: #000000\">Peso sin espuma: 5,04 Kg<\/span><\/span><\/li>\n<li><span style=\"font-size: small\"><span style=\"color: #000000\">Peso con espuma: 5.54Kg<br \/><\/span><\/span><\/li>\n<li><span style=\"font-size: small\"><span style=\"color: #000000\">Volumen interno: 33.95L<\/span><\/span><\/li>\n<li><span style=\"font-size: small\"><span style=\"color: #000000\">Resistencia a la temperatura: entre -30\u00baC y 90\u00baC<br \/><\/span><\/span><\/li>\n<li><span style=\"font-size: small\"><span style=\"color: #000000\">Ruedas de goma<\/span><\/span><\/li>\n<li><span style=\"font-size: small\"><span style=\"color: #000000\">Mango extensible;<\/span><\/span><\/li>\n<li><span style=\"font-size: small\"><span style=\"color: #000000\">Color: Negro<\/span><\/span><\/li>\n<\/ul>\n<p><span style=\"font-size: small\"> <\/span><\/p>\n","protected":false},"excerpt":{"rendered":"<p>Este estuche r\u00edgido de Plastica Panaro te permite transportar tu equipo fotogr\u00e1fico y muchos otros art\u00edculos de una manera pr\u00e1ctica<\/p>\n","protected":false},"featured_media":36915,"comment_status":"closed","ping_status":"open","template":"","meta":{"_acf_changed":false},"product_brand":[2653],"product_cat":[914],"product_tag":[],"class_list":{"0":"post-73662","1":"product","2":"type-product","3":"status-publish","4":"has-post-thumbnail","6":"product_brand-plastica-panaro-es","7":"product_cat-rigidas-es","9":"first","10":"instock","11":"taxable","12":"shipping-taxable","13":"purchasable","14":"product-type-simple"},"bundled_by":[],"bundle_stock_status":"instock","bundle_stock_quantity":3,"bundle_virtual":false,"bundle_layout":"","bundle_add_to_cart_form_location":"","bundle_editable_in_cart":false,"bundle_sold_individually_context":"","bundle_item_grouping":"","bundle_min_size":"","bundle_max_size":"","bundle_price":[],"bundled_items":[],"bundle_sell_ids":[],"acf":[],"_links":{"self":[{"href":"https:\/\/hi-techwonder.com\/es\/wp-json\/wp\/v2\/product\/73662","targetHints":{"allow":["GET"]}}],"collection":[{"href":"https:\/\/hi-techwonder.com\/es\/wp-json\/wp\/v2\/product"}],"about":[{"href":"https:\/\/hi-techwonder.com\/es\/wp-json\/wp\/v2\/types\/product"}],"replies":[{"embeddable":true,"href":"https:\/\/hi-techwonder.com\/es\/wp-json\/wp\/v2\/comments?post=73662"}],"wp:featuredmedia":[{"embeddable":true,"href":"https:\/\/hi-techwonder.com\/es\/wp-json\/wp\/v2\/media\/36915"}],"wp:attachment":[{"href":"https:\/\/hi-techwonder.com\/es\/wp-json\/wp\/v2\/media?parent=73662"}],"wp:term":[{"taxonomy":"product_brand","embeddable":true,"href":"https:\/\/hi-techwonder.com\/es\/wp-json\/wp\/v2\/product_brand?post=73662"},{"taxonomy":"product_cat","embeddable":true,"href":"https:\/\/hi-techwonder.com\/es\/wp-json\/wp\/v2\/product_cat?post=73662"},{"taxonomy":"product_tag","embeddable":true,"href":"https:\/\/hi-techwonder.com\/es\/wp-json\/wp\/v2\/product_tag?post=73662"}],"curies":[{"name":"wp","href":"https:\/\/api.w.org\/{rel}","templated":true}]}}