{"id":73663,"date":"2025-07-29T00:16:22","date_gmt":"2025-07-29T00:16:22","guid":{"rendered":"https:\/\/fv6qoy3ls0.wpdns.site\/product\/plastica-panaro-max505camtr-trolley-con-divisores\/"},"modified":"2026-04-07T17:47:06","modified_gmt":"2026-04-07T16:47:06","slug":"plastica-panaro-max505camtr-trolley-con-divisores","status":"publish","type":"product","link":"https:\/\/hi-techwonder.com\/es\/producto\/plastica-panaro-max505camtr-trolley-con-divisores\/","title":{"rendered":"PLASTICA PANARO MAX505CAMTR Trolley con divisores"},"content":{"rendered":"<p>Este estuche r\u00edgido de Plastica Panaro te permite transportar tu equipo fotogr\u00e1fico y muchos otros art\u00edculos de una manera pr\u00e1ctica y completamente segura. Es extremadamente resistente a los impactos y a los agentes atmosf\u00e9ricos. <\/p>\n<p> <object data=\"https:\/\/www.youtube.com\/v\/zdebz9RZSmk\" type=\"application\/x-shockwave-flash\" width=\"425\" height=\"350\"><param name=\"src\" value=\"https:\/\/www.youtube.com\/v\/zdebz9RZSmk\"><\/object> <\/p>\n<p><strong>Funciones:<\/strong><\/p>\n<ul>\n<li>Cierre herm\u00e9tico alrededor de la tapa<\/li>\n<li>V\u00e1lvula autom\u00e1tica de liberaci\u00f3n de presi\u00f3n<\/li>\n<li>Cremalleras dobles de f\u00e1cil apertura<\/li>\n<li>Mango suave y ergon\u00f3mico<\/li>\n<li>Carril de doble bloqueo<\/li>\n<li>Espacio para bandolera<\/li>\n<li>Sistema de bloqueo\/sujeci\u00f3n para apilar m\u00e1s bolsas<\/li>\n<li>Paredes del tronco de material grueso y resistente  <\/li>\n<li>Puntos de fijaci\u00f3n adicionales  <\/li>\n<li>Bisagra a lo largo del perfil de la caja<\/li>\n<li>Pasadores de nylon, sin problemas de corrosi\u00f3n<\/li>\n<li>Espumas en cubos en la parte inferior y espuma en la tapa disponibles de serie\/accesorios<\/li>\n<li>Espacio de impresi\u00f3n en la tapa<\/li>\n<li>Espacio para etiqueta rectangular de resina en la tapa<\/li>\n<\/ul>\n<p><strong>Especificaciones t\u00e9cnicas:<\/strong><\/p>\n<ul>\n<li>Dimensiones externas: 555 x 445 x 258 mm  <\/li>\n<li>Dimensiones interiores: 500 x 350 x 194 mm  <\/li>\n<li>Profundidad: 136 mm<\/li>\n<li>Peso: 5 kg<\/li>\n<li>Interior con separadores para todo su material<\/li>\n<li>Ruedas de goma<\/li>\n<li>Mango extensible<\/li>\n<\/ul>\n","protected":false},"excerpt":{"rendered":"<p>Este estuche r\u00edgido de Plastica Panaro te permite transportar tu equipo fotogr\u00e1fico y muchos otros art\u00edculos de una manera pr\u00e1ctica<\/p>\n","protected":false},"featured_media":36943,"comment_status":"closed","ping_status":"open","template":"","meta":{"_acf_changed":false},"product_brand":[2653],"product_cat":[914],"product_tag":[],"class_list":{"0":"post-73663","1":"product","2":"type-product","3":"status-publish","4":"has-post-thumbnail","6":"product_brand-plastica-panaro-es","7":"product_cat-rigidas-es","9":"first","10":"pre-order","11":"taxable","12":"shipping-taxable","13":"purchasable","14":"product-type-simple"},"bundled_by":[],"bundle_stock_status":"pre-order","bundle_stock_quantity":null,"bundle_virtual":false,"bundle_layout":"","bundle_add_to_cart_form_location":"","bundle_editable_in_cart":false,"bundle_sold_individually_context":"","bundle_item_grouping":"","bundle_min_size":"","bundle_max_size":"","bundle_price":[],"bundled_items":[],"bundle_sell_ids":[],"acf":[],"_links":{"self":[{"href":"https:\/\/hi-techwonder.com\/es\/wp-json\/wp\/v2\/product\/73663","targetHints":{"allow":["GET"]}}],"collection":[{"href":"https:\/\/hi-techwonder.com\/es\/wp-json\/wp\/v2\/product"}],"about":[{"href":"https:\/\/hi-techwonder.com\/es\/wp-json\/wp\/v2\/types\/product"}],"replies":[{"embeddable":true,"href":"https:\/\/hi-techwonder.com\/es\/wp-json\/wp\/v2\/comments?post=73663"}],"wp:featuredmedia":[{"embeddable":true,"href":"https:\/\/hi-techwonder.com\/es\/wp-json\/wp\/v2\/media\/36943"}],"wp:attachment":[{"href":"https:\/\/hi-techwonder.com\/es\/wp-json\/wp\/v2\/media?parent=73663"}],"wp:term":[{"taxonomy":"product_brand","embeddable":true,"href":"https:\/\/hi-techwonder.com\/es\/wp-json\/wp\/v2\/product_brand?post=73663"},{"taxonomy":"product_cat","embeddable":true,"href":"https:\/\/hi-techwonder.com\/es\/wp-json\/wp\/v2\/product_cat?post=73663"},{"taxonomy":"product_tag","embeddable":true,"href":"https:\/\/hi-techwonder.com\/es\/wp-json\/wp\/v2\/product_tag?post=73663"}],"curies":[{"name":"wp","href":"https:\/\/api.w.org\/{rel}","templated":true}]}}