{"id":73667,"date":"2025-07-29T09:00:47","date_gmt":"2025-07-29T09:00:47","guid":{"rendered":"https:\/\/fv6qoy3ls0.wpdns.site\/product\/jaula-protectora-pgytech-dji-mavic-mini-mini-2\/"},"modified":"2026-02-16T15:02:08","modified_gmt":"2026-02-16T15:02:08","slug":"pgytech-jaula-protectora-pgytech-dji-mavic-mini-mini-2","status":"publish","type":"product","link":"https:\/\/hi-techwonder.com\/es\/producto\/pgytech-jaula-protectora-pgytech-dji-mavic-mini-mini-2\/","title":{"rendered":"Jaula protectora PGYTECH DJI Mavic Mini\/Mini 2"},"content":{"rendered":"<p><strong>Caja protectora PGYTECH para h\u00e9lices Mavic Mini<\/strong><\/p>\n<p>La jaula protectora PGYTECH para DJI Mavic Mini es una cubierta de protecci\u00f3n de h\u00e9lice cerrada, puede protegerlo de manera efectiva durante el vuelo a baja velocidad y evitar que la h\u00e9lice giratoria de alta velocidad entre en contacto con personas u objetos.<\/p>\n<p>Seguridad<\/p>\n<p>La jaula protectora PGYTECH para DJI Mavic Mini proporciona protecci\u00f3n adicional durante el vuelo. Gracias a la jaula de la h\u00e9lice, puedes estar seguro de que las h\u00e9lices del DJI Mavic Mini no causar\u00e1n da\u00f1os al medio ambiente. El dron tambi\u00e9n contin\u00faa volando despu\u00e9s de haber colisionado.  <\/p>\n<p>Dentro<\/p>\n<p>La jaula protectora PGYTECH hace que sea mucho m\u00e1s seguro volar en interiores con el DJI Mavic Mini. Adem\u00e1s, la c\u00e1mara sigue siendo libre para tomar hermosas fotos. <\/p>\n<p>Jaula de h\u00e9lice<\/p>\n<p>La jaula de h\u00e9lice pesa 60,6 gramos y es f\u00e1cil de instalar. El peso adicional afecta el tiempo m\u00e1ximo de vuelo del DJI Mavic Mini. <\/p>\n<p>La jaula de h\u00e9lice PGYTECH es adecuada para el dron DJI Mavic Mini\/Mini 2.<\/p>\n<p><strong>TAMA\u00d1O<\/strong><\/p>\n<p>LONGITUD (MM) 323<\/p>\n<p>ANCHO (MM) 271<\/p>\n<p>ALTURA (MM) 58<\/p>\n<p><strong>MATERIAL<\/strong><\/p>\n<p>MATERIAL: Pl\u00e1stico<\/p>\n<p>Color: Negro<\/p>\n","protected":false},"excerpt":{"rendered":"<p>Caja protectora PGYTECH para h\u00e9lices Mavic Mini La jaula protectora PGYTECH para DJI Mavic Mini es una cubierta de protecci\u00f3n<\/p>\n","protected":false},"featured_media":43969,"comment_status":"closed","ping_status":"open","template":"","meta":{"_acf_changed":false},"product_brand":[2620],"product_cat":[936],"product_tag":[],"class_list":{"0":"post-73667","1":"product","2":"type-product","3":"status-publish","4":"has-post-thumbnail","6":"product_brand-pgytech-es","7":"product_cat-accesorios-drones","9":"first","10":"instock","11":"taxable","12":"shipping-taxable","13":"purchasable","14":"product-type-simple"},"bundled_by":[],"bundle_stock_status":"instock","bundle_stock_quantity":3,"bundle_virtual":false,"bundle_layout":"","bundle_add_to_cart_form_location":"","bundle_editable_in_cart":false,"bundle_sold_individually_context":"","bundle_item_grouping":"","bundle_min_size":"","bundle_max_size":"","bundle_price":[],"bundled_items":[],"bundle_sell_ids":[],"acf":[],"_links":{"self":[{"href":"https:\/\/hi-techwonder.com\/es\/wp-json\/wp\/v2\/product\/73667","targetHints":{"allow":["GET"]}}],"collection":[{"href":"https:\/\/hi-techwonder.com\/es\/wp-json\/wp\/v2\/product"}],"about":[{"href":"https:\/\/hi-techwonder.com\/es\/wp-json\/wp\/v2\/types\/product"}],"replies":[{"embeddable":true,"href":"https:\/\/hi-techwonder.com\/es\/wp-json\/wp\/v2\/comments?post=73667"}],"wp:featuredmedia":[{"embeddable":true,"href":"https:\/\/hi-techwonder.com\/es\/wp-json\/wp\/v2\/media\/43969"}],"wp:attachment":[{"href":"https:\/\/hi-techwonder.com\/es\/wp-json\/wp\/v2\/media?parent=73667"}],"wp:term":[{"taxonomy":"product_brand","embeddable":true,"href":"https:\/\/hi-techwonder.com\/es\/wp-json\/wp\/v2\/product_brand?post=73667"},{"taxonomy":"product_cat","embeddable":true,"href":"https:\/\/hi-techwonder.com\/es\/wp-json\/wp\/v2\/product_cat?post=73667"},{"taxonomy":"product_tag","embeddable":true,"href":"https:\/\/hi-techwonder.com\/es\/wp-json\/wp\/v2\/product_tag?post=73667"}],"curies":[{"name":"wp","href":"https:\/\/api.w.org\/{rel}","templated":true}]}}