{"id":73678,"date":"2025-07-28T23:48:15","date_gmt":"2025-07-28T23:48:15","guid":{"rendered":"https:\/\/fv6qoy3ls0.wpdns.site\/product\/pen-drive-usb-3-0-sandisk-ultra-de-16-gb\/"},"modified":"2026-01-31T03:28:06","modified_gmt":"2026-01-31T03:28:06","slug":"sandisk-pen-drive-usb-3-0-sandisk-ultra-de-16-gb","status":"publish","type":"product","link":"https:\/\/hi-techwonder.com\/es\/producto\/sandisk-pen-drive-usb-3-0-sandisk-ultra-de-16-gb\/","title":{"rendered":"Pen Drive USB 3.0 SANDISK Ultra de 16 GB"},"content":{"rendered":"<p><strong>Pen Drive USB 3.0 SANDISK Ultra de 16 GB<\/strong><\/p>\n<p><strong>Contenido del paquete:<\/strong><\/p>\n<ul>\n<li>1 x Pen Drive USB 3.0 SANDISK Ultra de 16 GB<\/li>\n<\/ul>\n<p><strong>Pen Drive USB 3.0 SANDISK Ultra de 16 GB<\/strong><\/p>\n<p>La unidad flash SanDisk Ultra USB 3.0 combina altas velocidades de datos con una capacidad generosa en un dise\u00f1o elegante y compacto. Pase menos tiempo esperando y transfiera archivos a la unidad hasta diez veces m\u00e1s r\u00e1pido que una unidad USB 2.0 est\u00e1ndar. &nbsp;<\/p>\n<p><strong>Mueva archivos r\u00e1pidamente con velocidades de transferencia m\u00e1s altas<\/strong><\/p>\n<p>Con velocidades de transferencia de hasta 100 MB\/s, la unidad flash SanDisk Ultra USB 3.0 reduce el tiempo que pasa esperando que los archivos se transfieran desde la unidad flash a su computadora. Habilitada para puertos USB 3.0, esta unidad r\u00e1pida le permite transferir y almacenar archivos grandes hasta diez veces m\u00e1s r\u00e1pido que las unidades USB 2.0. <\/p>\n<p><strong>Dise\u00f1o port\u00e1til y sofisticado<\/strong><\/p>\n<p>Con su elegante dise\u00f1o negro, la unidad flash SanDisk Ultra USB 3.0 es pr\u00e1ctica y elegante. Puede llevar esta unidad compacta y port\u00e1til en su bolsillo o bolso. <\/p>\n<p><strong>El software SanDisk SecureAccess protege los archivos privados<\/strong><\/p>\n<p>La unidad flash SanDisk Ultra USB 3.0 incluye el software SanDisk SecureAccess que le permite configurar una carpeta privada con una contrase\u00f1a en la unidad. Sus archivos estar\u00e1n seguros con el cifrado AES de 128 bits para ayudar a mantenerlos confidenciales incluso cuando comparta su unidad con otros. <\/p>\n<p><strong>Caracter\u00edsticas t\u00e9cnicas:<\/strong><\/p>\n<ul>\n<li>Capacidad: 16GB<\/li>\n<li>Interfaz: USB Tipo-A 3.0 (compatible con versiones anteriores de USB 2.0)<\/li>\n<li>Rendimiento: Altas velocidades de transferencia de hasta 100 MB\/s velocidades de escritura m\u00e1s lentas<\/li>\n<li>Dimensiones del producto: 56,8 mm x 21,3 mm x 10,8 mm<\/li>\n<\/ul>\n","protected":false},"excerpt":{"rendered":"<p>Pen Drive USB 3.0 SANDISK Ultra de 16 GB Contenido del paquete: 1 x Pen Drive USB 3.0 SANDISK Ultra<\/p>\n","protected":false},"featured_media":27996,"comment_status":"closed","ping_status":"closed","template":"","meta":{"_acf_changed":false},"product_brand":[2612],"product_cat":[1032],"product_tag":[],"class_list":{"0":"post-73678","1":"product","2":"type-product","3":"status-publish","4":"has-post-thumbnail","6":"product_brand-sandisk-es","7":"product_cat-pendrives","9":"first","10":"instock","11":"taxable","12":"shipping-taxable","13":"purchasable","14":"product-type-simple"},"bundled_by":[],"bundle_stock_status":"instock","bundle_stock_quantity":1,"bundle_virtual":false,"bundle_layout":"","bundle_add_to_cart_form_location":"","bundle_editable_in_cart":false,"bundle_sold_individually_context":"","bundle_item_grouping":"","bundle_min_size":"","bundle_max_size":"","bundle_price":[],"bundled_items":[],"bundle_sell_ids":[],"acf":[],"_links":{"self":[{"href":"https:\/\/hi-techwonder.com\/es\/wp-json\/wp\/v2\/product\/73678","targetHints":{"allow":["GET"]}}],"collection":[{"href":"https:\/\/hi-techwonder.com\/es\/wp-json\/wp\/v2\/product"}],"about":[{"href":"https:\/\/hi-techwonder.com\/es\/wp-json\/wp\/v2\/types\/product"}],"replies":[{"embeddable":true,"href":"https:\/\/hi-techwonder.com\/es\/wp-json\/wp\/v2\/comments?post=73678"}],"wp:featuredmedia":[{"embeddable":true,"href":"https:\/\/hi-techwonder.com\/es\/wp-json\/wp\/v2\/media\/27996"}],"wp:attachment":[{"href":"https:\/\/hi-techwonder.com\/es\/wp-json\/wp\/v2\/media?parent=73678"}],"wp:term":[{"taxonomy":"product_brand","embeddable":true,"href":"https:\/\/hi-techwonder.com\/es\/wp-json\/wp\/v2\/product_brand?post=73678"},{"taxonomy":"product_cat","embeddable":true,"href":"https:\/\/hi-techwonder.com\/es\/wp-json\/wp\/v2\/product_cat?post=73678"},{"taxonomy":"product_tag","embeddable":true,"href":"https:\/\/hi-techwonder.com\/es\/wp-json\/wp\/v2\/product_tag?post=73678"}],"curies":[{"name":"wp","href":"https:\/\/api.w.org\/{rel}","templated":true}]}}