{"id":73679,"date":"2025-07-28T23:46:10","date_gmt":"2025-07-28T23:46:10","guid":{"rendered":"https:\/\/fv6qoy3ls0.wpdns.site\/product\/sandisk-extreme-pro-sdxc-128gb-200mb-s-v30-uhs-1-u3\/"},"modified":"2026-04-22T14:38:54","modified_gmt":"2026-04-22T13:38:54","slug":"sandisk-extreme-pro-sdxc-128gb-200mb-s-v30-uhs-1-u3","status":"publish","type":"product","link":"https:\/\/hi-techwonder.com\/es\/producto\/sandisk-extreme-pro-sdxc-128gb-200mb-s-v30-uhs-1-u3\/","title":{"rendered":"SANDISK Extreme PRO SDXC 128GB 200MB\/s V30 UHS-1 U3"},"content":{"rendered":"<p><strong>SANDISK Extreme PRO SDXC 128GB 200MB\/s V30 UHS-1 U3<\/strong><\/p>\n<p>Dise\u00f1ada para dispositivos SD que pueden capturar video Full HD, 3D y 4K, as\u00ed como fotograf\u00eda en bruto y en r\u00e1faga, la tarjeta de memoria SDXC EXTREME PRO UHS-I de 128 GB de SanDisk tiene una capacidad de 128 GB y es compatible con el bus UHS-I, y cuenta con una clasificaci\u00f3n de clase de velocidad de V30, que garantiza velocidades de escritura m\u00ednimas de 30 MB \/ s. Si su dispositivo no es compatible con el est\u00e1ndar V30, esta tarjeta tambi\u00e9n es compatible con el est\u00e1ndar U3, que tambi\u00e9n garantiza velocidades de escritura m\u00ednimas de 30 MB\/s. Se admiten velocidades de lectura de hasta 200 MB\/s y velocidades m\u00e1ximas de escritura de 90 MB\/s. Un interruptor de protecci\u00f3n contra escritura incorporado ayuda a proteger contra la eliminaci\u00f3n accidental de datos de la tarjeta.   <\/p>\n<p>Aunque esta tarjeta est\u00e1 dise\u00f1ada para c\u00e1maras compatibles con UHS-I\/V30\/U3, se puede utilizar en dispositivos que no son compatibles con UHS-I\/V30\/U3. Sin embargo, tenga en cuenta que esta tarjeta utilizar\u00e1 de forma predeterminada la clase de velocidad y la clasificaci\u00f3n de bus de su dispositivo, como UHS-I y U1, que admite velocidades de escritura m\u00ednimas de 10 MB\/s, o Clase 10, que tambi\u00e9n admite velocidades de escritura m\u00ednimas de 10 MB\/s. <\/p>\n<p>Al igual que con la mayor\u00eda de las tarjetas SanDisk, esta tarjeta de memoria es a prueba de golpes, a prueba de rayos X, resistente al agua, adem\u00e1s de ser capaz de soportar temperaturas de -13 a 185 \u00b0 F, lo que le permite llevar esta tarjeta con usted en entornos extremos como nieve, desiertos y piscinas. En caso de que los datos de su tarjeta se vean comprometidos, tambi\u00e9n se beneficia de la opci\u00f3n de descargar el software RescuePRO Deluxe, as\u00ed como de una garant\u00eda limitada de por vida. <\/p>\n<p><strong>Res\u00famenes<\/strong><\/p>\n<p>Ahorre tiempo con velocidades de descarga de tarjetas de hasta 200 MB\/s con la tecnolog\u00eda SanDisk QuickFlow<\/p>\n<p>Comb\u00ednalo con SanDisk Professional PRO-READER SD y lector de tarjetas microSD para obtener velocidades m\u00e1ximas<\/p>\n<p>Velocidades de escritura de hasta 90 MB\/s y velocidades de lectura de hasta 200 MB\/s<\/p>\n<p>Bueno para grabar videos y fotograf\u00edas 4K UHD en modo de disparo secuencial<\/p>\n<p>Captura video ininterrumpido con la velocidad UHS ?? Clase 3 (U3) y velocidad de video ?? Clase 30 (V30)<\/p>\n<p>Construida y probada en condiciones dif\u00edciles, esta tarjeta es resistente al agua, golpes, rayos X y temperaturas que var\u00edan de -13 a 185\u00b0F.<\/p>\n<p><strong>Contenido de la caja:<\/strong><\/p>\n<p>1x Tarjeta de memoria SANDISK Extreme PRO UHS-I SDXC de 128 GB<\/p>\n","protected":false},"excerpt":{"rendered":"<p>SANDISK Extreme PRO SDXC 128GB 200MB\/s V30 UHS-1 U3 Dise\u00f1ada para dispositivos SD que pueden capturar video Full HD, 3D<\/p>\n","protected":false},"featured_media":27447,"comment_status":"closed","ping_status":"closed","template":"","meta":{"_acf_changed":false},"product_brand":[2612],"product_cat":[1033],"product_tag":[],"class_list":{"0":"post-73679","1":"product","2":"type-product","3":"status-publish","4":"has-post-thumbnail","6":"product_brand-sandisk-es","7":"product_cat-tarjetas-sd","9":"first","10":"instock","11":"taxable","12":"shipping-taxable","13":"purchasable","14":"product-type-simple"},"bundled_by":[],"bundle_stock_status":"instock","bundle_stock_quantity":14,"bundle_virtual":false,"bundle_layout":"","bundle_add_to_cart_form_location":"","bundle_editable_in_cart":false,"bundle_sold_individually_context":"","bundle_item_grouping":"","bundle_min_size":"","bundle_max_size":"","bundle_price":[],"bundled_items":[],"bundle_sell_ids":[],"acf":[],"_links":{"self":[{"href":"https:\/\/hi-techwonder.com\/es\/wp-json\/wp\/v2\/product\/73679","targetHints":{"allow":["GET"]}}],"collection":[{"href":"https:\/\/hi-techwonder.com\/es\/wp-json\/wp\/v2\/product"}],"about":[{"href":"https:\/\/hi-techwonder.com\/es\/wp-json\/wp\/v2\/types\/product"}],"replies":[{"embeddable":true,"href":"https:\/\/hi-techwonder.com\/es\/wp-json\/wp\/v2\/comments?post=73679"}],"wp:featuredmedia":[{"embeddable":true,"href":"https:\/\/hi-techwonder.com\/es\/wp-json\/wp\/v2\/media\/27447"}],"wp:attachment":[{"href":"https:\/\/hi-techwonder.com\/es\/wp-json\/wp\/v2\/media?parent=73679"}],"wp:term":[{"taxonomy":"product_brand","embeddable":true,"href":"https:\/\/hi-techwonder.com\/es\/wp-json\/wp\/v2\/product_brand?post=73679"},{"taxonomy":"product_cat","embeddable":true,"href":"https:\/\/hi-techwonder.com\/es\/wp-json\/wp\/v2\/product_cat?post=73679"},{"taxonomy":"product_tag","embeddable":true,"href":"https:\/\/hi-techwonder.com\/es\/wp-json\/wp\/v2\/product_tag?post=73679"}],"curies":[{"name":"wp","href":"https:\/\/api.w.org\/{rel}","templated":true}]}}