{"id":73683,"date":"2025-07-28T23:46:22","date_gmt":"2025-07-28T23:46:22","guid":{"rendered":"https:\/\/fv6qoy3ls0.wpdns.site\/product\/sandisk-extreme-pro-micro-sdxc-64gb-200mb-s-a2-v30-uhs-i\/"},"modified":"2026-03-04T14:58:22","modified_gmt":"2026-03-04T14:58:22","slug":"sandisk-extreme-pro-micro-sdxc-64gb-200mb-s-a2-v30-uhs-i","status":"publish","type":"product","link":"https:\/\/hi-techwonder.com\/es\/producto\/sandisk-extreme-pro-micro-sdxc-64gb-200mb-s-a2-v30-uhs-i\/","title":{"rendered":"SANDISK Extreme Pro Micro SDXC 64GB 200MB\/s A2 V30 UHS-I"},"content":{"rendered":"<p><strong>SANDISK Extreme Pro Micro SDXC 64GB 200MB\/s A2 V30 UHS-I U3<\/strong><\/p>\n<p><strong>Caracter\u00edsticas t\u00e9cnicas:<\/strong><\/p>\n<ul>\n<li><strong>Tipo de tarjeta:<\/strong> microSDXC<\/li>\n<li><strong>Capacidad de almacenamiento:<\/strong> 64GB<\/li>\n<li><strong>Velocidad m\u00e1xima de lectura:<\/strong> hasta 200 MB\/s<\/li>\n<li><strong>Velocidad m\u00e1xima de escritura:<\/strong> hasta 90 MB\/s<\/li>\n<li><strong>Clase de velocidad:<\/strong> 10<\/li>\n<li><strong>Clase de velocidad UHS:<\/strong> UHS-I U3<\/li>\n<li><strong>Clase de velocidad de video:<\/strong> V30<\/li>\n<li><strong>Clase de rendimiento de la aplicaci\u00f3n:<\/strong> A2<\/li>\n<li><strong>Temperatura de funcionamiento:<\/strong> -25 \u00b0C a 85 \u00b0C<\/li>\n<li><strong>Temperatura de almacenamiento: <\/strong>-40 \u00b0C a 85 \u00b0C<\/li>\n<\/ul>\n<p><strong>Lo suficientemente r\u00e1pido como para seguir el ritmo de la acci\u00f3n<\/strong><\/p>\n<p>Obt\u00e9n velocidades extremas de una memoria microSDXC\u2122 para una transferencia r\u00e1pida, rendimiento de aplicaciones y 4K UHD.2 Ideal para tu smartphone Android\u2122, c\u00e1maras de acci\u00f3n o drones, esta tarjeta microSD Extreme Pro SDXC de alto rendimiento graba v\u00eddeo 4K UHD, v\u00eddeo Full HD y fotos de alta resoluci\u00f3n. La tarjeta de memoria microSDXC\u2122 SanDisk Extreme PRO s\u00faper r\u00e1pida alcanza velocidades de lectura de hasta 200 MB\/s8 y escribe hasta 90 MB\/s.8  &nbsp;  Adem\u00e1s, tiene una clasificaci\u00f3n A2 para que puedas obtener un rendimiento r\u00e1pido de las aplicaciones para una experiencia de smartphone excepcional.5<\/p>\n<p><strong>Aumente la eficiencia de su flujo de trabajo<\/strong><\/p>\n<p>Impulsada por la tecnolog\u00eda SanDisk QuickFlow 9, esta tarjeta optimiza el rendimiento para descargas de medios que ahorran tiempo con velocidades de lectura de hasta 200 MB\/s.&nbsp;<\/p>\n<p><strong>Velocidades de escritura de hasta 90 MB\/s<\/strong><\/p>\n<p>Captura fotos de acci\u00f3n r\u00e1pida o graba videos 4K UHD2 con velocidades de escritura de hasta 90 MB\/s.8 La tarjeta microSDXC SanDisk Extreme PRO UHS-I te permite capturar m\u00e1s y r\u00e1pidamente. <\/p>\n<p><strong>Excelente para la captura de video 4K UHD<\/strong><\/p>\n<p>Ideal para fotografiar aventuras al aire libre, viajes de fin de semana o eventos deportivos sin perder encuadres. Con hasta 1 TB1, la tarjeta microSD SanDisk Extreme PRO UHS-I te permite capturar video 4K UHD2 y Full HD ininterrumpido con sus clasificaciones de Clase de Velocidad UHS 3 (U3) y Clase de Velocidad de Video 30 (V30).4 <\/p>\n<p><strong>Carga aplicaciones m\u00e1s r\u00e1pido con A2<\/strong><\/p>\n<p>Obtenga un rendimiento m\u00e1s r\u00e1pido de las aplicaciones para una experiencia de tel\u00e9fono inteligente excepcional gracias a la especificaci\u00f3n de la tarjeta microSD SanDisk Extreme PRO A25.<\/p>\n<p><strong>Dise\u00f1o duradero para su uso en entornos extremos<\/strong><\/p>\n<p>Las tarjetas microSDHC\u2122 y microSDXC\u2122 SanDisk Extreme PRO UHS-I son resistentes a los golpes, a las temperaturas extremas, al agua y a los rayos X3, para que puedas disfrutar de tus aventuras sin preocuparte por la durabilidad de tu tarjeta de memoria.<\/p>\n","protected":false},"excerpt":{"rendered":"<p>SANDISK Extreme Pro Micro SDXC 64GB 200MB\/s A2 V30 UHS-I U3 Caracter\u00edsticas t\u00e9cnicas: Tipo de tarjeta: microSDXC Capacidad de almacenamiento:<\/p>\n","protected":false},"featured_media":27497,"comment_status":"closed","ping_status":"closed","template":"","meta":{"_acf_changed":false},"product_brand":[2612],"product_cat":[1031],"product_tag":[],"class_list":{"0":"post-73683","1":"product","2":"type-product","3":"status-publish","4":"has-post-thumbnail","6":"product_brand-sandisk-es","7":"product_cat-tarjetas-micro-sd","9":"first","10":"onbackorder","11":"taxable","12":"shipping-taxable","13":"purchasable","14":"product-type-simple"},"bundled_by":[],"bundle_stock_status":"onbackorder","bundle_stock_quantity":null,"bundle_virtual":false,"bundle_layout":"","bundle_add_to_cart_form_location":"","bundle_editable_in_cart":false,"bundle_sold_individually_context":"","bundle_item_grouping":"","bundle_min_size":"","bundle_max_size":"","bundle_price":[],"bundled_items":[],"bundle_sell_ids":[],"acf":[],"_links":{"self":[{"href":"https:\/\/hi-techwonder.com\/es\/wp-json\/wp\/v2\/product\/73683","targetHints":{"allow":["GET"]}}],"collection":[{"href":"https:\/\/hi-techwonder.com\/es\/wp-json\/wp\/v2\/product"}],"about":[{"href":"https:\/\/hi-techwonder.com\/es\/wp-json\/wp\/v2\/types\/product"}],"replies":[{"embeddable":true,"href":"https:\/\/hi-techwonder.com\/es\/wp-json\/wp\/v2\/comments?post=73683"}],"wp:featuredmedia":[{"embeddable":true,"href":"https:\/\/hi-techwonder.com\/es\/wp-json\/wp\/v2\/media\/27497"}],"wp:attachment":[{"href":"https:\/\/hi-techwonder.com\/es\/wp-json\/wp\/v2\/media?parent=73683"}],"wp:term":[{"taxonomy":"product_brand","embeddable":true,"href":"https:\/\/hi-techwonder.com\/es\/wp-json\/wp\/v2\/product_brand?post=73683"},{"taxonomy":"product_cat","embeddable":true,"href":"https:\/\/hi-techwonder.com\/es\/wp-json\/wp\/v2\/product_cat?post=73683"},{"taxonomy":"product_tag","embeddable":true,"href":"https:\/\/hi-techwonder.com\/es\/wp-json\/wp\/v2\/product_tag?post=73683"}],"curies":[{"name":"wp","href":"https:\/\/api.w.org\/{rel}","templated":true}]}}