{"id":73687,"date":"2025-07-28T23:46:16","date_gmt":"2025-07-28T23:46:16","guid":{"rendered":"https:\/\/fv6qoy3ls0.wpdns.site\/product\/sandisk-extreme-pro-micro-sdxc-128gb-200mb-s-a2-v30\/"},"modified":"2026-04-24T14:26:46","modified_gmt":"2026-04-24T13:26:46","slug":"sandisk-extreme-pro-micro-sdxc-128gb-200mb-s-a2-v30","status":"publish","type":"product","link":"https:\/\/hi-techwonder.com\/es\/producto\/sandisk-extreme-pro-micro-sdxc-128gb-200mb-s-a2-v30\/","title":{"rendered":"SANDISK Extreme Pro Micro SDXC 128GB 200MB\/s A2 V30"},"content":{"rendered":"<p><strong>SANDISK Extreme Pro Micro SDXC 128GB 200MB\/s A2 V30<\/strong><\/p>\n<p><strong>Lo suficientemente r\u00e1pido como para seguir el ritmo de la acci\u00f3n<\/strong><\/p>\n<p>Obtenga velocidades extremas de una memoria microSDXC\u2122 para una transferencia r\u00e1pida, rendimiento de aplicaciones y 4K UHD. Ideal para su tel\u00e9fono inteligente Android\u2122, c\u00e1maras de acci\u00f3n o drones, esta tarjeta microSD SDXC Extreme Pro de alto rendimiento graba video 4K UHD, video Full HD y fotos de alta resoluci\u00f3n. La tarjeta de memoria microSDXC\u2122 SanDisk Extreme PRO s\u00faper r\u00e1pida alcanza velocidades de lectura de hasta 200 MB\/s y escribe hasta 140 MB\/s. Adem\u00e1s, tiene una clasificaci\u00f3n A2 para que puedas tener un rendimiento r\u00e1pido de las aplicaciones para una experiencia de smartphone excepcional.   <\/p>\n<p><strong>Aumente la eficiencia de su flujo de trabajo<\/strong><\/p>\n<p>Con tecnolog\u00eda SanDisk QuickFlow, esta tarjeta optimiza el rendimiento para descargas de medios que ahorran tiempo con velocidades de lectura de hasta 200 MB\/s (64 GB &#8211; 1 TB). Comb\u00ednalo con SanDisk Professional PRO-READER SD y microSD\u2122 para obtener velocidades m\u00e1ximas (se venden por separado). <\/p>\n<p><strong>Velocidades de escritura de hasta 140 MB\/s<\/strong><\/p>\n<p>Captura fotos de acci\u00f3n r\u00e1pida o graba videos 4K UHD con velocidades de escritura de hasta 140 MB\/s. La tarjeta microSDXC SanDisk Extreme PRO UHS-I te permite capturar m\u00e1s y m\u00e1s r\u00e1pido. <\/p>\n<p><strong>Excelente para la captura de video 4K UHD<\/strong><\/p>\n<p>Ideal para fotografiar aventuras al aire libre, viajes de fin de semana o eventos deportivos sin perder encuadres. Con hasta 1 TB, la tarjeta microSD SanDisk Extreme PRO UHS-I te permite capturar video 4K UHD y Full HD ininterrumpido con sus clasificaciones UHS Speed Class 3 (U3) y Video Speed Class 30 (V30). <\/p>\n<p><strong>Carga aplicaciones m\u00e1s r\u00e1pido con A2<\/strong><\/p>\n<p>Obtenga un rendimiento m\u00e1s r\u00e1pido de la aplicaci\u00f3n para una experiencia de tel\u00e9fono inteligente excepcional gracias a la especificaci\u00f3n A2 de la tarjeta microSD SanDisk Extreme PRO.<\/p>\n<p><strong>Dise\u00f1o duradero para su uso en entornos extremos<\/strong><\/p>\n<p>Las tarjetas microSDHC\u2122 y microSDXC\u2122 SanDisk Extreme PRO UHS-I son a prueba de golpes, temperaturas extremas, resistencia al agua y a los rayos X, para que puedas disfrutar de tus aventuras sin preocuparte por la durabilidad de tu tarjeta de memoria.<\/p>\n<p><strong>Caracter\u00edsticas t\u00e9cnicas:<\/strong><\/p>\n<div id=\"accordion_text_full_specification\" class=\"accordion-content \" style=\"box-sizing: inherit; border: 0px solid #f6f6f6; font-family: Roboto, sans-serif; font-size: 16px; background-color: #ffffff;\" aria-labelledby=\"accordion_text_full_specification_label\">\n<div class=\"accordion-vue\" style=\"box-sizing: inherit; border: 0px solid #f6f6f6;\">\n<div class=\"accordianText-showless\" style=\"box-sizing: inherit; border: 0px solid #f6f6f6; position: relative;\">\n<div class=\"accordianText-content\" style=\"box-sizing: inherit; border: 0px solid #f6f6f6; overflow: hidden; transition: all 0.3s linear 0s;\">\n<div class=\"mb-6\" style=\"box-sizing: inherit; border: 0px solid #f6f6f6; margin-bottom: 1.5rem;\">\n<div class=\"product-tech-specs-store parbase\" style=\"box-sizing: inherit; border: 0px solid #f6f6f6;\">\n<div class=\"section component-product-tech-specs-store \" style=\"box-sizing: inherit; border: 0px solid #f6f6f6;\">\n<div class=\"product-tech-specs-store\" style=\"box-sizing: inherit; border: 0px solid #f6f6f6;\">\n<div class=\"bg-even-odd mb-6 active accordion-open\" style=\"box-sizing: inherit; border: 0px solid #f6f6f6; margin-bottom: 1.5rem;\" data-sku=\"SDSQXCD-128G-GN6MA\">\n<div class=\"target-even-odd border-b border-grey-light flex items-center pl-7 pb-3 pt-4 overflow-hidden\" style=\"box-sizing: inherit; border-width: 0px 0px 1px; border-style: solid; border-color: #e6e6e6; border-image: initial; display: flex; align-items: center; overflow: hidden; padding-bottom: 0.75rem; padding-top: 1rem; padding-left: 1.75rem; background-color: #f8f8f8;\">\n<div class=\"flex-1 text-sm inheritPara\" style=\"box-sizing: inherit; border: 0px solid #f6f6f6; flex: 1 1 0%; font-size: 1rem;\">Capacidad<\/div>\n<div class=\"flex-1 md:block \" style=\"box-sizing: inherit; border: 0px solid #f6f6f6; flex: 1 1 0%;\">\n<div class=\"flex-1 inheritPara text-sm leading-tight\" style=\"box-sizing: inherit; border: 0px solid #f6f6f6; flex: 1 1 0%; line-height: 1.2; font-size: 1rem;\">128 GB<\/div>\n<\/div>\n<\/div>\n<div class=\"target-even-odd border-b border-grey-light flex items-center pl-7 pb-3 pt-4 overflow-hidden\" style=\"box-sizing: inherit; border-width: 0px 0px 1px; border-style: solid; border-color: #e6e6e6; border-image: initial; display: flex; align-items: center; overflow: hidden; padding-bottom: 0.75rem; padding-top: 1rem; padding-left: 1.75rem;\">\n<div class=\"flex-1 text-sm inheritPara\" style=\"box-sizing: inherit; border: 0px solid #f6f6f6; flex: 1 1 0%; font-size: 1rem;\">Compatibilidad<\/div>\n<div class=\"flex-1 md:block \" style=\"box-sizing: inherit; border: 0px solid #f6f6f6; flex: 1 1 0%;\">\n<div class=\"flex-1 inheritPara text-sm leading-tight\" style=\"box-sizing: inherit; border: 0px solid #f6f6f6; flex: 1 1 0%; line-height: 1.2; font-size: 1rem;\">\n<p style=\"box-sizing: inherit; border: 0px solid #f6f6f6; margin: 0px; font-size: inherit; line-height: 1.5; font-weight: inherit;\">Compatible con dispositivos host compatibles con microSDHC, microSDXC, microSDHC UHS-I y microSDXC UHS-I<\/p>\n<\/div>\n<\/div>\n<\/div>\n<div class=\"target-even-odd border-b border-grey-light flex items-center pl-7 pb-3 pt-4 overflow-hidden\" style=\"box-sizing: inherit; border-width: 0px 0px 1px; border-style: solid; border-color: #e6e6e6; border-image: initial; display: flex; align-items: center; overflow: hidden; padding-bottom: 0.75rem; padding-top: 1rem; padding-left: 1.75rem; background-color: #f8f8f8;\">\n<div class=\"flex-1 text-sm inheritPara\" style=\"box-sizing: inherit; border: 0px solid #f6f6f6; flex: 1 1 0%; font-size: 1rem;\">Dimensiones (largo x ancho x alto)<\/div>\n<div class=\"flex-1 md:block \" style=\"box-sizing: inherit; border: 0px solid #f6f6f6; flex: 1 1 0%;\">\n<div class=\"flex-1 inheritPara text-sm leading-tight\" style=\"box-sizing: inherit; border: 0px solid #f6f6f6; flex: 1 1 0%; line-height: 1.2; font-size: 1rem;\">0.43&#8243; x 0.59&#8243; x 0.04&#8243;<\/div>\n<\/div>\n<\/div>\n<div class=\"target-even-odd border-b border-grey-light flex items-center pl-7 pb-3 pt-4 overflow-hidden\" style=\"box-sizing: inherit; border-width: 0px 0px 1px; border-style: solid; border-color: #e6e6e6; border-image: initial; display: flex; align-items: center; overflow: hidden; padding-bottom: 0.75rem; padding-top: 1rem; padding-left: 1.75rem;\">\n<div class=\"flex-1 text-sm inheritPara\" style=\"box-sizing: inherit; border: 0px solid #f6f6f6; flex: 1 1 0%; font-size: 1rem;\">Rendimiento de lectura secuencial<\/div>\n<div class=\"flex-1 md:block \" style=\"box-sizing: inherit; border: 0px solid #f6f6f6; flex: 1 1 0%;\">\n<div class=\"flex-1 inheritPara text-sm leading-tight\" style=\"box-sizing: inherit; border: 0px solid #f6f6f6; flex: 1 1 0%; line-height: 1.2; font-size: 1rem;\">Hasta 200 MB\/s<\/div>\n<\/div>\n<\/div>\n<div class=\"slide-elements overflow-hidden\" style=\"box-sizing: inherit; border: 0px solid #f6f6f6; overflow: hidden; max-height: 600px; transition: all 0.6s ease-in-out 0s; margin-bottom: 22px;\">\n<div class=\"target-even-odd border-b border-grey-light flex items-center pl-7 pb-3 pt-4 overflow-hidden\" style=\"box-sizing: inherit; border-width: 0px 0px 1px; border-style: solid; border-color: #e6e6e6; border-image: initial; display: flex; align-items: center; overflow: hidden; padding-bottom: 0.75rem; padding-top: 1rem; padding-left: 1.75rem; background-color: #f8f8f8;\">\n<div class=\"flex-1 text-sm inheritPara\" style=\"box-sizing: inherit; border: 0px solid #f6f6f6; flex: 1 1 0%; font-size: 1rem;\">Rendimiento de escritura secuencial<\/div>\n<div class=\"flex-1 md:block \" style=\"box-sizing: inherit; border: 0px solid #f6f6f6; flex: 1 1 0%;\">\n<div class=\"flex-1 inheritPara text-sm leading-tight\" style=\"box-sizing: inherit; border: 0px solid #f6f6f6; flex: 1 1 0%; line-height: 1.2; font-size: 1rem;\">Hasta 90 MB\/s<\/div>\n<\/div>\n<\/div>\n<\/div>\n<\/div>\n<\/div>\n<\/div>\n<\/div>\n<\/div>\n<\/div>\n<\/div>\n<\/div>\n<\/div>\n","protected":false},"excerpt":{"rendered":"<p>SANDISK Extreme Pro Micro SDXC 128GB 200MB\/s A2 V30 Lo suficientemente r\u00e1pido como para seguir el ritmo de la acci\u00f3n<\/p>\n","protected":false},"featured_media":27491,"comment_status":"closed","ping_status":"closed","template":"","meta":{"_acf_changed":false},"product_brand":[2612],"product_cat":[1031],"product_tag":[],"class_list":{"0":"post-73687","1":"product","2":"type-product","3":"status-publish","4":"has-post-thumbnail","6":"product_brand-sandisk-es","7":"product_cat-tarjetas-micro-sd","9":"first","10":"instock","11":"taxable","12":"shipping-taxable","13":"purchasable","14":"product-type-simple"},"bundled_by":[],"bundle_stock_status":"instock","bundle_stock_quantity":1,"bundle_virtual":false,"bundle_layout":"","bundle_add_to_cart_form_location":"","bundle_editable_in_cart":false,"bundle_sold_individually_context":"","bundle_item_grouping":"","bundle_min_size":"","bundle_max_size":"","bundle_price":[],"bundled_items":[],"bundle_sell_ids":[],"acf":[],"_links":{"self":[{"href":"https:\/\/hi-techwonder.com\/es\/wp-json\/wp\/v2\/product\/73687","targetHints":{"allow":["GET"]}}],"collection":[{"href":"https:\/\/hi-techwonder.com\/es\/wp-json\/wp\/v2\/product"}],"about":[{"href":"https:\/\/hi-techwonder.com\/es\/wp-json\/wp\/v2\/types\/product"}],"replies":[{"embeddable":true,"href":"https:\/\/hi-techwonder.com\/es\/wp-json\/wp\/v2\/comments?post=73687"}],"wp:featuredmedia":[{"embeddable":true,"href":"https:\/\/hi-techwonder.com\/es\/wp-json\/wp\/v2\/media\/27491"}],"wp:attachment":[{"href":"https:\/\/hi-techwonder.com\/es\/wp-json\/wp\/v2\/media?parent=73687"}],"wp:term":[{"taxonomy":"product_brand","embeddable":true,"href":"https:\/\/hi-techwonder.com\/es\/wp-json\/wp\/v2\/product_brand?post=73687"},{"taxonomy":"product_cat","embeddable":true,"href":"https:\/\/hi-techwonder.com\/es\/wp-json\/wp\/v2\/product_cat?post=73687"},{"taxonomy":"product_tag","embeddable":true,"href":"https:\/\/hi-techwonder.com\/es\/wp-json\/wp\/v2\/product_tag?post=73687"}],"curies":[{"name":"wp","href":"https:\/\/api.w.org\/{rel}","templated":true}]}}