{"id":73691,"date":"2025-07-29T00:18:17","date_gmt":"2025-07-29T00:18:17","guid":{"rendered":"https:\/\/fv6qoy3ls0.wpdns.site\/product\/seawag-8-bolsa-impermeable-para-tableta-negro-negro\/"},"modified":"2026-01-09T16:30:31","modified_gmt":"2026-01-09T16:30:31","slug":"seawag-8-bolsa-impermeable-para-tableta-negro-negro","status":"publish","type":"product","link":"https:\/\/hi-techwonder.com\/es\/producto\/seawag-8-bolsa-impermeable-para-tableta-negro-negro\/","title":{"rendered":"SEAWAG 8&#8243; Bolsa impermeable para tableta &#8211; Negro\/Negro"},"content":{"rendered":"<p><strong>SEAWAG 8&#8243; Bolsa impermeable para tableta &#8211; Negro\/Negro<\/strong><\/p>\n<p>Modelo: SEAWAG_MINITABX<\/p>\n<p><strong>Funciones:<\/strong><\/p>\n<ul>\n<li>Compatible con la mayor\u00eda de las tabletas de hasta 8&#8243;<\/li>\n<li>100% resistente al agua para una inmersi\u00f3n total (IPX8)<\/li>\n<li>Protege tu tel\u00e9fono de la nieve<\/li>\n<li>Protege tu tel\u00e9fono del polvo, la arena y la suciedad<\/li>\n<li>Permite la accesibilidad a las funciones y la pantalla t\u00e1ctil<\/li>\n<li>Te permite tomar fotos y videos bajo el agua<\/li>\n<\/ul>\n<p><strong>Contenido del paquete:<\/strong><\/p>\n<ul>\n<li>Bolsa impermeable para tableta de 8&#8243; &#8211; Negro\/Negro<\/li>\n<li>Correa para el cuello<\/li>\n<\/ul>\n<p>La funda impermeable Seawag ser\u00e1 la compa\u00f1era ideal durante las sesiones de agua, protegiendo tu Tablet. Esta bolsa es herm\u00e9tica, 100% impermeable para una inmersi\u00f3n total. Para que tu tableta est\u00e9 protegida dondequiera que vayas.  <\/p>\n<p>Su dise\u00f1o y apariencia transparentes permite un f\u00e1cil acceso a todas las funciones de la tableta sin tener que sacarla de la bolsa. La pantalla t\u00e1ctil sigue siendo accesible incluso dentro de la carcasa. \u00dasalo bajo el agua y toma fotos y videos incre\u00edbles.  <\/p>\n","protected":false},"excerpt":{"rendered":"<p>SEAWAG 8&#8243; Bolsa impermeable para tableta &#8211; Negro\/Negro Modelo: SEAWAG_MINITABX Funciones: Compatible con la mayor\u00eda de las tabletas de hasta<\/p>\n","protected":false},"featured_media":37527,"comment_status":"closed","ping_status":"open","template":"","meta":{"_acf_changed":false},"product_brand":[2656],"product_cat":[913],"product_tag":[],"class_list":{"0":"post-73691","1":"product","2":"type-product","3":"status-publish","4":"has-post-thumbnail","6":"product_brand-seawag-es","7":"product_cat-para-smartphone-es","9":"first","10":"instock","11":"taxable","12":"shipping-taxable","13":"purchasable","14":"product-type-simple"},"bundled_by":[],"bundle_stock_status":"instock","bundle_stock_quantity":1,"bundle_virtual":false,"bundle_layout":"","bundle_add_to_cart_form_location":"","bundle_editable_in_cart":false,"bundle_sold_individually_context":"","bundle_item_grouping":"","bundle_min_size":"","bundle_max_size":"","bundle_price":[],"bundled_items":[],"bundle_sell_ids":[],"acf":[],"_links":{"self":[{"href":"https:\/\/hi-techwonder.com\/es\/wp-json\/wp\/v2\/product\/73691","targetHints":{"allow":["GET"]}}],"collection":[{"href":"https:\/\/hi-techwonder.com\/es\/wp-json\/wp\/v2\/product"}],"about":[{"href":"https:\/\/hi-techwonder.com\/es\/wp-json\/wp\/v2\/types\/product"}],"replies":[{"embeddable":true,"href":"https:\/\/hi-techwonder.com\/es\/wp-json\/wp\/v2\/comments?post=73691"}],"wp:featuredmedia":[{"embeddable":true,"href":"https:\/\/hi-techwonder.com\/es\/wp-json\/wp\/v2\/media\/37527"}],"wp:attachment":[{"href":"https:\/\/hi-techwonder.com\/es\/wp-json\/wp\/v2\/media?parent=73691"}],"wp:term":[{"taxonomy":"product_brand","embeddable":true,"href":"https:\/\/hi-techwonder.com\/es\/wp-json\/wp\/v2\/product_brand?post=73691"},{"taxonomy":"product_cat","embeddable":true,"href":"https:\/\/hi-techwonder.com\/es\/wp-json\/wp\/v2\/product_cat?post=73691"},{"taxonomy":"product_tag","embeddable":true,"href":"https:\/\/hi-techwonder.com\/es\/wp-json\/wp\/v2\/product_tag?post=73691"}],"curies":[{"name":"wp","href":"https:\/\/api.w.org\/{rel}","templated":true}]}}